{"id":581465,"date":"2023-02-06T19:59:00","date_gmt":"2023-02-06T18:59:00","guid":{"rendered":"https:\/\/tilefly.com\/producto\/bellevue-tz-white-light-333x90-rect\/"},"modified":"2025-10-21T19:52:39","modified_gmt":"2025-10-21T17:52:39","slug":"bellevue-tz-white-light-333x90-rect","status":"publish","type":"product","link":"https:\/\/tilefly.com\/it\/prodotto\/bellevue-tz-white-light-333x90-rect\/","title":{"rendered":"BELLEVUE TZ WHITE LIGHT 33,3X90 RECT"},"content":{"rendered":"<h1><strong>Piastrella Rivestimento in pasta bianca Bellevue Tz White Light 33,3X90 Rett<\/strong><\/h1><p>Questa <a href=\"https:\/\/tilefly.com\/it\/piastrelle\/\">piastrella<\/a> della serie Bellevue in formato 33,3X90 \u00e8 una piastrella Rivestimento in pasta bianca di colore Bianco con finitura Opaca.<\/p><h2>Serie Bellevue<\/h2><p>Collezione di piastrelle effetto pietra <a href=\"https:\/\/tilefly.com\/it\/prodotto\/bellevue\/\">Bellevue<\/a><\/p><p>L&#8217;eleganza raffinata della pietra riprende vita in un ambiente carico di grande bellezza visiva!<\/p><p>La collezione fa riferimento alla pietra naturale di Burlington, ma portata al minimalismo. Sfondo compatto con movimenti sottili che gli conferiscono dinamismo e venature sottili dei migliori tagli. Risveglia emozioni e comunica passione. Atemporale che si distingue per la sua semplicit\u00e0, perch\u00e9 non domina gli spazi, ma lascia fluire le personalit\u00e0.<\/p>","protected":false},"excerpt":{"rendered":"<p>Piastrella Rivestimento in pasta bianca Bellevue Tz White Light 33,3X90 RettQuesta piastrella della serie Bellevue in formato 33,3X90 \u00e8 una piastrella Rivestimento in pasta bianca di colore Bianco con finitura Opaca.Serie BellevueCollezione di piastrelle effetto pietra BellevueL&#8217;eleganza raffinata della pietra riprende vita in un ambiente carico di grande bellezza visiva!La collezione fa riferimento alla pietra [&hellip;]<\/p>\n","protected":false},"featured_media":522794,"comment_status":"open","ping_status":"closed","template":"","meta":[],"product_brand":[],"product_cat":[846],"product_tag":[],"class_list":{"0":"post-581465","1":"product","2":"type-product","3":"status-publish","4":"has-post-thumbnail","6":"product_cat-piastrelle","8":"first","9":"instock","10":"shipping-taxable","11":"purchasable","12":"product-type-simple"},"_links":{"self":[{"href":"https:\/\/tilefly.com\/it\/wp-json\/wp\/v2\/product\/581465","targetHints":{"allow":["GET"]}}],"collection":[{"href":"https:\/\/tilefly.com\/it\/wp-json\/wp\/v2\/product"}],"about":[{"href":"https:\/\/tilefly.com\/it\/wp-json\/wp\/v2\/types\/product"}],"replies":[{"embeddable":true,"href":"https:\/\/tilefly.com\/it\/wp-json\/wp\/v2\/comments?post=581465"}],"wp:featuredmedia":[{"embeddable":true,"href":"https:\/\/tilefly.com\/it\/wp-json\/wp\/v2\/media\/522794"}],"wp:attachment":[{"href":"https:\/\/tilefly.com\/it\/wp-json\/wp\/v2\/media?parent=581465"}],"wp:term":[{"taxonomy":"product_brand","embeddable":true,"href":"https:\/\/tilefly.com\/it\/wp-json\/wp\/v2\/product_brand?post=581465"},{"taxonomy":"product_cat","embeddable":true,"href":"https:\/\/tilefly.com\/it\/wp-json\/wp\/v2\/product_cat?post=581465"},{"taxonomy":"product_tag","embeddable":true,"href":"https:\/\/tilefly.com\/it\/wp-json\/wp\/v2\/product_tag?post=581465"}],"curies":[{"name":"wp","href":"https:\/\/api.w.org\/{rel}","templated":true}]}}