{"id":581452,"date":"2023-03-20T11:50:43","date_gmt":"2023-03-20T10:50:43","guid":{"rendered":"https:\/\/tilefly.com\/producto\/navy-20x20\/"},"modified":"2025-10-21T19:51:28","modified_gmt":"2025-10-21T17:51:28","slug":"navy-20x20","status":"publish","type":"product","link":"https:\/\/tilefly.com\/it\/prodotto\/navy-20x20\/","title":{"rendered":"NAVY 20X20"},"content":{"rendered":"<h2>Piastrella in gres porcellanato, formato 20\u00d720cm, in un&#8217;intensa tonalit\u00e0 blu navy.<\/h2><p>Con la luce e la freschezza delle isole greche, DORIA aggiorna i design in stile retr\u00f2, apportando nuove forme e colori che potenziano l&#8217;energia dello spazio. DORIA \u00e8 un dialogo di toni solidi e vibranti, dove il senape, l&#8217;acquamarina o il blu navy giocano su uno sfondo bianco e luminoso, sfumato da tocchi di grigio e nero. Una proposta con molta forza che riempir\u00e0 di vita il tuo nuovo spazio.<\/p><ul><li>Pavimento e parete<\/li><li>Interno ed esterno<\/li><li>Morbido e antiscivolo<\/li><\/ul>","protected":false},"excerpt":{"rendered":"<p>Piastrella in gres porcellanato, formato 20\u00d720cm, in un&#8217;intensa tonalit\u00e0 blu navy.Con la luce e la freschezza delle isole greche, DORIA aggiorna i design in stile retr\u00f2, apportando nuove forme e colori che potenziano l&#8217;energia dello spazio. DORIA \u00e8 un dialogo di toni solidi e vibranti, dove il senape, l&#8217;acquamarina o il blu navy giocano su [&hellip;]<\/p>\n","protected":false},"featured_media":523100,"comment_status":"closed","ping_status":"closed","template":"","meta":[],"product_brand":[],"product_cat":[847,848,846,827,866],"product_tag":[],"class_list":{"0":"post-581452","1":"product","2":"type-product","3":"status-publish","4":"has-post-thumbnail","6":"product_cat-bagni","7":"product_cat-cucine","8":"product_cat-piastrelle","9":"product_cat-rivestimento","10":"product_cat-salotto","12":"first","13":"instock","14":"shipping-taxable","15":"purchasable","16":"product-type-simple"},"_links":{"self":[{"href":"https:\/\/tilefly.com\/it\/wp-json\/wp\/v2\/product\/581452","targetHints":{"allow":["GET"]}}],"collection":[{"href":"https:\/\/tilefly.com\/it\/wp-json\/wp\/v2\/product"}],"about":[{"href":"https:\/\/tilefly.com\/it\/wp-json\/wp\/v2\/types\/product"}],"replies":[{"embeddable":true,"href":"https:\/\/tilefly.com\/it\/wp-json\/wp\/v2\/comments?post=581452"}],"wp:featuredmedia":[{"embeddable":true,"href":"https:\/\/tilefly.com\/it\/wp-json\/wp\/v2\/media\/523100"}],"wp:attachment":[{"href":"https:\/\/tilefly.com\/it\/wp-json\/wp\/v2\/media?parent=581452"}],"wp:term":[{"taxonomy":"product_brand","embeddable":true,"href":"https:\/\/tilefly.com\/it\/wp-json\/wp\/v2\/product_brand?post=581452"},{"taxonomy":"product_cat","embeddable":true,"href":"https:\/\/tilefly.com\/it\/wp-json\/wp\/v2\/product_cat?post=581452"},{"taxonomy":"product_tag","embeddable":true,"href":"https:\/\/tilefly.com\/it\/wp-json\/wp\/v2\/product_tag?post=581452"}],"curies":[{"name":"wp","href":"https:\/\/api.w.org\/{rel}","templated":true}]}}