{"id":581449,"date":"2023-03-22T15:56:48","date_gmt":"2023-03-22T14:56:48","guid":{"rendered":"https:\/\/tilefly.com\/producto\/rambla-20x20\/"},"modified":"2025-10-21T19:51:12","modified_gmt":"2025-10-21T17:51:12","slug":"rambla-20x20","status":"publish","type":"product","link":"https:\/\/tilefly.com\/it\/prodotto\/rambla-20x20\/","title":{"rendered":"RAMBLA 20X20"},"content":{"rendered":"<h2>Piastrella in gres porcellanato effetto cementine, formato 20\u00d720cm, con un moderno motivo di fiori in tonalit\u00e0 grigio, blu e nero.<\/h2><p>Ispirata all&#8217;universo dell&#8217;iconico architetto di fama mondiale, GAUD\u00cd \u00e8 una serie di <a href=\"https:\/\/tilefly.com\/it\/piastrelle\/\">piastrelle<\/a> effetto cementine che combina i suoi ipnotici motivi decorativi con un&#8217;intensa palette di colori. Questa serie promette di trasportarti nel mondo di Gaud\u00ed, dove la geometria e la natura si fondono in modo armonioso.<\/p>","protected":false},"excerpt":{"rendered":"<p>Piastrella in gres porcellanato effetto cementine, formato 20\u00d720cm, con un moderno motivo di fiori in tonalit\u00e0 grigio, blu e nero.Ispirata all&#8217;universo dell&#8217;iconico architetto di fama mondiale, GAUD\u00cd \u00e8 una serie di piastrelle effetto cementine che combina i suoi ipnotici motivi decorativi con un&#8217;intensa palette di colori. Questa serie promette di trasportarti nel mondo di Gaud\u00ed, [&hellip;]<\/p>\n","protected":false},"featured_media":523134,"comment_status":"closed","ping_status":"closed","template":"","meta":[],"product_brand":[],"product_cat":[847,848,846,827,866],"product_tag":[],"class_list":{"0":"post-581449","1":"product","2":"type-product","3":"status-publish","4":"has-post-thumbnail","6":"product_cat-bagni","7":"product_cat-cucine","8":"product_cat-piastrelle","9":"product_cat-rivestimento","10":"product_cat-salotto","12":"first","13":"instock","14":"shipping-taxable","15":"purchasable","16":"product-type-simple"},"_links":{"self":[{"href":"https:\/\/tilefly.com\/it\/wp-json\/wp\/v2\/product\/581449","targetHints":{"allow":["GET"]}}],"collection":[{"href":"https:\/\/tilefly.com\/it\/wp-json\/wp\/v2\/product"}],"about":[{"href":"https:\/\/tilefly.com\/it\/wp-json\/wp\/v2\/types\/product"}],"replies":[{"embeddable":true,"href":"https:\/\/tilefly.com\/it\/wp-json\/wp\/v2\/comments?post=581449"}],"wp:featuredmedia":[{"embeddable":true,"href":"https:\/\/tilefly.com\/it\/wp-json\/wp\/v2\/media\/523134"}],"wp:attachment":[{"href":"https:\/\/tilefly.com\/it\/wp-json\/wp\/v2\/media?parent=581449"}],"wp:term":[{"taxonomy":"product_brand","embeddable":true,"href":"https:\/\/tilefly.com\/it\/wp-json\/wp\/v2\/product_brand?post=581449"},{"taxonomy":"product_cat","embeddable":true,"href":"https:\/\/tilefly.com\/it\/wp-json\/wp\/v2\/product_cat?post=581449"},{"taxonomy":"product_tag","embeddable":true,"href":"https:\/\/tilefly.com\/it\/wp-json\/wp\/v2\/product_tag?post=581449"}],"curies":[{"name":"wp","href":"https:\/\/api.w.org\/{rel}","templated":true}]}}