{"id":581429,"date":"2023-04-14T10:33:56","date_gmt":"2023-04-14T08:33:56","guid":{"rendered":"https:\/\/tilefly.com\/producto\/talent-cemento-mt-45x45-inout\/"},"modified":"2025-10-21T19:49:24","modified_gmt":"2025-10-21T17:49:24","slug":"talent-cemento-mt-45x45-inout","status":"publish","type":"product","link":"https:\/\/tilefly.com\/it\/prodotto\/talent-cemento-mt-45x45-inout\/","title":{"rendered":"TALENT CEMENTO MT 45X45 INOUT"},"content":{"rendered":"<div class=\"woocommerce-tabs wc-tabs-wrapper\"><div id=\"tab-description\" class=\"woocommerce-Tabs-panel woocommerce-Tabs-panel--description panel entry-content wc-tab\" role=\"tabpanel\" aria-labelledby=\"tab-title-description\"><p>Questa Piastrella in Gr\u00e8s Porcellanato della serie TALENT si distingue per il suo materiale in Gr\u00e8s Porcellanato Smaltato, uno dei pi\u00f9 resistenti sul mercato, ha una texture effetto cemento con finitura Opaca in formato 45X45<br \/>Questa <a href=\"https:\/\/tilefly.com\/it\/piastrelle\/\">piastrella<\/a> \u00e8 dotata di tecnologia INOUT, una caratteristica del materiale che lo rende morbido al tatto e allo stesso tempo \u00e8 antiscivolo tra C2-C3 e R10-R11, ideale per l&#8217;installazione all&#8217;interno e all&#8217;esterno della casa<\/p><\/div><\/div>","protected":false},"excerpt":{"rendered":"<p>Questa Piastrella in Gr\u00e8s Porcellanato della serie TALENT si distingue per il suo materiale in Gr\u00e8s Porcellanato Smaltato, uno dei pi\u00f9 resistenti sul mercato, ha una texture effetto cemento con finitura Opaca in formato 45X45Questa piastrella \u00e8 dotata di tecnologia INOUT, una caratteristica del materiale che lo rende morbido al tatto e allo stesso tempo [&hellip;]<\/p>\n","protected":false},"featured_media":523446,"comment_status":"closed","ping_status":"closed","template":"","meta":[],"product_brand":[],"product_cat":[847,848,846,866],"product_tag":[],"class_list":{"0":"post-581429","1":"product","2":"type-product","3":"status-publish","4":"has-post-thumbnail","6":"product_cat-bagni","7":"product_cat-cucine","8":"product_cat-piastrelle","9":"product_cat-salotto","11":"first","12":"instock","13":"shipping-taxable","14":"purchasable","15":"product-type-simple"},"_links":{"self":[{"href":"https:\/\/tilefly.com\/it\/wp-json\/wp\/v2\/product\/581429","targetHints":{"allow":["GET"]}}],"collection":[{"href":"https:\/\/tilefly.com\/it\/wp-json\/wp\/v2\/product"}],"about":[{"href":"https:\/\/tilefly.com\/it\/wp-json\/wp\/v2\/types\/product"}],"replies":[{"embeddable":true,"href":"https:\/\/tilefly.com\/it\/wp-json\/wp\/v2\/comments?post=581429"}],"wp:featuredmedia":[{"embeddable":true,"href":"https:\/\/tilefly.com\/it\/wp-json\/wp\/v2\/media\/523446"}],"wp:attachment":[{"href":"https:\/\/tilefly.com\/it\/wp-json\/wp\/v2\/media?parent=581429"}],"wp:term":[{"taxonomy":"product_brand","embeddable":true,"href":"https:\/\/tilefly.com\/it\/wp-json\/wp\/v2\/product_brand?post=581429"},{"taxonomy":"product_cat","embeddable":true,"href":"https:\/\/tilefly.com\/it\/wp-json\/wp\/v2\/product_cat?post=581429"},{"taxonomy":"product_tag","embeddable":true,"href":"https:\/\/tilefly.com\/it\/wp-json\/wp\/v2\/product_tag?post=581429"}],"curies":[{"name":"wp","href":"https:\/\/api.w.org\/{rel}","templated":true}]}}