{"id":581423,"date":"2023-05-12T23:24:39","date_gmt":"2023-05-12T21:24:39","guid":{"rendered":"https:\/\/tilefly.com\/producto\/macba-palladium-23x26\/"},"modified":"2025-10-21T19:48:47","modified_gmt":"2025-10-21T17:48:47","slug":"macba-palladium-23x26","status":"publish","type":"product","link":"https:\/\/tilefly.com\/it\/prodotto\/macba-palladium-23x26\/","title":{"rendered":"Macba Palladium 23X26"},"content":{"rendered":"<h1><strong>MACBA PALLADIUM<\/strong><\/h1><\/p><h4> formato 23X26 della serie MACBA<\/h4><\/p><h5>Formati vari, colori sorprendenti.<\/h5><\/p><p> Un&#8217;antica leggenda giapponese, secondo la quale viene concesso un desiderio a colui che riesce a creare mille gru di carta, ispira la nostra collezione Klen. <\/p><h2>Serie Klen<\/h2><p> La sua base \u00e8 un cemento bombato molto morbido al tatto vellutato, ma la cosa pi\u00f9 caratteristica di questa serie \u00e8 il rilievo che riproduce \u008dgure di origami. La ceramica, in fondo, ha una relazione con l&#8217;arte della carta piegata: si fanno pezzi uno a uno, si piegano e poi si sommano per costruire l&#8217;oggetto. <\/p><h3>Un <a href=\"https:\/\/tilefly.com\/\">rivestimento<\/a> colorato e con formati moderni e sorprendenti pieni di design d&#8217;autore.<\/h3><p> La serie <a href=\"https:\/\/tilefly.com\/it\/prodotto\/klen\/\">Klen<\/a> \u00e8 disponibile in sei colori differenti: blue, terracota, pearl, white, paladium e grey. <\/p>","protected":false},"excerpt":{"rendered":"<p>MACBA PALLADIUM formato 23X26 della serie MACBAFormati vari, colori sorprendenti. Un&#8217;antica leggenda giapponese, secondo la quale viene concesso un desiderio a colui che riesce a creare mille gru di carta, ispira la nostra collezione Klen. Serie Klen La sua base \u00e8 un cemento bombato molto morbido al tatto vellutato, ma la cosa pi\u00f9 caratteristica di [&hellip;]<\/p>\n","protected":false},"featured_media":523667,"comment_status":"open","ping_status":"closed","template":"","meta":[],"product_brand":[],"product_cat":[867],"product_tag":[],"class_list":{"0":"post-581423","1":"product","2":"type-product","3":"status-publish","4":"has-post-thumbnail","6":"product_cat-senza-categoria","8":"first","9":"instock","10":"shipping-taxable","11":"purchasable","12":"product-type-simple"},"_links":{"self":[{"href":"https:\/\/tilefly.com\/it\/wp-json\/wp\/v2\/product\/581423","targetHints":{"allow":["GET"]}}],"collection":[{"href":"https:\/\/tilefly.com\/it\/wp-json\/wp\/v2\/product"}],"about":[{"href":"https:\/\/tilefly.com\/it\/wp-json\/wp\/v2\/types\/product"}],"replies":[{"embeddable":true,"href":"https:\/\/tilefly.com\/it\/wp-json\/wp\/v2\/comments?post=581423"}],"wp:featuredmedia":[{"embeddable":true,"href":"https:\/\/tilefly.com\/it\/wp-json\/wp\/v2\/media\/523667"}],"wp:attachment":[{"href":"https:\/\/tilefly.com\/it\/wp-json\/wp\/v2\/media?parent=581423"}],"wp:term":[{"taxonomy":"product_brand","embeddable":true,"href":"https:\/\/tilefly.com\/it\/wp-json\/wp\/v2\/product_brand?post=581423"},{"taxonomy":"product_cat","embeddable":true,"href":"https:\/\/tilefly.com\/it\/wp-json\/wp\/v2\/product_cat?post=581423"},{"taxonomy":"product_tag","embeddable":true,"href":"https:\/\/tilefly.com\/it\/wp-json\/wp\/v2\/product_tag?post=581423"}],"curies":[{"name":"wp","href":"https:\/\/api.w.org\/{rel}","templated":true}]}}