{"id":581412,"date":"2023-05-12T23:25:20","date_gmt":"2023-05-12T21:25:20","guid":{"rendered":"https:\/\/tilefly.com\/producto\/sunny-obsidiana-23x26\/"},"modified":"2025-10-21T19:47:35","modified_gmt":"2025-10-21T17:47:35","slug":"sunny-obsidiana-23x26","status":"publish","type":"product","link":"https:\/\/tilefly.com\/it\/prodotto\/sunny-obsidiana-23x26\/","title":{"rendered":"Sunny Obsidiana 23X26"},"content":{"rendered":"<h1><strong>SUNNY OSSIDIANA<\/strong><\/h1><\/p><h4> formato 23X26 della serie MACBA<\/h4><\/p><h5>Formati vari, colori sorprendenti.<\/h5><\/p><p> Un&#8217;antica leggenda giapponese, secondo la quale viene concesso un desiderio a chi riesce a creare mille gru di carta, ispira la nostra collezione Klen. <\/p><h2>Serie Klen<\/h2><p> La sua base \u00e8 un cemento bombato molto morbido al tatto vellutato, ma la cosa pi\u00f9 caratteristica di questa serie \u00e8 il rilievo che riproduce figure di origami. La ceramica, alla fine, \u00e8 legata all&#8217;arte della carta piegata: i pezzi vengono realizzati uno ad uno, piegati e poi sommati per costruire l&#8217;oggetto. <\/p><h3>Una <a href=\"https:\/\/tilefly.com\/\"><a href=\"https:\/\/tilefly.com\/it\/piastrelle\/\">piastrella<\/a><\/a> colorata e con formati moderni e sorprendenti pieni di design d&#8217;autore.<\/h3><p> La serie <a href=\"https:\/\/tilefly.com\/it\/prodotto\/klen\/\">Klen<\/a> \u00e8 disponibile in sei colori diversi: blue, terracota, pearl, white, paladium e grey. <\/p>","protected":false},"excerpt":{"rendered":"<p>SUNNY OSSIDIANA formato 23X26 della serie MACBAFormati vari, colori sorprendenti. Un&#8217;antica leggenda giapponese, secondo la quale viene concesso un desiderio a chi riesce a creare mille gru di carta, ispira la nostra collezione Klen. Serie Klen La sua base \u00e8 un cemento bombato molto morbido al tatto vellutato, ma la cosa pi\u00f9 caratteristica di questa [&hellip;]<\/p>\n","protected":false},"featured_media":523810,"comment_status":"open","ping_status":"closed","template":"","meta":[],"product_brand":[],"product_cat":[847,848,846,827],"product_tag":[],"class_list":{"0":"post-581412","1":"product","2":"type-product","3":"status-publish","4":"has-post-thumbnail","6":"product_cat-bagni","7":"product_cat-cucine","8":"product_cat-piastrelle","9":"product_cat-rivestimento","11":"first","12":"instock","13":"shipping-taxable","14":"purchasable","15":"product-type-simple"},"_links":{"self":[{"href":"https:\/\/tilefly.com\/it\/wp-json\/wp\/v2\/product\/581412","targetHints":{"allow":["GET"]}}],"collection":[{"href":"https:\/\/tilefly.com\/it\/wp-json\/wp\/v2\/product"}],"about":[{"href":"https:\/\/tilefly.com\/it\/wp-json\/wp\/v2\/types\/product"}],"replies":[{"embeddable":true,"href":"https:\/\/tilefly.com\/it\/wp-json\/wp\/v2\/comments?post=581412"}],"wp:featuredmedia":[{"embeddable":true,"href":"https:\/\/tilefly.com\/it\/wp-json\/wp\/v2\/media\/523810"}],"wp:attachment":[{"href":"https:\/\/tilefly.com\/it\/wp-json\/wp\/v2\/media?parent=581412"}],"wp:term":[{"taxonomy":"product_brand","embeddable":true,"href":"https:\/\/tilefly.com\/it\/wp-json\/wp\/v2\/product_brand?post=581412"},{"taxonomy":"product_cat","embeddable":true,"href":"https:\/\/tilefly.com\/it\/wp-json\/wp\/v2\/product_cat?post=581412"},{"taxonomy":"product_tag","embeddable":true,"href":"https:\/\/tilefly.com\/it\/wp-json\/wp\/v2\/product_tag?post=581412"}],"curies":[{"name":"wp","href":"https:\/\/api.w.org\/{rel}","templated":true}]}}