{"id":581349,"date":"2024-01-20T15:29:36","date_gmt":"2024-01-20T14:29:36","guid":{"rendered":"https:\/\/tilefly.com\/producto\/caliope-beige-mt-60x60-rect-inout\/"},"modified":"2025-10-21T19:10:58","modified_gmt":"2025-10-21T17:10:58","slug":"caliope-beige-mt-60x60-rect-inout","status":"publish","type":"product","link":"https:\/\/tilefly.com\/it\/prodotto\/caliope-beige-mt-60x60-rect-inout\/","title":{"rendered":"CALIOPE BEIGE MT 60X60 RECT INOUT"},"content":{"rendered":"<h1><strong>Azulejo Porcel\u00e1nico Esmaltado CALIOPE BEIGE MT 60X60 RECT INOUT<\/strong><\/h1><p>Questa <a href=\"https:\/\/tilefly.com\/it\/piastrelle\/\">piastrella<\/a> della serie CALIOPE in formato 60X60 \u00e8 una piastrella in gres porcellanato smaltato di colore Beige con finitura opaca<\/p><p>+&#8217;<\/p><p>Questa piastrella \u00e8 dotata di tecnologia INOUT, una caratteristica del materiale che lo rende morbido al tatto e allo stesso tempo \u00e8 antiscivolo tra C2-C3 e R10-R11, ideale per l&#8217;installazione all&#8217;interno e all&#8217;esterno della casa.<\/p><p>n&#8217;<\/p><h2 id=\"caliope-beige-mt-60x60-rect-inout\">CALIOPE BEIGE MT 60X60 RECT INOUT<\/h2><p>La piastrella Caliope Beige MT da 60&#215;60 cm RECT INOUT aggiunge una dimensione di calore ed eleganza a qualsiasi spazio. Con la sua finitura opaca e un tono beige tenue, questa piastrella \u00e8 ideale per creare ambienti accoglienti e raffinati. Il suo formato pi\u00f9 grande offre una sensazione di continuit\u00e0 e ampiezza. Progettato per resistere all&#8217;uso intensivo sia in interni che in esterni, questo modello include una finitura antiscivolo C3\/R10, garantendo sicurezza e durata.<\/p>","protected":false},"excerpt":{"rendered":"<p>Azulejo Porcel\u00e1nico Esmaltado CALIOPE BEIGE MT 60X60 RECT INOUTQuesta piastrella della serie CALIOPE in formato 60X60 \u00e8 una piastrella in gres porcellanato smaltato di colore Beige con finitura opaca+&#8217;Questa piastrella \u00e8 dotata di tecnologia INOUT, una caratteristica del materiale che lo rende morbido al tatto e allo stesso tempo \u00e8 antiscivolo tra C2-C3 e R10-R11, [&hellip;]<\/p>\n","protected":false},"featured_media":525865,"comment_status":"open","ping_status":"closed","template":"","meta":[],"product_brand":[],"product_cat":[847,848,846,827],"product_tag":[],"class_list":{"0":"post-581349","1":"product","2":"type-product","3":"status-publish","4":"has-post-thumbnail","6":"product_cat-bagni","7":"product_cat-cucine","8":"product_cat-piastrelle","9":"product_cat-rivestimento","11":"first","12":"instock","13":"shipping-taxable","14":"purchasable","15":"product-type-simple"},"_links":{"self":[{"href":"https:\/\/tilefly.com\/it\/wp-json\/wp\/v2\/product\/581349","targetHints":{"allow":["GET"]}}],"collection":[{"href":"https:\/\/tilefly.com\/it\/wp-json\/wp\/v2\/product"}],"about":[{"href":"https:\/\/tilefly.com\/it\/wp-json\/wp\/v2\/types\/product"}],"replies":[{"embeddable":true,"href":"https:\/\/tilefly.com\/it\/wp-json\/wp\/v2\/comments?post=581349"}],"wp:featuredmedia":[{"embeddable":true,"href":"https:\/\/tilefly.com\/it\/wp-json\/wp\/v2\/media\/525865"}],"wp:attachment":[{"href":"https:\/\/tilefly.com\/it\/wp-json\/wp\/v2\/media?parent=581349"}],"wp:term":[{"taxonomy":"product_brand","embeddable":true,"href":"https:\/\/tilefly.com\/it\/wp-json\/wp\/v2\/product_brand?post=581349"},{"taxonomy":"product_cat","embeddable":true,"href":"https:\/\/tilefly.com\/it\/wp-json\/wp\/v2\/product_cat?post=581349"},{"taxonomy":"product_tag","embeddable":true,"href":"https:\/\/tilefly.com\/it\/wp-json\/wp\/v2\/product_tag?post=581349"}],"curies":[{"name":"wp","href":"https:\/\/api.w.org\/{rel}","templated":true}]}}