{"id":581348,"date":"2024-01-20T15:29:58","date_gmt":"2024-01-20T14:29:58","guid":{"rendered":"https:\/\/tilefly.com\/producto\/caliope-pearl-mt-60x60-rect-inout\/"},"modified":"2025-10-21T19:10:51","modified_gmt":"2025-10-21T17:10:51","slug":"caliope-pearl-mt-60x60-rect-inout","status":"publish","type":"product","link":"https:\/\/tilefly.com\/it\/prodotto\/caliope-pearl-mt-60x60-rect-inout\/","title":{"rendered":"CALIOPE PEARL MT 60X60 RECT INOUT"},"content":{"rendered":"<h1><strong>Piastrella in gres porcellanato smaltato CALIOPE PEARL MT 60X60 RECT INOUT<\/strong><\/h1><p>Questa <a href=\"https:\/\/tilefly.com\/it\/piastrelle\/\">piastrella<\/a> della serie CALIOPE in formato 60X60 \u00e8 una piastrella in gres porcellanato smaltato di colore Perla con finitura opaca<\/p><p>+&#8217;<\/p><p>Questa piastrella \u00e8 dotata di tecnologia INOUT, una caratteristica del materiale che lo rende morbido al tatto e allo stesso tempo \u00e8 antiscivolo tra C2-C3 e R10-R11, ideale per l&#8217;installazione sia all&#8217;interno che all&#8217;esterno della casa.<\/p><p>n&#8217;<\/p><h2 id=\"caliope-pearl-mt-60x60-rect-inout\">CALIOPE PEARL MT 60X60 RECT INOUT<\/h2><p>Sperimenta la sofisticazione con la piastrella Caliope Pearl MT da 60&#215;60 cm RECT INOUT. Questa piastrella, con una finitura opaca e una tonalit\u00e0 perlata sottile, aggiunge un tocco di eleganza e distinzione a qualsiasi spazio. Il suo grande formato \u00e8 perfetto per creare una sensazione di continuit\u00e0 e fluidit\u00e0 nel design. Dotata di una finitura antiscivolo C3\/R10, \u00e8 ideale per l&#8217;uso in una variet\u00e0 di spazi, sia interni che esterni, garantendo sicurezza e stile.<\/p>","protected":false},"excerpt":{"rendered":"<p>Piastrella in gres porcellanato smaltato CALIOPE PEARL MT 60X60 RECT INOUTQuesta piastrella della serie CALIOPE in formato 60X60 \u00e8 una piastrella in gres porcellanato smaltato di colore Perla con finitura opaca+&#8217;Questa piastrella \u00e8 dotata di tecnologia INOUT, una caratteristica del materiale che lo rende morbido al tatto e allo stesso tempo \u00e8 antiscivolo tra C2-C3 [&hellip;]<\/p>\n","protected":false},"featured_media":525891,"comment_status":"open","ping_status":"closed","template":"","meta":[],"product_brand":[],"product_cat":[847,848,846,827],"product_tag":[],"class_list":{"0":"post-581348","1":"product","2":"type-product","3":"status-publish","4":"has-post-thumbnail","6":"product_cat-bagni","7":"product_cat-cucine","8":"product_cat-piastrelle","9":"product_cat-rivestimento","11":"first","12":"instock","13":"shipping-taxable","14":"purchasable","15":"product-type-simple"},"_links":{"self":[{"href":"https:\/\/tilefly.com\/it\/wp-json\/wp\/v2\/product\/581348","targetHints":{"allow":["GET"]}}],"collection":[{"href":"https:\/\/tilefly.com\/it\/wp-json\/wp\/v2\/product"}],"about":[{"href":"https:\/\/tilefly.com\/it\/wp-json\/wp\/v2\/types\/product"}],"replies":[{"embeddable":true,"href":"https:\/\/tilefly.com\/it\/wp-json\/wp\/v2\/comments?post=581348"}],"wp:featuredmedia":[{"embeddable":true,"href":"https:\/\/tilefly.com\/it\/wp-json\/wp\/v2\/media\/525891"}],"wp:attachment":[{"href":"https:\/\/tilefly.com\/it\/wp-json\/wp\/v2\/media?parent=581348"}],"wp:term":[{"taxonomy":"product_brand","embeddable":true,"href":"https:\/\/tilefly.com\/it\/wp-json\/wp\/v2\/product_brand?post=581348"},{"taxonomy":"product_cat","embeddable":true,"href":"https:\/\/tilefly.com\/it\/wp-json\/wp\/v2\/product_cat?post=581348"},{"taxonomy":"product_tag","embeddable":true,"href":"https:\/\/tilefly.com\/it\/wp-json\/wp\/v2\/product_tag?post=581348"}],"curies":[{"name":"wp","href":"https:\/\/api.w.org\/{rel}","templated":true}]}}