{"id":581340,"date":"2024-01-26T17:07:00","date_gmt":"2024-01-26T16:07:00","guid":{"rendered":"https:\/\/tilefly.com\/producto\/blaze-nogal-mt-15x90\/"},"modified":"2025-10-21T19:10:03","modified_gmt":"2025-10-21T17:10:03","slug":"blaze-nogal-mt-15x90","status":"publish","type":"product","link":"https:\/\/tilefly.com\/it\/prodotto\/blaze-nogal-mt-15x90\/","title":{"rendered":"BLAZE NOGAL MT 15X90"},"content":{"rendered":"<h1><strong>Azulejo Porcellanato Smaltato BLAZE NOGAL MT 15X90<\/strong><\/h1><p>Questa <a href=\"https:\/\/tilefly.com\/it\/piastrelle\/\">piastrella<\/a> della serie BLAZE in formato 15X90 \u00e8 una piastrella in gres porcellanato smaltato di colore Nogal con finitura opaca.<\/p><h2>BLAZE NOGAL MT 15X90<\/h2><p>La piastrella BLAZE NOGAL MT 15X90 \u00e8 un&#8217;opzione versatile con la sua finitura opaca e il colore noce. Perfetta per gli interni, questa piastrella in gres porcellanato offre la bellezza del legno con durata e facilit\u00e0 di manutenzione. Il suo formato allungato \u00e8 ideale per una variet\u00e0 di design.<\/p>","protected":false},"excerpt":{"rendered":"<p>Azulejo Porcellanato Smaltato BLAZE NOGAL MT 15X90Questa piastrella della serie BLAZE in formato 15X90 \u00e8 una piastrella in gres porcellanato smaltato di colore Nogal con finitura opaca.BLAZE NOGAL MT 15X90La piastrella BLAZE NOGAL MT 15X90 \u00e8 un&#8217;opzione versatile con la sua finitura opaca e il colore noce. Perfetta per gli interni, questa piastrella in gres [&hellip;]<\/p>\n","protected":false},"featured_media":526161,"comment_status":"open","ping_status":"closed","template":"","meta":[],"product_brand":[],"product_cat":[847,848,846,827],"product_tag":[],"class_list":{"0":"post-581340","1":"product","2":"type-product","3":"status-publish","4":"has-post-thumbnail","6":"product_cat-bagni","7":"product_cat-cucine","8":"product_cat-piastrelle","9":"product_cat-rivestimento","11":"first","12":"instock","13":"shipping-taxable","14":"purchasable","15":"product-type-simple"},"_links":{"self":[{"href":"https:\/\/tilefly.com\/it\/wp-json\/wp\/v2\/product\/581340","targetHints":{"allow":["GET"]}}],"collection":[{"href":"https:\/\/tilefly.com\/it\/wp-json\/wp\/v2\/product"}],"about":[{"href":"https:\/\/tilefly.com\/it\/wp-json\/wp\/v2\/types\/product"}],"replies":[{"embeddable":true,"href":"https:\/\/tilefly.com\/it\/wp-json\/wp\/v2\/comments?post=581340"}],"wp:featuredmedia":[{"embeddable":true,"href":"https:\/\/tilefly.com\/it\/wp-json\/wp\/v2\/media\/526161"}],"wp:attachment":[{"href":"https:\/\/tilefly.com\/it\/wp-json\/wp\/v2\/media?parent=581340"}],"wp:term":[{"taxonomy":"product_brand","embeddable":true,"href":"https:\/\/tilefly.com\/it\/wp-json\/wp\/v2\/product_brand?post=581340"},{"taxonomy":"product_cat","embeddable":true,"href":"https:\/\/tilefly.com\/it\/wp-json\/wp\/v2\/product_cat?post=581340"},{"taxonomy":"product_tag","embeddable":true,"href":"https:\/\/tilefly.com\/it\/wp-json\/wp\/v2\/product_tag?post=581340"}],"curies":[{"name":"wp","href":"https:\/\/api.w.org\/{rel}","templated":true}]}}