{"id":581297,"date":"2024-05-03T14:21:24","date_gmt":"2024-05-03T12:21:24","guid":{"rendered":"https:\/\/tilefly.com\/producto\/revestimiento-ceramica-metro-white-glossy-15-075x150\/"},"modified":"2025-10-21T18:59:59","modified_gmt":"2025-10-21T16:59:59","slug":"revestimiento-ceramica-metro-white-glossy-15-075x150","status":"publish","type":"product","link":"https:\/\/tilefly.com\/it\/prodotto\/revestimiento-ceramica-metro-white-glossy-15-075x150\/","title":{"rendered":"METRO WHITE GLOSSY 15 07,5X15,0"},"content":{"rendered":"<p>La serie METRO ci trasporta nella New York di inizio XX secolo, quando la citt\u00e0 rivestiva le pareti delle sue stazioni con una <a href=\"https:\/\/tilefly.com\/it\/piastrelle\/\">piastrella<\/a> simile al mattone ma dall&#8217;aspetto pi\u00f9 pulito e raffinato, seppur molto resistente e facile da pulire. La moda ritorna sempre e questo classico \u00e8 arrivato per restare. Disponibile in una grande variet\u00e0 di formati in colore nero lucido e in bianco lucido e opaco, la serie METRO \u00e8 un must per gli spazi pi\u00f9 attuali.<\/p>","protected":false},"excerpt":{"rendered":"<p>La serie METRO ci trasporta nella New York di inizio XX secolo, quando la citt\u00e0 rivestiva le pareti delle sue stazioni con una piastrella simile al mattone ma dall&#8217;aspetto pi\u00f9 pulito e raffinato, seppur molto resistente e facile da pulire. La moda ritorna sempre e questo classico \u00e8 arrivato per restare. Disponibile in una grande [&hellip;]<\/p>\n","protected":false},"featured_media":581298,"comment_status":"open","ping_status":"closed","template":"","meta":[],"product_brand":[],"product_cat":[847,848,827],"product_tag":[],"class_list":{"0":"post-581297","1":"product","2":"type-product","3":"status-publish","4":"has-post-thumbnail","6":"product_cat-bagni","7":"product_cat-cucine","8":"product_cat-rivestimento","10":"first","11":"instock","12":"shipping-taxable","13":"purchasable","14":"product-type-simple"},"_links":{"self":[{"href":"https:\/\/tilefly.com\/it\/wp-json\/wp\/v2\/product\/581297","targetHints":{"allow":["GET"]}}],"collection":[{"href":"https:\/\/tilefly.com\/it\/wp-json\/wp\/v2\/product"}],"about":[{"href":"https:\/\/tilefly.com\/it\/wp-json\/wp\/v2\/types\/product"}],"replies":[{"embeddable":true,"href":"https:\/\/tilefly.com\/it\/wp-json\/wp\/v2\/comments?post=581297"}],"wp:featuredmedia":[{"embeddable":true,"href":"https:\/\/tilefly.com\/it\/wp-json\/wp\/v2\/media\/581298"}],"wp:attachment":[{"href":"https:\/\/tilefly.com\/it\/wp-json\/wp\/v2\/media?parent=581297"}],"wp:term":[{"taxonomy":"product_brand","embeddable":true,"href":"https:\/\/tilefly.com\/it\/wp-json\/wp\/v2\/product_brand?post=581297"},{"taxonomy":"product_cat","embeddable":true,"href":"https:\/\/tilefly.com\/it\/wp-json\/wp\/v2\/product_cat?post=581297"},{"taxonomy":"product_tag","embeddable":true,"href":"https:\/\/tilefly.com\/it\/wp-json\/wp\/v2\/product_tag?post=581297"}],"curies":[{"name":"wp","href":"https:\/\/api.w.org\/{rel}","templated":true}]}}