{"id":581294,"date":"2024-05-06T02:47:32","date_gmt":"2024-05-06T00:47:32","guid":{"rendered":"https:\/\/tilefly.com\/producto\/work-w-natural-rect-20x120\/"},"modified":"2025-10-21T18:59:46","modified_gmt":"2025-10-21T16:59:46","slug":"work-w-natural-rect-20x120","status":"publish","type":"product","link":"https:\/\/tilefly.com\/it\/prodotto\/work-w-natural-rect-20x120\/","title":{"rendered":"WORK W NATURAL RECT, 20X120"},"content":{"rendered":"<p>Da TileFly troverai la pi\u00f9 ampia gamma di Piastrelle e rivestimenti murali e per pavimenti online. Il nostro team lavora ogni giorno per offrirti sempre le ultime tendenze in fatto di <a href=\"https:\/\/tilefly.com\/it\/piastrelle\/\">piastrelle<\/a>, mosaici, pavimenti e rivestimenti. Lavoriamo solo con produttori spagnoli e italiani di primo piano. Queste aziende garantiscono un&#8217;eccellente qualit\u00e0 e disponibilit\u00e0 dei prodotti. Ti ricordiamo che tutte le Piastrelle, i Rivestimenti e i pezzi speciali che puoi trovare sul nostro sito web dispongono di informazioni specifiche per ogni prodotto nella sezione &#8220;Informazioni tecniche&#8221;. Una volta effettuato l&#8217;ordine, il nostro team verifica che tutte le caratteristiche del prodotto selezionato siano corrette. Pu\u00f2 capitare che alcuni di questi dati siano errati o contengano variazioni. Il nostro team ti informer\u00e0 di qualsiasi variazione al fine di avere sempre il tuo consenso affinch\u00e9 tu sia sicuro e soprattutto soddisfatto del prodotto che hai acquistato.<\/p>","protected":false},"excerpt":{"rendered":"<p>Da TileFly troverai la pi\u00f9 ampia gamma di Piastrelle e rivestimenti murali e per pavimenti online. Il nostro team lavora ogni giorno per offrirti sempre le ultime tendenze in fatto di piastrelle, mosaici, pavimenti e rivestimenti. Lavoriamo solo con produttori spagnoli e italiani di primo piano. Queste aziende garantiscono un&#8217;eccellente qualit\u00e0 e disponibilit\u00e0 dei prodotti. [&hellip;]<\/p>\n","protected":false},"featured_media":0,"comment_status":"closed","ping_status":"closed","template":"","meta":[],"product_brand":[],"product_cat":[867],"product_tag":[],"class_list":{"0":"post-581294","1":"product","2":"type-product","3":"status-publish","5":"product_cat-senza-categoria","7":"first","8":"instock","9":"shipping-taxable","10":"purchasable","11":"product-type-simple"},"_links":{"self":[{"href":"https:\/\/tilefly.com\/it\/wp-json\/wp\/v2\/product\/581294","targetHints":{"allow":["GET"]}}],"collection":[{"href":"https:\/\/tilefly.com\/it\/wp-json\/wp\/v2\/product"}],"about":[{"href":"https:\/\/tilefly.com\/it\/wp-json\/wp\/v2\/types\/product"}],"replies":[{"embeddable":true,"href":"https:\/\/tilefly.com\/it\/wp-json\/wp\/v2\/comments?post=581294"}],"wp:attachment":[{"href":"https:\/\/tilefly.com\/it\/wp-json\/wp\/v2\/media?parent=581294"}],"wp:term":[{"taxonomy":"product_brand","embeddable":true,"href":"https:\/\/tilefly.com\/it\/wp-json\/wp\/v2\/product_brand?post=581294"},{"taxonomy":"product_cat","embeddable":true,"href":"https:\/\/tilefly.com\/it\/wp-json\/wp\/v2\/product_cat?post=581294"},{"taxonomy":"product_tag","embeddable":true,"href":"https:\/\/tilefly.com\/it\/wp-json\/wp\/v2\/product_tag?post=581294"}],"curies":[{"name":"wp","href":"https:\/\/api.w.org\/{rel}","templated":true}]}}