{"id":581213,"date":"2024-08-27T20:58:51","date_gmt":"2024-08-27T18:58:51","guid":{"rendered":"https:\/\/tilefly.com\/producto\/glamstone-beige-mt-60x120-rect-inout\/"},"modified":"2025-10-21T18:49:57","modified_gmt":"2025-10-21T16:49:57","slug":"glamstone-beige-mt-60x120-rect-inout","status":"publish","type":"product","link":"https:\/\/tilefly.com\/it\/prodotto\/glamstone-beige-mt-60x120-rect-inout\/","title":{"rendered":"GLAMSTONE BEIGE MT 60X120 RECT INOUT"},"content":{"rendered":"<h1><strong>GLAMSTONE BEIGE MT 60X120 RECT INOUT<\/strong><\/h1><p>La <a href=\"https:\/\/tilefly.com\/it\/piastrelle\/\">piastrella<\/a> GLAMSTONE BEIGE in formato 60&#215;120 \u00e8 un elegante rivestimento porcellanato di colore Beige, che presenta una finitura Opaca. Questo prodotto, rettificato per un adattamento perfetto, \u00e8 ideale sia per interni che per esterni, offrendo versatilit\u00e0 e stile in qualsiasi spazio. Il suo design sofisticato e la sua durabilit\u00e0 lo rendono l&#8217;opzione perfetta per chi cerca un tocco moderno e accogliente nel proprio arredamento.<\/p>","protected":false},"excerpt":{"rendered":"<p>GLAMSTONE BEIGE MT 60X120 RECT INOUTLa piastrella GLAMSTONE BEIGE in formato 60&#215;120 \u00e8 un elegante rivestimento porcellanato di colore Beige, che presenta una finitura Opaca. Questo prodotto, rettificato per un adattamento perfetto, \u00e8 ideale sia per interni che per esterni, offrendo versatilit\u00e0 e stile in qualsiasi spazio. Il suo design sofisticato e la sua durabilit\u00e0 [&hellip;]<\/p>\n","protected":false},"featured_media":537429,"comment_status":"open","ping_status":"closed","template":"","meta":[],"product_brand":[],"product_cat":[847,848,846,827],"product_tag":[],"class_list":{"0":"post-581213","1":"product","2":"type-product","3":"status-publish","4":"has-post-thumbnail","6":"product_cat-bagni","7":"product_cat-cucine","8":"product_cat-piastrelle","9":"product_cat-rivestimento","11":"first","12":"outofstock","13":"shipping-taxable","14":"purchasable","15":"product-type-simple"},"_links":{"self":[{"href":"https:\/\/tilefly.com\/it\/wp-json\/wp\/v2\/product\/581213","targetHints":{"allow":["GET"]}}],"collection":[{"href":"https:\/\/tilefly.com\/it\/wp-json\/wp\/v2\/product"}],"about":[{"href":"https:\/\/tilefly.com\/it\/wp-json\/wp\/v2\/types\/product"}],"replies":[{"embeddable":true,"href":"https:\/\/tilefly.com\/it\/wp-json\/wp\/v2\/comments?post=581213"}],"wp:featuredmedia":[{"embeddable":true,"href":"https:\/\/tilefly.com\/it\/wp-json\/wp\/v2\/media\/537429"}],"wp:attachment":[{"href":"https:\/\/tilefly.com\/it\/wp-json\/wp\/v2\/media?parent=581213"}],"wp:term":[{"taxonomy":"product_brand","embeddable":true,"href":"https:\/\/tilefly.com\/it\/wp-json\/wp\/v2\/product_brand?post=581213"},{"taxonomy":"product_cat","embeddable":true,"href":"https:\/\/tilefly.com\/it\/wp-json\/wp\/v2\/product_cat?post=581213"},{"taxonomy":"product_tag","embeddable":true,"href":"https:\/\/tilefly.com\/it\/wp-json\/wp\/v2\/product_tag?post=581213"}],"curies":[{"name":"wp","href":"https:\/\/api.w.org\/{rel}","templated":true}]}}