{"id":581172,"date":"2024-11-07T03:19:02","date_gmt":"2024-11-07T02:19:02","guid":{"rendered":"https:\/\/tilefly.com\/producto\/contemporary-obsidian-15x15\/"},"modified":"2025-10-21T18:46:17","modified_gmt":"2025-10-21T16:46:17","slug":"contemporary-obsidian-15x15","status":"publish","type":"product","link":"https:\/\/tilefly.com\/it\/prodotto\/contemporary-obsidian-15x15\/","title":{"rendered":"CONTEMPORARY OBSIDIAN 15X15"},"content":{"rendered":"<h2><strong>CONTEMPORARY OBSIDIAN 15X15<\/strong><\/h2><p>Contemporary Obsidian 15&#215;15, nella sua tonalit\u00e0 grigio scuro, offre un aspetto audace e sofisticato. Con una finitura opaca e propriet\u00e0 antiscivolo, questa <a href=\"https:\/\/tilefly.com\/it\/piastrelle\/\">piastrella<\/a> in gres porcellanato decorata \u00e8 perfetta per chi cerca un&#8217;estetica moderna e sicura. La sua versatilit\u00e0 permette di combinarla facilmente con altri prodotti, riflettendo l&#8217;essenza di &#8216;The Perfect Mix&#8217; in ogni progetto.<\/p>","protected":false},"excerpt":{"rendered":"<p>CONTEMPORARY OBSIDIAN 15X15Contemporary Obsidian 15&#215;15, nella sua tonalit\u00e0 grigio scuro, offre un aspetto audace e sofisticato. Con una finitura opaca e propriet\u00e0 antiscivolo, questa piastrella in gres porcellanato decorata \u00e8 perfetta per chi cerca un&#8217;estetica moderna e sicura. La sua versatilit\u00e0 permette di combinarla facilmente con altri prodotti, riflettendo l&#8217;essenza di &#8216;The Perfect Mix&#8217; in [&hellip;]<\/p>\n","protected":false},"featured_media":540380,"comment_status":"open","ping_status":"closed","template":"","meta":[],"product_brand":[],"product_cat":[847,848,846,827],"product_tag":[],"class_list":{"0":"post-581172","1":"product","2":"type-product","3":"status-publish","4":"has-post-thumbnail","6":"product_cat-bagni","7":"product_cat-cucine","8":"product_cat-piastrelle","9":"product_cat-rivestimento","11":"first","12":"outofstock","13":"shipping-taxable","14":"purchasable","15":"product-type-simple"},"_links":{"self":[{"href":"https:\/\/tilefly.com\/it\/wp-json\/wp\/v2\/product\/581172","targetHints":{"allow":["GET"]}}],"collection":[{"href":"https:\/\/tilefly.com\/it\/wp-json\/wp\/v2\/product"}],"about":[{"href":"https:\/\/tilefly.com\/it\/wp-json\/wp\/v2\/types\/product"}],"replies":[{"embeddable":true,"href":"https:\/\/tilefly.com\/it\/wp-json\/wp\/v2\/comments?post=581172"}],"wp:featuredmedia":[{"embeddable":true,"href":"https:\/\/tilefly.com\/it\/wp-json\/wp\/v2\/media\/540380"}],"wp:attachment":[{"href":"https:\/\/tilefly.com\/it\/wp-json\/wp\/v2\/media?parent=581172"}],"wp:term":[{"taxonomy":"product_brand","embeddable":true,"href":"https:\/\/tilefly.com\/it\/wp-json\/wp\/v2\/product_brand?post=581172"},{"taxonomy":"product_cat","embeddable":true,"href":"https:\/\/tilefly.com\/it\/wp-json\/wp\/v2\/product_cat?post=581172"},{"taxonomy":"product_tag","embeddable":true,"href":"https:\/\/tilefly.com\/it\/wp-json\/wp\/v2\/product_tag?post=581172"}],"curies":[{"name":"wp","href":"https:\/\/api.w.org\/{rel}","templated":true}]}}