{"id":581140,"date":"2024-11-08T13:39:33","date_gmt":"2024-11-08T12:39:33","guid":{"rendered":"https:\/\/tilefly.com\/producto\/colorful-marine-rect-30x90\/"},"modified":"2025-10-21T17:37:30","modified_gmt":"2025-10-21T15:37:30","slug":"colorful-marine-rect-30x90","status":"publish","type":"product","link":"https:\/\/tilefly.com\/it\/prodotto\/colorful-marine-rect-30x90\/","title":{"rendered":"COLORFUL MARINE RECT 30X90"},"content":{"rendered":"<h2><strong>COLORFUL MARINE RECT 30X90<\/strong><\/h2><p>Con un colore blu intenso, questo rivestimento opaco evoca la calma del mare ed \u00e8 ideale per aggiungere un tocco di serenit\u00e0 e freschezza in qualsiasi spazio. Perfetto per chi cerca una decorazione che ispiri tranquillit\u00e0.<\/p>","protected":false},"excerpt":{"rendered":"<p>COLORFUL MARINE RECT 30X90Con un colore blu intenso, questo rivestimento opaco evoca la calma del mare ed \u00e8 ideale per aggiungere un tocco di serenit\u00e0 e freschezza in qualsiasi spazio. Perfetto per chi cerca una decorazione che ispiri tranquillit\u00e0.<\/p>\n","protected":false},"featured_media":540833,"comment_status":"open","ping_status":"closed","template":"","meta":[],"product_brand":[],"product_cat":[847,848,827],"product_tag":[],"class_list":{"0":"post-581140","1":"product","2":"type-product","3":"status-publish","4":"has-post-thumbnail","6":"product_cat-bagni","7":"product_cat-cucine","8":"product_cat-rivestimento","10":"first","11":"instock","12":"shipping-taxable","13":"purchasable","14":"product-type-simple"},"_links":{"self":[{"href":"https:\/\/tilefly.com\/it\/wp-json\/wp\/v2\/product\/581140","targetHints":{"allow":["GET"]}}],"collection":[{"href":"https:\/\/tilefly.com\/it\/wp-json\/wp\/v2\/product"}],"about":[{"href":"https:\/\/tilefly.com\/it\/wp-json\/wp\/v2\/types\/product"}],"replies":[{"embeddable":true,"href":"https:\/\/tilefly.com\/it\/wp-json\/wp\/v2\/comments?post=581140"}],"wp:featuredmedia":[{"embeddable":true,"href":"https:\/\/tilefly.com\/it\/wp-json\/wp\/v2\/media\/540833"}],"wp:attachment":[{"href":"https:\/\/tilefly.com\/it\/wp-json\/wp\/v2\/media?parent=581140"}],"wp:term":[{"taxonomy":"product_brand","embeddable":true,"href":"https:\/\/tilefly.com\/it\/wp-json\/wp\/v2\/product_brand?post=581140"},{"taxonomy":"product_cat","embeddable":true,"href":"https:\/\/tilefly.com\/it\/wp-json\/wp\/v2\/product_cat?post=581140"},{"taxonomy":"product_tag","embeddable":true,"href":"https:\/\/tilefly.com\/it\/wp-json\/wp\/v2\/product_tag?post=581140"}],"curies":[{"name":"wp","href":"https:\/\/api.w.org\/{rel}","templated":true}]}}