{"id":581126,"date":"2024-11-08T14:29:39","date_gmt":"2024-11-08T13:29:39","guid":{"rendered":"https:\/\/tilefly.com\/producto\/flat-snow-5x20\/"},"modified":"2025-10-21T17:36:17","modified_gmt":"2025-10-21T15:36:17","slug":"flat-snow-5x20","status":"publish","type":"product","link":"https:\/\/tilefly.com\/it\/prodotto\/flat-snow-5x20\/","title":{"rendered":"FLAT SNOW 5X20"},"content":{"rendered":"<h2><strong>FLAT SNOW 5X20<\/strong><\/h2><p>Questo rivestimento bianco neve offre una superficie piatta, ideale per chi cerca semplicit\u00e0 e modernit\u00e0. Il suo tono chiaro permette di riflettere la luce, apportando ampiezza e luminosit\u00e0 agli spazi, ideale per ambienti minimalisti.<\/p>","protected":false},"excerpt":{"rendered":"<p>FLAT SNOW 5X20Questo rivestimento bianco neve offre una superficie piatta, ideale per chi cerca semplicit\u00e0 e modernit\u00e0. Il suo tono chiaro permette di riflettere la luce, apportando ampiezza e luminosit\u00e0 agli spazi, ideale per ambienti minimalisti.<\/p>\n","protected":false},"featured_media":541060,"comment_status":"open","ping_status":"closed","template":"","meta":[],"product_brand":[],"product_cat":[847,848,827],"product_tag":[],"class_list":{"0":"post-581126","1":"product","2":"type-product","3":"status-publish","4":"has-post-thumbnail","6":"product_cat-bagni","7":"product_cat-cucine","8":"product_cat-rivestimento","10":"first","11":"instock","12":"shipping-taxable","13":"purchasable","14":"product-type-simple"},"_links":{"self":[{"href":"https:\/\/tilefly.com\/it\/wp-json\/wp\/v2\/product\/581126","targetHints":{"allow":["GET"]}}],"collection":[{"href":"https:\/\/tilefly.com\/it\/wp-json\/wp\/v2\/product"}],"about":[{"href":"https:\/\/tilefly.com\/it\/wp-json\/wp\/v2\/types\/product"}],"replies":[{"embeddable":true,"href":"https:\/\/tilefly.com\/it\/wp-json\/wp\/v2\/comments?post=581126"}],"wp:featuredmedia":[{"embeddable":true,"href":"https:\/\/tilefly.com\/it\/wp-json\/wp\/v2\/media\/541060"}],"wp:attachment":[{"href":"https:\/\/tilefly.com\/it\/wp-json\/wp\/v2\/media?parent=581126"}],"wp:term":[{"taxonomy":"product_brand","embeddable":true,"href":"https:\/\/tilefly.com\/it\/wp-json\/wp\/v2\/product_brand?post=581126"},{"taxonomy":"product_cat","embeddable":true,"href":"https:\/\/tilefly.com\/it\/wp-json\/wp\/v2\/product_cat?post=581126"},{"taxonomy":"product_tag","embeddable":true,"href":"https:\/\/tilefly.com\/it\/wp-json\/wp\/v2\/product_tag?post=581126"}],"curies":[{"name":"wp","href":"https:\/\/api.w.org\/{rel}","templated":true}]}}