{"id":580935,"date":"2024-11-14T20:05:20","date_gmt":"2024-11-14T19:05:20","guid":{"rendered":"https:\/\/tilefly.com\/producto\/raw-cotton-smooth-rect-60x60\/"},"modified":"2025-10-21T17:13:31","modified_gmt":"2025-10-21T15:13:31","slug":"raw-cotton-smooth-rect-60x60","status":"publish","type":"product","link":"https:\/\/tilefly.com\/it\/prodotto\/raw-cotton-smooth-rect-60x60\/","title":{"rendered":"RAW COTTON SMOOTH RECT 60X60"},"content":{"rendered":"<h2><strong>RAW COTTON SMOOTH RECT 60X60<\/strong><\/h2><p>Il <em>Raw Cotton Smooth Rect 60X60<\/em> in tonalit\u00e0 grigia \u00e8 un pavimento in porcellanato che combina una finitura opaca e un design che imita il cemento. Questo pezzo \u00e8 ideale per chi cerca di creare un ambiente sobrio ed elegante, con un tocco di modernit\u00e0 e naturalezza.<\/p><p>Scopri di pi\u00f9 su questo design e altri nella <a href='https:\/\/tilefly.com\/it\/prodotto\/raw\/'>Serie Raw<\/a>, una collezione che punta sui materiali essenziali.<\/p>","protected":false},"excerpt":{"rendered":"<p>RAW COTTON SMOOTH RECT 60X60Il Raw Cotton Smooth Rect 60X60 in tonalit\u00e0 grigia \u00e8 un pavimento in porcellanato che combina una finitura opaca e un design che imita il cemento. Questo pezzo \u00e8 ideale per chi cerca di creare un ambiente sobrio ed elegante, con un tocco di modernit\u00e0 e naturalezza.Scopri di pi\u00f9 su questo [&hellip;]<\/p>\n","protected":false},"featured_media":544455,"comment_status":"open","ping_status":"closed","template":"","meta":[],"product_brand":[],"product_cat":[847,848,846,827],"product_tag":[],"class_list":{"0":"post-580935","1":"product","2":"type-product","3":"status-publish","4":"has-post-thumbnail","6":"product_cat-bagni","7":"product_cat-cucine","8":"product_cat-piastrelle","9":"product_cat-rivestimento","11":"first","12":"instock","13":"shipping-taxable","14":"purchasable","15":"product-type-simple"},"_links":{"self":[{"href":"https:\/\/tilefly.com\/it\/wp-json\/wp\/v2\/product\/580935","targetHints":{"allow":["GET"]}}],"collection":[{"href":"https:\/\/tilefly.com\/it\/wp-json\/wp\/v2\/product"}],"about":[{"href":"https:\/\/tilefly.com\/it\/wp-json\/wp\/v2\/types\/product"}],"replies":[{"embeddable":true,"href":"https:\/\/tilefly.com\/it\/wp-json\/wp\/v2\/comments?post=580935"}],"wp:featuredmedia":[{"embeddable":true,"href":"https:\/\/tilefly.com\/it\/wp-json\/wp\/v2\/media\/544455"}],"wp:attachment":[{"href":"https:\/\/tilefly.com\/it\/wp-json\/wp\/v2\/media?parent=580935"}],"wp:term":[{"taxonomy":"product_brand","embeddable":true,"href":"https:\/\/tilefly.com\/it\/wp-json\/wp\/v2\/product_brand?post=580935"},{"taxonomy":"product_cat","embeddable":true,"href":"https:\/\/tilefly.com\/it\/wp-json\/wp\/v2\/product_cat?post=580935"},{"taxonomy":"product_tag","embeddable":true,"href":"https:\/\/tilefly.com\/it\/wp-json\/wp\/v2\/product_tag?post=580935"}],"curies":[{"name":"wp","href":"https:\/\/api.w.org\/{rel}","templated":true}]}}