{"id":580933,"date":"2024-11-14T20:05:38","date_gmt":"2024-11-14T19:05:38","guid":{"rendered":"https:\/\/tilefly.com\/producto\/lattice-naive-rect-30x90\/"},"modified":"2025-10-21T17:13:18","modified_gmt":"2025-10-21T15:13:18","slug":"lattice-naive-rect-30x90","status":"publish","type":"product","link":"https:\/\/tilefly.com\/it\/prodotto\/lattice-naive-rect-30x90\/","title":{"rendered":"LATTICE NAIVE RECT 30X90"},"content":{"rendered":"<h2><strong>LATTICE NAIVE RECT 30X90<\/strong><\/h2><p>Il <em>Lattice Naive Rect 30X90<\/em> in tono beige \u00e8 un rivestimento in pasta bianca con una finitura opaca che apporta una texture morbida e naturale. Questo pezzo \u00e8 ideale per chi cerca di aggiungere un tocco di calore e serenit\u00e0 alle proprie pareti.<\/p><p>Parte della <a href='https:\/\/tilefly.com\/it\/prodotto\/raw\/'>Serie Raw<\/a>, questo design combina funzionalit\u00e0 e stile in un formato perfetto per interni moderni e accoglienti.<\/p>","protected":false},"excerpt":{"rendered":"<p>LATTICE NAIVE RECT 30X90Il Lattice Naive Rect 30X90 in tono beige \u00e8 un rivestimento in pasta bianca con una finitura opaca che apporta una texture morbida e naturale. Questo pezzo \u00e8 ideale per chi cerca di aggiungere un tocco di calore e serenit\u00e0 alle proprie pareti.Parte della Serie Raw, questo design combina funzionalit\u00e0 e stile [&hellip;]<\/p>\n","protected":false},"featured_media":544510,"comment_status":"open","ping_status":"closed","template":"","meta":[],"product_brand":[],"product_cat":[847,848,827],"product_tag":[],"class_list":{"0":"post-580933","1":"product","2":"type-product","3":"status-publish","4":"has-post-thumbnail","6":"product_cat-bagni","7":"product_cat-cucine","8":"product_cat-rivestimento","10":"first","11":"instock","12":"shipping-taxable","13":"purchasable","14":"product-type-simple"},"_links":{"self":[{"href":"https:\/\/tilefly.com\/it\/wp-json\/wp\/v2\/product\/580933","targetHints":{"allow":["GET"]}}],"collection":[{"href":"https:\/\/tilefly.com\/it\/wp-json\/wp\/v2\/product"}],"about":[{"href":"https:\/\/tilefly.com\/it\/wp-json\/wp\/v2\/types\/product"}],"replies":[{"embeddable":true,"href":"https:\/\/tilefly.com\/it\/wp-json\/wp\/v2\/comments?post=580933"}],"wp:featuredmedia":[{"embeddable":true,"href":"https:\/\/tilefly.com\/it\/wp-json\/wp\/v2\/media\/544510"}],"wp:attachment":[{"href":"https:\/\/tilefly.com\/it\/wp-json\/wp\/v2\/media?parent=580933"}],"wp:term":[{"taxonomy":"product_brand","embeddable":true,"href":"https:\/\/tilefly.com\/it\/wp-json\/wp\/v2\/product_brand?post=580933"},{"taxonomy":"product_cat","embeddable":true,"href":"https:\/\/tilefly.com\/it\/wp-json\/wp\/v2\/product_cat?post=580933"},{"taxonomy":"product_tag","embeddable":true,"href":"https:\/\/tilefly.com\/it\/wp-json\/wp\/v2\/product_tag?post=580933"}],"curies":[{"name":"wp","href":"https:\/\/api.w.org\/{rel}","templated":true}]}}