{"id":580918,"date":"2024-11-14T20:11:10","date_gmt":"2024-11-14T19:11:10","guid":{"rendered":"https:\/\/tilefly.com\/producto\/refraction-acqua-75x30\/"},"modified":"2025-10-21T17:11:55","modified_gmt":"2025-10-21T15:11:55","slug":"refraction-acqua-75x30","status":"publish","type":"product","link":"https:\/\/tilefly.com\/it\/prodotto\/refraction-acqua-75x30\/","title":{"rendered":"REFRACTION ACQUA 7,5X30"},"content":{"rendered":"<h2><strong>REFRACTION ACQUA 7,5X30<\/strong><\/h2><p>Il <em>Refraction Acqua 7,5X30<\/em> \u00e8 un rivestimento in pasta bianca in tonalit\u00e0 acqua, con una finitura brillante che riflette freschezza e modernit\u00e0. Il suo design decorativo \u00e8 ideale per creare un ambiente rilassante e vibrante in qualsiasi spazio.<\/p><p>Esplora la <a href='https:\/\/tilefly.com\/it\/prodotto\/reality\/'>Serie Reality<\/a> e scopri come questo pezzo pu\u00f2 dare vita alle tue pareti con un tocco attuale.<\/p>","protected":false},"excerpt":{"rendered":"<p>REFRACTION ACQUA 7,5X30Il Refraction Acqua 7,5X30 \u00e8 un rivestimento in pasta bianca in tonalit\u00e0 acqua, con una finitura brillante che riflette freschezza e modernit\u00e0. Il suo design decorativo \u00e8 ideale per creare un ambiente rilassante e vibrante in qualsiasi spazio.Esplora la Serie Reality e scopri come questo pezzo pu\u00f2 dare vita alle tue pareti con [&hellip;]<\/p>\n","protected":false},"featured_media":544768,"comment_status":"open","ping_status":"closed","template":"","meta":[],"product_brand":[],"product_cat":[847,848,827],"product_tag":[],"class_list":{"0":"post-580918","1":"product","2":"type-product","3":"status-publish","4":"has-post-thumbnail","6":"product_cat-bagni","7":"product_cat-cucine","8":"product_cat-rivestimento","10":"first","11":"instock","12":"shipping-taxable","13":"purchasable","14":"product-type-simple"},"_links":{"self":[{"href":"https:\/\/tilefly.com\/it\/wp-json\/wp\/v2\/product\/580918","targetHints":{"allow":["GET"]}}],"collection":[{"href":"https:\/\/tilefly.com\/it\/wp-json\/wp\/v2\/product"}],"about":[{"href":"https:\/\/tilefly.com\/it\/wp-json\/wp\/v2\/types\/product"}],"replies":[{"embeddable":true,"href":"https:\/\/tilefly.com\/it\/wp-json\/wp\/v2\/comments?post=580918"}],"wp:featuredmedia":[{"embeddable":true,"href":"https:\/\/tilefly.com\/it\/wp-json\/wp\/v2\/media\/544768"}],"wp:attachment":[{"href":"https:\/\/tilefly.com\/it\/wp-json\/wp\/v2\/media?parent=580918"}],"wp:term":[{"taxonomy":"product_brand","embeddable":true,"href":"https:\/\/tilefly.com\/it\/wp-json\/wp\/v2\/product_brand?post=580918"},{"taxonomy":"product_cat","embeddable":true,"href":"https:\/\/tilefly.com\/it\/wp-json\/wp\/v2\/product_cat?post=580918"},{"taxonomy":"product_tag","embeddable":true,"href":"https:\/\/tilefly.com\/it\/wp-json\/wp\/v2\/product_tag?post=580918"}],"curies":[{"name":"wp","href":"https:\/\/api.w.org\/{rel}","templated":true}]}}