{"id":580916,"date":"2024-11-14T20:11:36","date_gmt":"2024-11-14T19:11:36","guid":{"rendered":"https:\/\/tilefly.com\/producto\/refraction-sahara-75x30\/"},"modified":"2025-10-21T17:11:44","modified_gmt":"2025-10-21T15:11:44","slug":"refraction-sahara-75x30","status":"publish","type":"product","link":"https:\/\/tilefly.com\/it\/prodotto\/refraction-sahara-75x30\/","title":{"rendered":"REFRACTION SAHARA 7,5X30"},"content":{"rendered":"<h2><strong>REFRACTION SAHARA 7,5X30<\/strong><\/h2><p>Il <em>Refraction Sahara 7,5X30<\/em> in tono giallo \u00e8 un rivestimento brillante di pasta bianca, ideale per aggiungere energia e personalit\u00e0 agli interni. Con il suo design decorativo e colore vibrante, questo pezzo \u00e8 perfetto per chi cerca uno stile fresco e dinamico.<\/p><p>Scopri di pi\u00f9 sulla <a href='https:\/\/tilefly.com\/it\/prodotto\/reality\/'>Serie Reality<\/a> e porta ai tuoi spazi un tocco decorativo unico e contemporaneo.<\/p>","protected":false},"excerpt":{"rendered":"<p>REFRACTION SAHARA 7,5X30Il Refraction Sahara 7,5X30 in tono giallo \u00e8 un rivestimento brillante di pasta bianca, ideale per aggiungere energia e personalit\u00e0 agli interni. Con il suo design decorativo e colore vibrante, questo pezzo \u00e8 perfetto per chi cerca uno stile fresco e dinamico.Scopri di pi\u00f9 sulla Serie Reality e porta ai tuoi spazi un [&hellip;]<\/p>\n","protected":false},"featured_media":544820,"comment_status":"open","ping_status":"closed","template":"","meta":[],"product_brand":[],"product_cat":[847,848,827],"product_tag":[],"class_list":{"0":"post-580916","1":"product","2":"type-product","3":"status-publish","4":"has-post-thumbnail","6":"product_cat-bagni","7":"product_cat-cucine","8":"product_cat-rivestimento","10":"first","11":"outofstock","12":"shipping-taxable","13":"purchasable","14":"product-type-simple"},"_links":{"self":[{"href":"https:\/\/tilefly.com\/it\/wp-json\/wp\/v2\/product\/580916","targetHints":{"allow":["GET"]}}],"collection":[{"href":"https:\/\/tilefly.com\/it\/wp-json\/wp\/v2\/product"}],"about":[{"href":"https:\/\/tilefly.com\/it\/wp-json\/wp\/v2\/types\/product"}],"replies":[{"embeddable":true,"href":"https:\/\/tilefly.com\/it\/wp-json\/wp\/v2\/comments?post=580916"}],"wp:featuredmedia":[{"embeddable":true,"href":"https:\/\/tilefly.com\/it\/wp-json\/wp\/v2\/media\/544820"}],"wp:attachment":[{"href":"https:\/\/tilefly.com\/it\/wp-json\/wp\/v2\/media?parent=580916"}],"wp:term":[{"taxonomy":"product_brand","embeddable":true,"href":"https:\/\/tilefly.com\/it\/wp-json\/wp\/v2\/product_brand?post=580916"},{"taxonomy":"product_cat","embeddable":true,"href":"https:\/\/tilefly.com\/it\/wp-json\/wp\/v2\/product_cat?post=580916"},{"taxonomy":"product_tag","embeddable":true,"href":"https:\/\/tilefly.com\/it\/wp-json\/wp\/v2\/product_tag?post=580916"}],"curies":[{"name":"wp","href":"https:\/\/api.w.org\/{rel}","templated":true}]}}