{"id":580915,"date":"2024-11-14T20:11:44","date_gmt":"2024-11-14T19:11:44","guid":{"rendered":"https:\/\/tilefly.com\/producto\/refraction-smoke-75x30\/"},"modified":"2025-10-21T17:11:38","modified_gmt":"2025-10-21T15:11:38","slug":"refraction-smoke-75x30","status":"publish","type":"product","link":"https:\/\/tilefly.com\/it\/prodotto\/refraction-smoke-75x30\/","title":{"rendered":"REFRACTION SMOKE 7,5X30"},"content":{"rendered":"<h2><strong>REFRACTION SMOKE 7,5X30<\/strong><\/h2><p>Il <em>Refraction Smoke 7,5X30<\/em> in tonalit\u00e0 fumo \u00e8 un rivestimento decorativo che apporta profondit\u00e0 ed eleganza agli spazi. Con la sua finitura lucida e il suo design in pasta bianca, questo pezzo \u00e8 ideale per chi cerca un&#8217;estetica sofisticata e moderna.<\/p><p>Esplora la <a href='https:\/\/tilefly.com\/it\/prodotto\/reality\/'>Serie Reality<\/a> e trasforma i tuoi interni con questa <a href=\"https:\/\/tilefly.com\/it\/piastrelle\/\">piastrella<\/a> tipo metro in formato piccolo.<\/p>","protected":false},"excerpt":{"rendered":"<p>REFRACTION SMOKE 7,5X30Il Refraction Smoke 7,5X30 in tonalit\u00e0 fumo \u00e8 un rivestimento decorativo che apporta profondit\u00e0 ed eleganza agli spazi. Con la sua finitura lucida e il suo design in pasta bianca, questo pezzo \u00e8 ideale per chi cerca un&#8217;estetica sofisticata e moderna.Esplora la Serie Reality e trasforma i tuoi interni con questa piastrella tipo [&hellip;]<\/p>\n","protected":false},"featured_media":544852,"comment_status":"open","ping_status":"closed","template":"","meta":[],"product_brand":[],"product_cat":[847,848,827],"product_tag":[],"class_list":{"0":"post-580915","1":"product","2":"type-product","3":"status-publish","4":"has-post-thumbnail","6":"product_cat-bagni","7":"product_cat-cucine","8":"product_cat-rivestimento","10":"first","11":"outofstock","12":"shipping-taxable","13":"purchasable","14":"product-type-simple"},"_links":{"self":[{"href":"https:\/\/tilefly.com\/it\/wp-json\/wp\/v2\/product\/580915","targetHints":{"allow":["GET"]}}],"collection":[{"href":"https:\/\/tilefly.com\/it\/wp-json\/wp\/v2\/product"}],"about":[{"href":"https:\/\/tilefly.com\/it\/wp-json\/wp\/v2\/types\/product"}],"replies":[{"embeddable":true,"href":"https:\/\/tilefly.com\/it\/wp-json\/wp\/v2\/comments?post=580915"}],"wp:featuredmedia":[{"embeddable":true,"href":"https:\/\/tilefly.com\/it\/wp-json\/wp\/v2\/media\/544852"}],"wp:attachment":[{"href":"https:\/\/tilefly.com\/it\/wp-json\/wp\/v2\/media?parent=580915"}],"wp:term":[{"taxonomy":"product_brand","embeddable":true,"href":"https:\/\/tilefly.com\/it\/wp-json\/wp\/v2\/product_brand?post=580915"},{"taxonomy":"product_cat","embeddable":true,"href":"https:\/\/tilefly.com\/it\/wp-json\/wp\/v2\/product_cat?post=580915"},{"taxonomy":"product_tag","embeddable":true,"href":"https:\/\/tilefly.com\/it\/wp-json\/wp\/v2\/product_tag?post=580915"}],"curies":[{"name":"wp","href":"https:\/\/api.w.org\/{rel}","templated":true}]}}