{"id":580914,"date":"2024-11-14T20:11:55","date_gmt":"2024-11-14T19:11:55","guid":{"rendered":"https:\/\/tilefly.com\/producto\/spectrum-river-75x30\/"},"modified":"2025-10-21T17:11:32","modified_gmt":"2025-10-21T15:11:32","slug":"spectrum-river-75x30","status":"publish","type":"product","link":"https:\/\/tilefly.com\/it\/prodotto\/spectrum-river-75x30\/","title":{"rendered":"SPECTRUM RIVER 7,5X30"},"content":{"rendered":"<h2><strong>SPECTRUM RIVER 7,5X30<\/strong><\/h2><p>Il <em>Spectrum River 7,5X30<\/em> in colore blu \u00e8 un rivestimento in pasta bianca con una finitura lucida che aggiunge freschezza e modernit\u00e0 a qualsiasi spazio. Il suo design decorativo \u00e8 ideale per chi desidera un tocco di colore e stile contemporaneo sulle proprie pareti.<\/p><p>Scopri di pi\u00f9 nella <a href='https:\/\/tilefly.com\/it\/prodotto\/reality\/'>Serie Reality<\/a> e trova ispirazione per il tuo prossimo progetto decorativo.<\/p>","protected":false},"excerpt":{"rendered":"<p>SPECTRUM RIVER 7,5X30Il Spectrum River 7,5X30 in colore blu \u00e8 un rivestimento in pasta bianca con una finitura lucida che aggiunge freschezza e modernit\u00e0 a qualsiasi spazio. Il suo design decorativo \u00e8 ideale per chi desidera un tocco di colore e stile contemporaneo sulle proprie pareti.Scopri di pi\u00f9 nella Serie Reality e trova ispirazione per [&hellip;]<\/p>\n","protected":false},"featured_media":544872,"comment_status":"open","ping_status":"closed","template":"","meta":[],"product_brand":[],"product_cat":[847,848,827],"product_tag":[],"class_list":{"0":"post-580914","1":"product","2":"type-product","3":"status-publish","4":"has-post-thumbnail","6":"product_cat-bagni","7":"product_cat-cucine","8":"product_cat-rivestimento","10":"first","11":"instock","12":"shipping-taxable","13":"purchasable","14":"product-type-simple"},"_links":{"self":[{"href":"https:\/\/tilefly.com\/it\/wp-json\/wp\/v2\/product\/580914","targetHints":{"allow":["GET"]}}],"collection":[{"href":"https:\/\/tilefly.com\/it\/wp-json\/wp\/v2\/product"}],"about":[{"href":"https:\/\/tilefly.com\/it\/wp-json\/wp\/v2\/types\/product"}],"replies":[{"embeddable":true,"href":"https:\/\/tilefly.com\/it\/wp-json\/wp\/v2\/comments?post=580914"}],"wp:featuredmedia":[{"embeddable":true,"href":"https:\/\/tilefly.com\/it\/wp-json\/wp\/v2\/media\/544872"}],"wp:attachment":[{"href":"https:\/\/tilefly.com\/it\/wp-json\/wp\/v2\/media?parent=580914"}],"wp:term":[{"taxonomy":"product_brand","embeddable":true,"href":"https:\/\/tilefly.com\/it\/wp-json\/wp\/v2\/product_brand?post=580914"},{"taxonomy":"product_cat","embeddable":true,"href":"https:\/\/tilefly.com\/it\/wp-json\/wp\/v2\/product_cat?post=580914"},{"taxonomy":"product_tag","embeddable":true,"href":"https:\/\/tilefly.com\/it\/wp-json\/wp\/v2\/product_tag?post=580914"}],"curies":[{"name":"wp","href":"https:\/\/api.w.org\/{rel}","templated":true}]}}