{"id":580887,"date":"2024-11-15T15:26:26","date_gmt":"2024-11-15T14:26:26","guid":{"rendered":"https:\/\/tilefly.com\/producto\/turquoise-matt-rect-60x120\/"},"modified":"2025-10-21T17:08:52","modified_gmt":"2025-10-21T15:08:52","slug":"turquoise-matt-rect-60x120","status":"publish","type":"product","link":"https:\/\/tilefly.com\/it\/prodotto\/turquoise-matt-rect-60x120\/","title":{"rendered":"TURQUOISE MATT RECT 60X120"},"content":{"rendered":"<h2><strong>TURQUOISE MATT RECT 60X120<\/strong><\/h2><p><p>Aggiungi freschezza e stile ai tuoi spazi con il <strong>TURQUOISE MATT RECT 60X120<\/strong>. Questo gres porcellanato in una vibrante tonalit\u00e0 turchese \u00e8 ideale per pavimenti, offrendo un design ispirato alla bellezza del marmo con una finitura opaca che combina eleganza e modernit\u00e0.<\/p><p>Facendo parte della collezione <a href='https:\/\/tilefly.com\/it\/prodotto\/tonality\/'>Tonality<\/a>, questo pezzo \u00e8 perfetto per chi cerca di riempire le proprie case di vitalit\u00e0 e design. Le sue possibilit\u00e0 di combinazione ti permetteranno di creare ambienti unici e pieni di personalit\u00e0.<\/p><p>Trasforma qualsiasi stanza in uno spazio pieno di energia con questo pezzo esclusivo ed esplora le infinite combinazioni offerte dalla serie Tonality.<\/p><\/p>","protected":false},"excerpt":{"rendered":"<p>TURQUOISE MATT RECT 60X120Aggiungi freschezza e stile ai tuoi spazi con il TURQUOISE MATT RECT 60X120. Questo gres porcellanato in una vibrante tonalit\u00e0 turchese \u00e8 ideale per pavimenti, offrendo un design ispirato alla bellezza del marmo con una finitura opaca che combina eleganza e modernit\u00e0.Facendo parte della collezione Tonality, questo pezzo \u00e8 perfetto per chi [&hellip;]<\/p>\n","protected":false},"featured_media":545653,"comment_status":"open","ping_status":"closed","template":"","meta":[],"product_brand":[],"product_cat":[847,848,846,827],"product_tag":[],"class_list":{"0":"post-580887","1":"product","2":"type-product","3":"status-publish","4":"has-post-thumbnail","6":"product_cat-bagni","7":"product_cat-cucine","8":"product_cat-piastrelle","9":"product_cat-rivestimento","11":"first","12":"instock","13":"shipping-taxable","14":"purchasable","15":"product-type-simple"},"_links":{"self":[{"href":"https:\/\/tilefly.com\/it\/wp-json\/wp\/v2\/product\/580887","targetHints":{"allow":["GET"]}}],"collection":[{"href":"https:\/\/tilefly.com\/it\/wp-json\/wp\/v2\/product"}],"about":[{"href":"https:\/\/tilefly.com\/it\/wp-json\/wp\/v2\/types\/product"}],"replies":[{"embeddable":true,"href":"https:\/\/tilefly.com\/it\/wp-json\/wp\/v2\/comments?post=580887"}],"wp:featuredmedia":[{"embeddable":true,"href":"https:\/\/tilefly.com\/it\/wp-json\/wp\/v2\/media\/545653"}],"wp:attachment":[{"href":"https:\/\/tilefly.com\/it\/wp-json\/wp\/v2\/media?parent=580887"}],"wp:term":[{"taxonomy":"product_brand","embeddable":true,"href":"https:\/\/tilefly.com\/it\/wp-json\/wp\/v2\/product_brand?post=580887"},{"taxonomy":"product_cat","embeddable":true,"href":"https:\/\/tilefly.com\/it\/wp-json\/wp\/v2\/product_cat?post=580887"},{"taxonomy":"product_tag","embeddable":true,"href":"https:\/\/tilefly.com\/it\/wp-json\/wp\/v2\/product_tag?post=580887"}],"curies":[{"name":"wp","href":"https:\/\/api.w.org\/{rel}","templated":true}]}}