{"id":580874,"date":"2024-11-15T15:27:26","date_gmt":"2024-11-15T14:27:26","guid":{"rendered":"https:\/\/tilefly.com\/producto\/wicker-fortune-rect-60x120\/"},"modified":"2025-10-21T17:07:23","modified_gmt":"2025-10-21T15:07:23","slug":"wicker-fortune-rect-60x120","status":"publish","type":"product","link":"https:\/\/tilefly.com\/it\/prodotto\/wicker-fortune-rect-60x120\/","title":{"rendered":"WICKER FORTUNE RECT 60X120"},"content":{"rendered":"<h2><strong>WICKER FORTUNE RECT 60X120<\/strong><\/h2><p><p>Il <strong>WICKER FORTUNE RECT 60X120<\/strong> si distingue per la sua vivace tonalit\u00e0 gialla e la sua finitura lucida, che apportano energia e luminosit\u00e0 ai tuoi pavimenti. Il suo design effetto marmo con sottili texture aggiunge profondit\u00e0 e stile a qualsiasi ambiente.<\/p><p>Appartenente alla collezione <a href='https:\/\/tilefly.com\/it\/prodotto\/tonality\/'>Tonality<\/a>, questo pezzo \u00e8 perfetto per chi cerca di riempire i propri spazi di vita e colore.<\/p><p>Trasforma i tuoi ambienti e lasciati ispirare dalla creativit\u00e0 offerta dalla serie Tonality.<\/p><\/p>","protected":false},"excerpt":{"rendered":"<p>WICKER FORTUNE RECT 60X120Il WICKER FORTUNE RECT 60X120 si distingue per la sua vivace tonalit\u00e0 gialla e la sua finitura lucida, che apportano energia e luminosit\u00e0 ai tuoi pavimenti. Il suo design effetto marmo con sottili texture aggiunge profondit\u00e0 e stile a qualsiasi ambiente.Appartenente alla collezione Tonality, questo pezzo \u00e8 perfetto per chi cerca di [&hellip;]<\/p>\n","protected":false},"featured_media":545809,"comment_status":"open","ping_status":"closed","template":"","meta":[],"product_brand":[],"product_cat":[847,848,846,827],"product_tag":[],"class_list":{"0":"post-580874","1":"product","2":"type-product","3":"status-publish","4":"has-post-thumbnail","6":"product_cat-bagni","7":"product_cat-cucine","8":"product_cat-piastrelle","9":"product_cat-rivestimento","11":"first","12":"outofstock","13":"shipping-taxable","14":"purchasable","15":"product-type-simple"},"_links":{"self":[{"href":"https:\/\/tilefly.com\/it\/wp-json\/wp\/v2\/product\/580874","targetHints":{"allow":["GET"]}}],"collection":[{"href":"https:\/\/tilefly.com\/it\/wp-json\/wp\/v2\/product"}],"about":[{"href":"https:\/\/tilefly.com\/it\/wp-json\/wp\/v2\/types\/product"}],"replies":[{"embeddable":true,"href":"https:\/\/tilefly.com\/it\/wp-json\/wp\/v2\/comments?post=580874"}],"wp:featuredmedia":[{"embeddable":true,"href":"https:\/\/tilefly.com\/it\/wp-json\/wp\/v2\/media\/545809"}],"wp:attachment":[{"href":"https:\/\/tilefly.com\/it\/wp-json\/wp\/v2\/media?parent=580874"}],"wp:term":[{"taxonomy":"product_brand","embeddable":true,"href":"https:\/\/tilefly.com\/it\/wp-json\/wp\/v2\/product_brand?post=580874"},{"taxonomy":"product_cat","embeddable":true,"href":"https:\/\/tilefly.com\/it\/wp-json\/wp\/v2\/product_cat?post=580874"},{"taxonomy":"product_tag","embeddable":true,"href":"https:\/\/tilefly.com\/it\/wp-json\/wp\/v2\/product_tag?post=580874"}],"curies":[{"name":"wp","href":"https:\/\/api.w.org\/{rel}","templated":true}]}}