{"id":580788,"date":"2024-11-20T23:14:01","date_gmt":"2024-11-20T22:14:01","guid":{"rendered":"https:\/\/tilefly.com\/producto\/gleam-coal-57x232\/"},"modified":"2025-10-21T16:53:40","modified_gmt":"2025-10-21T14:53:40","slug":"gleam-coal-57x232","status":"publish","type":"product","link":"https:\/\/tilefly.com\/it\/prodotto\/gleam-coal-57x232\/","title":{"rendered":"GLEAM COAL 5,7X23,2"},"content":{"rendered":"<h2><strong>GLEAM COAL 5,7X23,2<\/strong><\/h2><p>Il <strong>Gleam Coal 5,7&#215;23,2<\/strong> si distingue per il suo tono grigio scuro che apporta sofisticazione e carattere a qualsiasi spazio. Questo pavimento porcellanato, con finitura opaca, \u00e8 un&#8217;opzione ideale per chi cerca design contemporaneo e funzionalit\u00e0.<\/p><p>Come parte della collezione <a href='https:\/\/tilefly.com\/it\/prodotto\/downtown\/'>Downtown<\/a>, questo pezzo \u00e8 perfetto per progetti che richiedono un&#8217;estetica moderna e atemporale.<\/p><p>Fai brillare i tuoi spazi con questo modello che combina resistenza e stile.<\/p>","protected":false},"excerpt":{"rendered":"<p>GLEAM COAL 5,7X23,2Il Gleam Coal 5,7&#215;23,2 si distingue per il suo tono grigio scuro che apporta sofisticazione e carattere a qualsiasi spazio. Questo pavimento porcellanato, con finitura opaca, \u00e8 un&#8217;opzione ideale per chi cerca design contemporaneo e funzionalit\u00e0.Come parte della collezione Downtown, questo pezzo \u00e8 perfetto per progetti che richiedono un&#8217;estetica moderna e atemporale.Fai brillare [&hellip;]<\/p>\n","protected":false},"featured_media":547239,"comment_status":"open","ping_status":"closed","template":"","meta":[],"product_brand":[],"product_cat":[847,848,846,827],"product_tag":[],"class_list":{"0":"post-580788","1":"product","2":"type-product","3":"status-publish","4":"has-post-thumbnail","6":"product_cat-bagni","7":"product_cat-cucine","8":"product_cat-piastrelle","9":"product_cat-rivestimento","11":"first","12":"outofstock","13":"shipping-taxable","14":"purchasable","15":"product-type-simple"},"_links":{"self":[{"href":"https:\/\/tilefly.com\/it\/wp-json\/wp\/v2\/product\/580788","targetHints":{"allow":["GET"]}}],"collection":[{"href":"https:\/\/tilefly.com\/it\/wp-json\/wp\/v2\/product"}],"about":[{"href":"https:\/\/tilefly.com\/it\/wp-json\/wp\/v2\/types\/product"}],"replies":[{"embeddable":true,"href":"https:\/\/tilefly.com\/it\/wp-json\/wp\/v2\/comments?post=580788"}],"wp:featuredmedia":[{"embeddable":true,"href":"https:\/\/tilefly.com\/it\/wp-json\/wp\/v2\/media\/547239"}],"wp:attachment":[{"href":"https:\/\/tilefly.com\/it\/wp-json\/wp\/v2\/media?parent=580788"}],"wp:term":[{"taxonomy":"product_brand","embeddable":true,"href":"https:\/\/tilefly.com\/it\/wp-json\/wp\/v2\/product_brand?post=580788"},{"taxonomy":"product_cat","embeddable":true,"href":"https:\/\/tilefly.com\/it\/wp-json\/wp\/v2\/product_cat?post=580788"},{"taxonomy":"product_tag","embeddable":true,"href":"https:\/\/tilefly.com\/it\/wp-json\/wp\/v2\/product_tag?post=580788"}],"curies":[{"name":"wp","href":"https:\/\/api.w.org\/{rel}","templated":true}]}}