{"id":580783,"date":"2024-11-20T23:14:28","date_gmt":"2024-11-20T22:14:28","guid":{"rendered":"https:\/\/tilefly.com\/producto\/downtown-blue-115x232\/"},"modified":"2025-10-21T16:53:13","modified_gmt":"2025-10-21T14:53:13","slug":"downtown-blue-115x232","status":"publish","type":"product","link":"https:\/\/tilefly.com\/it\/prodotto\/downtown-blue-115x232\/","title":{"rendered":"DOWNTOWN BLUE 11,5X23,2"},"content":{"rendered":"<h2><strong>DOWNTOWN BLUE 11,5X23,2<\/strong><\/h2><p>Il <strong>Downtown Blue 11,5&#215;23,2<\/strong> offre un tono blu profondo che aggiunge personalit\u00e0 e stile a qualsiasi spazio. Con una finitura opaca antiscivolo CLASSE 2, questo pavimento porcellanato \u00e8 perfetto per progetti che richiedono design e funzionalit\u00e0.<\/p><p>Parte della collezione <a href='https:\/\/tilefly.com\/it\/prodotto\/downtown\/'>Downtown<\/a>, questo pezzo si distingue per la sua versatilit\u00e0 e la sua capacit\u00e0 di trasformare gli spazi con un tocco moderno e audace.<\/p><p>Fai brillare i tuoi progetti con questo modello che combina resistenza ed estetica in ogni dettaglio.<\/p>","protected":false},"excerpt":{"rendered":"<p>DOWNTOWN BLUE 11,5X23,2Il Downtown Blue 11,5&#215;23,2 offre un tono blu profondo che aggiunge personalit\u00e0 e stile a qualsiasi spazio. Con una finitura opaca antiscivolo CLASSE 2, questo pavimento porcellanato \u00e8 perfetto per progetti che richiedono design e funzionalit\u00e0.Parte della collezione Downtown, questo pezzo si distingue per la sua versatilit\u00e0 e la sua capacit\u00e0 di trasformare [&hellip;]<\/p>\n","protected":false},"featured_media":547369,"comment_status":"open","ping_status":"closed","template":"","meta":[],"product_brand":[],"product_cat":[847,848,846,827],"product_tag":[],"class_list":{"0":"post-580783","1":"product","2":"type-product","3":"status-publish","4":"has-post-thumbnail","6":"product_cat-bagni","7":"product_cat-cucine","8":"product_cat-piastrelle","9":"product_cat-rivestimento","11":"first","12":"instock","13":"shipping-taxable","14":"purchasable","15":"product-type-simple"},"_links":{"self":[{"href":"https:\/\/tilefly.com\/it\/wp-json\/wp\/v2\/product\/580783","targetHints":{"allow":["GET"]}}],"collection":[{"href":"https:\/\/tilefly.com\/it\/wp-json\/wp\/v2\/product"}],"about":[{"href":"https:\/\/tilefly.com\/it\/wp-json\/wp\/v2\/types\/product"}],"replies":[{"embeddable":true,"href":"https:\/\/tilefly.com\/it\/wp-json\/wp\/v2\/comments?post=580783"}],"wp:featuredmedia":[{"embeddable":true,"href":"https:\/\/tilefly.com\/it\/wp-json\/wp\/v2\/media\/547369"}],"wp:attachment":[{"href":"https:\/\/tilefly.com\/it\/wp-json\/wp\/v2\/media?parent=580783"}],"wp:term":[{"taxonomy":"product_brand","embeddable":true,"href":"https:\/\/tilefly.com\/it\/wp-json\/wp\/v2\/product_brand?post=580783"},{"taxonomy":"product_cat","embeddable":true,"href":"https:\/\/tilefly.com\/it\/wp-json\/wp\/v2\/product_cat?post=580783"},{"taxonomy":"product_tag","embeddable":true,"href":"https:\/\/tilefly.com\/it\/wp-json\/wp\/v2\/product_tag?post=580783"}],"curies":[{"name":"wp","href":"https:\/\/api.w.org\/{rel}","templated":true}]}}