{"id":580707,"date":"2024-12-24T14:48:33","date_gmt":"2024-12-24T13:48:33","guid":{"rendered":"https:\/\/tilefly.com\/producto\/ama-grigio-rect-90x90\/"},"modified":"2025-10-21T16:06:58","modified_gmt":"2025-10-21T14:06:58","slug":"ama-grigio-rect-90x90","status":"publish","type":"product","link":"https:\/\/tilefly.com\/it\/prodotto\/ama-grigio-rect-90x90\/","title":{"rendered":"AMA GRIGIO RECT 90X90"},"content":{"rendered":"<h2><strong>AMA GRIGIO RECT 90X90<\/strong><\/h2><p>AMA Grigio RECT 90&#215;90, in tonalit\u00e0 grigio neutro, \u00e8 perfetta per interni in stile industriale o moderno. La sua resistenza e il design antiscivolo assicurano durabilit\u00e0 senza compromettere l&#8217;estetica. Scopri di pi\u00f9 sulla serie <a href='https:\/\/tilefly.com\/it\/prodotto\/ama\/'>AMA qui<\/a>.<\/p>","protected":false},"excerpt":{"rendered":"<p>AMA GRIGIO RECT 90X90AMA Grigio RECT 90&#215;90, in tonalit\u00e0 grigio neutro, \u00e8 perfetta per interni in stile industriale o moderno. La sua resistenza e il design antiscivolo assicurano durabilit\u00e0 senza compromettere l&#8217;estetica. Scopri di pi\u00f9 sulla serie AMA qui.<\/p>\n","protected":false},"featured_media":549535,"comment_status":"open","ping_status":"closed","template":"","meta":[],"product_brand":[],"product_cat":[847,848,846,827],"product_tag":[],"class_list":{"0":"post-580707","1":"product","2":"type-product","3":"status-publish","4":"has-post-thumbnail","6":"product_cat-bagni","7":"product_cat-cucine","8":"product_cat-piastrelle","9":"product_cat-rivestimento","11":"first","12":"instock","13":"shipping-taxable","14":"purchasable","15":"product-type-simple"},"_links":{"self":[{"href":"https:\/\/tilefly.com\/it\/wp-json\/wp\/v2\/product\/580707","targetHints":{"allow":["GET"]}}],"collection":[{"href":"https:\/\/tilefly.com\/it\/wp-json\/wp\/v2\/product"}],"about":[{"href":"https:\/\/tilefly.com\/it\/wp-json\/wp\/v2\/types\/product"}],"replies":[{"embeddable":true,"href":"https:\/\/tilefly.com\/it\/wp-json\/wp\/v2\/comments?post=580707"}],"wp:featuredmedia":[{"embeddable":true,"href":"https:\/\/tilefly.com\/it\/wp-json\/wp\/v2\/media\/549535"}],"wp:attachment":[{"href":"https:\/\/tilefly.com\/it\/wp-json\/wp\/v2\/media?parent=580707"}],"wp:term":[{"taxonomy":"product_brand","embeddable":true,"href":"https:\/\/tilefly.com\/it\/wp-json\/wp\/v2\/product_brand?post=580707"},{"taxonomy":"product_cat","embeddable":true,"href":"https:\/\/tilefly.com\/it\/wp-json\/wp\/v2\/product_cat?post=580707"},{"taxonomy":"product_tag","embeddable":true,"href":"https:\/\/tilefly.com\/it\/wp-json\/wp\/v2\/product_tag?post=580707"}],"curies":[{"name":"wp","href":"https:\/\/api.w.org\/{rel}","templated":true}]}}