{"id":580683,"date":"2024-12-24T14:50:47","date_gmt":"2024-12-24T13:50:47","guid":{"rendered":"https:\/\/tilefly.com\/producto\/ricetta-graphite-rect-60x120\/"},"modified":"2025-10-21T16:04:45","modified_gmt":"2025-10-21T14:04:45","slug":"ricetta-graphite-rect-60x120","status":"publish","type":"product","link":"https:\/\/tilefly.com\/it\/prodotto\/ricetta-graphite-rect-60x120\/","title":{"rendered":"RICETTA GRAPHITE RECT 60X120"},"content":{"rendered":"<h2><strong>RICETTA GRAPHITE RECT 60X120<\/strong><\/h2><p>RICETTA GRAPHITE RECT 60X120 in tono grafite offre un design audace con dettagli geometrici in colori caldi. Con finitura opaca e propriet\u00e0 antiscivolo, \u00e8 ideale per creare spazi d&#8217;impatto. Scopri di pi\u00f9 sulla serie <a href='https:\/\/tilefly.com\/it\/prodotto\/ama\/'>AMA qui<\/a>.<\/p>","protected":false},"excerpt":{"rendered":"<p>RICETTA GRAPHITE RECT 60X120RICETTA GRAPHITE RECT 60X120 in tono grafite offre un design audace con dettagli geometrici in colori caldi. Con finitura opaca e propriet\u00e0 antiscivolo, \u00e8 ideale per creare spazi d&#8217;impatto. Scopri di pi\u00f9 sulla serie AMA qui.<\/p>\n","protected":false},"featured_media":549847,"comment_status":"open","ping_status":"closed","template":"","meta":[],"product_brand":[],"product_cat":[847,848,846,827],"product_tag":[],"class_list":{"0":"post-580683","1":"product","2":"type-product","3":"status-publish","4":"has-post-thumbnail","6":"product_cat-bagni","7":"product_cat-cucine","8":"product_cat-piastrelle","9":"product_cat-rivestimento","11":"first","12":"instock","13":"shipping-taxable","14":"purchasable","15":"product-type-simple"},"_links":{"self":[{"href":"https:\/\/tilefly.com\/it\/wp-json\/wp\/v2\/product\/580683","targetHints":{"allow":["GET"]}}],"collection":[{"href":"https:\/\/tilefly.com\/it\/wp-json\/wp\/v2\/product"}],"about":[{"href":"https:\/\/tilefly.com\/it\/wp-json\/wp\/v2\/types\/product"}],"replies":[{"embeddable":true,"href":"https:\/\/tilefly.com\/it\/wp-json\/wp\/v2\/comments?post=580683"}],"wp:featuredmedia":[{"embeddable":true,"href":"https:\/\/tilefly.com\/it\/wp-json\/wp\/v2\/media\/549847"}],"wp:attachment":[{"href":"https:\/\/tilefly.com\/it\/wp-json\/wp\/v2\/media?parent=580683"}],"wp:term":[{"taxonomy":"product_brand","embeddable":true,"href":"https:\/\/tilefly.com\/it\/wp-json\/wp\/v2\/product_brand?post=580683"},{"taxonomy":"product_cat","embeddable":true,"href":"https:\/\/tilefly.com\/it\/wp-json\/wp\/v2\/product_cat?post=580683"},{"taxonomy":"product_tag","embeddable":true,"href":"https:\/\/tilefly.com\/it\/wp-json\/wp\/v2\/product_tag?post=580683"}],"curies":[{"name":"wp","href":"https:\/\/api.w.org\/{rel}","templated":true}]}}