{"id":580679,"date":"2024-12-24T14:51:34","date_gmt":"2024-12-24T13:51:34","guid":{"rendered":"https:\/\/tilefly.com\/producto\/fiori-cenere-rect-60x60\/"},"modified":"2025-10-21T16:04:23","modified_gmt":"2025-10-21T14:04:23","slug":"fiori-cenere-rect-60x60","status":"publish","type":"product","link":"https:\/\/tilefly.com\/it\/prodotto\/fiori-cenere-rect-60x60\/","title":{"rendered":"FIORI CENERE RECT 60X60"},"content":{"rendered":"<h2><strong>FIORI CENERE RECT 60X60<\/strong><\/h2><p>FIORI CENERE RECT 60X60 combina uno sfondo in tonalit\u00e0 cenere con decori floreali sottili. Ideale per spazi accoglienti, presenta una finitura opaca e propriet\u00e0 antiscivolo. Scopri di pi\u00f9 sulla serie <a href='https:\/\/tilefly.com\/it\/prodotto\/ama\/'>AMA qui<\/a>.<\/p>","protected":false},"excerpt":{"rendered":"<p>FIORI CENERE RECT 60X60FIORI CENERE RECT 60X60 combina uno sfondo in tonalit\u00e0 cenere con decori floreali sottili. Ideale per spazi accoglienti, presenta una finitura opaca e propriet\u00e0 antiscivolo. Scopri di pi\u00f9 sulla serie AMA qui.<\/p>\n","protected":false},"featured_media":549899,"comment_status":"open","ping_status":"closed","template":"","meta":[],"product_brand":[],"product_cat":[847,848,846,827],"product_tag":[],"class_list":{"0":"post-580679","1":"product","2":"type-product","3":"status-publish","4":"has-post-thumbnail","6":"product_cat-bagni","7":"product_cat-cucine","8":"product_cat-piastrelle","9":"product_cat-rivestimento","11":"first","12":"instock","13":"shipping-taxable","14":"purchasable","15":"product-type-simple"},"_links":{"self":[{"href":"https:\/\/tilefly.com\/it\/wp-json\/wp\/v2\/product\/580679","targetHints":{"allow":["GET"]}}],"collection":[{"href":"https:\/\/tilefly.com\/it\/wp-json\/wp\/v2\/product"}],"about":[{"href":"https:\/\/tilefly.com\/it\/wp-json\/wp\/v2\/types\/product"}],"replies":[{"embeddable":true,"href":"https:\/\/tilefly.com\/it\/wp-json\/wp\/v2\/comments?post=580679"}],"wp:featuredmedia":[{"embeddable":true,"href":"https:\/\/tilefly.com\/it\/wp-json\/wp\/v2\/media\/549899"}],"wp:attachment":[{"href":"https:\/\/tilefly.com\/it\/wp-json\/wp\/v2\/media?parent=580679"}],"wp:term":[{"taxonomy":"product_brand","embeddable":true,"href":"https:\/\/tilefly.com\/it\/wp-json\/wp\/v2\/product_brand?post=580679"},{"taxonomy":"product_cat","embeddable":true,"href":"https:\/\/tilefly.com\/it\/wp-json\/wp\/v2\/product_cat?post=580679"},{"taxonomy":"product_tag","embeddable":true,"href":"https:\/\/tilefly.com\/it\/wp-json\/wp\/v2\/product_tag?post=580679"}],"curies":[{"name":"wp","href":"https:\/\/api.w.org\/{rel}","templated":true}]}}