{"id":580676,"date":"2024-12-24T14:52:01","date_gmt":"2024-12-24T13:52:01","guid":{"rendered":"https:\/\/tilefly.com\/producto\/fiori-tortora-rect-60x60\/"},"modified":"2025-10-21T16:04:06","modified_gmt":"2025-10-21T14:04:06","slug":"fiori-tortora-rect-60x60","status":"publish","type":"product","link":"https:\/\/tilefly.com\/it\/prodotto\/fiori-tortora-rect-60x60\/","title":{"rendered":"FIORI TORTORA RECT 60X60"},"content":{"rendered":"<h2><strong>FIORI TORTORA RECT 60X60<\/strong><\/h2><p>FIORI TORTORA RECT 60X60 presenta un design floreale su un caldo sfondo marrone. Con finitura opaca e propriet\u00e0 antiscivolo, \u00e8 ideale per spazi eleganti e sicuri. Scopri di pi\u00f9 sulla serie <a href='https:\/\/tilefly.com\/it\/prodotto\/ama\/'>AMA qui<\/a>.<\/p>","protected":false},"excerpt":{"rendered":"<p>FIORI TORTORA RECT 60X60FIORI TORTORA RECT 60X60 presenta un design floreale su un caldo sfondo marrone. Con finitura opaca e propriet\u00e0 antiscivolo, \u00e8 ideale per spazi eleganti e sicuri. Scopri di pi\u00f9 sulla serie AMA qui.<\/p>\n","protected":false},"featured_media":549938,"comment_status":"open","ping_status":"closed","template":"","meta":[],"product_brand":[],"product_cat":[847,848,846,827],"product_tag":[],"class_list":{"0":"post-580676","1":"product","2":"type-product","3":"status-publish","4":"has-post-thumbnail","6":"product_cat-bagni","7":"product_cat-cucine","8":"product_cat-piastrelle","9":"product_cat-rivestimento","11":"first","12":"instock","13":"shipping-taxable","14":"purchasable","15":"product-type-simple"},"_links":{"self":[{"href":"https:\/\/tilefly.com\/it\/wp-json\/wp\/v2\/product\/580676","targetHints":{"allow":["GET"]}}],"collection":[{"href":"https:\/\/tilefly.com\/it\/wp-json\/wp\/v2\/product"}],"about":[{"href":"https:\/\/tilefly.com\/it\/wp-json\/wp\/v2\/types\/product"}],"replies":[{"embeddable":true,"href":"https:\/\/tilefly.com\/it\/wp-json\/wp\/v2\/comments?post=580676"}],"wp:featuredmedia":[{"embeddable":true,"href":"https:\/\/tilefly.com\/it\/wp-json\/wp\/v2\/media\/549938"}],"wp:attachment":[{"href":"https:\/\/tilefly.com\/it\/wp-json\/wp\/v2\/media?parent=580676"}],"wp:term":[{"taxonomy":"product_brand","embeddable":true,"href":"https:\/\/tilefly.com\/it\/wp-json\/wp\/v2\/product_brand?post=580676"},{"taxonomy":"product_cat","embeddable":true,"href":"https:\/\/tilefly.com\/it\/wp-json\/wp\/v2\/product_cat?post=580676"},{"taxonomy":"product_tag","embeddable":true,"href":"https:\/\/tilefly.com\/it\/wp-json\/wp\/v2\/product_tag?post=580676"}],"curies":[{"name":"wp","href":"https:\/\/api.w.org\/{rel}","templated":true}]}}