{"id":580671,"date":"2024-12-24T14:52:54","date_gmt":"2024-12-24T13:52:54","guid":{"rendered":"https:\/\/tilefly.com\/producto\/ricetta-tortora-taglio-15x15\/"},"modified":"2025-10-21T16:02:23","modified_gmt":"2025-10-21T14:02:23","slug":"ricetta-tortora-taglio-15x15","status":"publish","type":"product","link":"https:\/\/tilefly.com\/it\/prodotto\/ricetta-tortora-taglio-15x15\/","title":{"rendered":"RICETTA TORTORA TAGLIO 15X15"},"content":{"rendered":"<h2><strong>RICETTA TORTORA TAGLIO 15X15<\/strong><\/h2><p>RICETTA TORTORA TAGLIO 15X15 combina il caldo color marrone con un formato piccolo che dona versatilit\u00e0 a qualsiasi spazio. La sua finitura opaca e le propriet\u00e0 antiscivolo sono ideali per pavimenti originali. Scopri di pi\u00f9 sulla serie <a href='https:\/\/tilefly.com\/it\/prodotto\/ama\/'>AMA qui<\/a>.<\/p>","protected":false},"excerpt":{"rendered":"<p>RICETTA TORTORA TAGLIO 15X15RICETTA TORTORA TAGLIO 15X15 combina il caldo color marrone con un formato piccolo che dona versatilit\u00e0 a qualsiasi spazio. La sua finitura opaca e le propriet\u00e0 antiscivolo sono ideali per pavimenti originali. Scopri di pi\u00f9 sulla serie AMA qui.<\/p>\n","protected":false},"featured_media":550003,"comment_status":"open","ping_status":"closed","template":"","meta":[],"product_brand":[],"product_cat":[847,848,846,827],"product_tag":[],"class_list":{"0":"post-580671","1":"product","2":"type-product","3":"status-publish","4":"has-post-thumbnail","6":"product_cat-bagni","7":"product_cat-cucine","8":"product_cat-piastrelle","9":"product_cat-rivestimento","11":"first","12":"instock","13":"shipping-taxable","14":"purchasable","15":"product-type-simple"},"_links":{"self":[{"href":"https:\/\/tilefly.com\/it\/wp-json\/wp\/v2\/product\/580671","targetHints":{"allow":["GET"]}}],"collection":[{"href":"https:\/\/tilefly.com\/it\/wp-json\/wp\/v2\/product"}],"about":[{"href":"https:\/\/tilefly.com\/it\/wp-json\/wp\/v2\/types\/product"}],"replies":[{"embeddable":true,"href":"https:\/\/tilefly.com\/it\/wp-json\/wp\/v2\/comments?post=580671"}],"wp:featuredmedia":[{"embeddable":true,"href":"https:\/\/tilefly.com\/it\/wp-json\/wp\/v2\/media\/550003"}],"wp:attachment":[{"href":"https:\/\/tilefly.com\/it\/wp-json\/wp\/v2\/media?parent=580671"}],"wp:term":[{"taxonomy":"product_brand","embeddable":true,"href":"https:\/\/tilefly.com\/it\/wp-json\/wp\/v2\/product_brand?post=580671"},{"taxonomy":"product_cat","embeddable":true,"href":"https:\/\/tilefly.com\/it\/wp-json\/wp\/v2\/product_cat?post=580671"},{"taxonomy":"product_tag","embeddable":true,"href":"https:\/\/tilefly.com\/it\/wp-json\/wp\/v2\/product_tag?post=580671"}],"curies":[{"name":"wp","href":"https:\/\/api.w.org\/{rel}","templated":true}]}}