{"id":580641,"date":"2025-01-22T21:25:37","date_gmt":"2025-01-22T20:25:37","guid":{"rendered":"https:\/\/tilefly.com\/producto\/arabescato-green-matt-rect-60x120\/"},"modified":"2025-10-21T15:59:23","modified_gmt":"2025-10-21T13:59:23","slug":"arabescato-green-matt-rect-60x120","status":"publish","type":"product","link":"https:\/\/tilefly.com\/it\/prodotto\/arabescato-green-matt-rect-60x120\/","title":{"rendered":"ARABESCATO GREEN MATT RECT 60X120"},"content":{"rendered":"<h2><strong>ARABESCATO GREEN MATT RECT 60X120<\/strong><\/h2><p>L&#8217;<strong>Arabescato Green Matt Rect 60&#215;120<\/strong> si distingue per l&#8217;elegante tonalit\u00e0 verde e la sua finitura opaca, che donano un tocco di serenit\u00e0 e stile ai tuoi spazi. Ispirato al marmo, questo pavimento porcellanato \u00e8 perfetto per progetti unici.<\/p><p>Appartenente alla collezione <a href='https:\/\/tilefly.com\/it\/prodotto\/arabescato\/'>Arabescato<\/a>, il suo design a venature naturali e il suo formato 60&#215;120 offrono versatilit\u00e0 e distinzione.<\/p><p>Con Arabescato Green Matt Rect 60&#215;120, aggiungi personalit\u00e0 e sofisticazione a qualsiasi ambiente.<\/p>","protected":false},"excerpt":{"rendered":"<p>ARABESCATO GREEN MATT RECT 60X120L&#8217;Arabescato Green Matt Rect 60&#215;120 si distingue per l&#8217;elegante tonalit\u00e0 verde e la sua finitura opaca, che donano un tocco di serenit\u00e0 e stile ai tuoi spazi. Ispirato al marmo, questo pavimento porcellanato \u00e8 perfetto per progetti unici.Appartenente alla collezione Arabescato, il suo design a venature naturali e il suo formato [&hellip;]<\/p>\n","protected":false},"featured_media":550702,"comment_status":"open","ping_status":"closed","template":"","meta":[],"product_brand":[],"product_cat":[847,848,846,827],"product_tag":[],"class_list":{"0":"post-580641","1":"product","2":"type-product","3":"status-publish","4":"has-post-thumbnail","6":"product_cat-bagni","7":"product_cat-cucine","8":"product_cat-piastrelle","9":"product_cat-rivestimento","11":"first","12":"instock","13":"shipping-taxable","14":"purchasable","15":"product-type-simple"},"_links":{"self":[{"href":"https:\/\/tilefly.com\/it\/wp-json\/wp\/v2\/product\/580641","targetHints":{"allow":["GET"]}}],"collection":[{"href":"https:\/\/tilefly.com\/it\/wp-json\/wp\/v2\/product"}],"about":[{"href":"https:\/\/tilefly.com\/it\/wp-json\/wp\/v2\/types\/product"}],"replies":[{"embeddable":true,"href":"https:\/\/tilefly.com\/it\/wp-json\/wp\/v2\/comments?post=580641"}],"wp:featuredmedia":[{"embeddable":true,"href":"https:\/\/tilefly.com\/it\/wp-json\/wp\/v2\/media\/550702"}],"wp:attachment":[{"href":"https:\/\/tilefly.com\/it\/wp-json\/wp\/v2\/media?parent=580641"}],"wp:term":[{"taxonomy":"product_brand","embeddable":true,"href":"https:\/\/tilefly.com\/it\/wp-json\/wp\/v2\/product_brand?post=580641"},{"taxonomy":"product_cat","embeddable":true,"href":"https:\/\/tilefly.com\/it\/wp-json\/wp\/v2\/product_cat?post=580641"},{"taxonomy":"product_tag","embeddable":true,"href":"https:\/\/tilefly.com\/it\/wp-json\/wp\/v2\/product_tag?post=580641"}],"curies":[{"name":"wp","href":"https:\/\/api.w.org\/{rel}","templated":true}]}}