{"id":580636,"date":"2025-02-14T12:50:45","date_gmt":"2025-02-14T11:50:45","guid":{"rendered":"https:\/\/tilefly.com\/producto\/bands-20x20\/"},"modified":"2025-10-21T15:58:58","modified_gmt":"2025-10-21T13:58:58","slug":"bands-20x20","status":"publish","type":"product","link":"https:\/\/tilefly.com\/it\/prodotto\/bands-20x20\/","title":{"rendered":"BANDS 20X20"},"content":{"rendered":"<h2><strong>BANDS 20X20<\/strong><\/h2><p>Il modello BANDS 20X20 della collezione <a href='https:\/\/tilefly.com\/it\/prodotto\/esencia-materia\/'>Esencia Materia<\/a> ti invita a esplorare la purezza del design con il suo elegante colore bianco e formato di 20&#215;20 cm. Questo pavimento porcellanato cattura l&#8217;essenza del gesso, offrendo una superficie luminosa e versatile che si adatta a qualsiasi stile decorativo. La sua finitura opaca, sobria e sofisticata, esalta la bellezza naturale del materiale, mentre la sua caratteristica antiscivolo fornisce sicurezza e tranquillit\u00e0 nella tua quotidianit\u00e0. BANDS 20X20 \u00e8 la scelta ideale per chi cerca un design minimalista e funzionale che apporti luce e armonia ai propri spazi.<\/p>","protected":false},"excerpt":{"rendered":"<p>BANDS 20X20Il modello BANDS 20X20 della collezione Esencia Materia ti invita a esplorare la purezza del design con il suo elegante colore bianco e formato di 20&#215;20 cm. Questo pavimento porcellanato cattura l&#8217;essenza del gesso, offrendo una superficie luminosa e versatile che si adatta a qualsiasi stile decorativo. La sua finitura opaca, sobria e sofisticata, [&hellip;]<\/p>\n","protected":false},"featured_media":551308,"comment_status":"open","ping_status":"closed","template":"","meta":[],"product_brand":[],"product_cat":[847,848,846,827],"product_tag":[],"class_list":{"0":"post-580636","1":"product","2":"type-product","3":"status-publish","4":"has-post-thumbnail","6":"product_cat-bagni","7":"product_cat-cucine","8":"product_cat-piastrelle","9":"product_cat-rivestimento","11":"first","12":"instock","13":"shipping-taxable","14":"purchasable","15":"product-type-simple"},"_links":{"self":[{"href":"https:\/\/tilefly.com\/it\/wp-json\/wp\/v2\/product\/580636","targetHints":{"allow":["GET"]}}],"collection":[{"href":"https:\/\/tilefly.com\/it\/wp-json\/wp\/v2\/product"}],"about":[{"href":"https:\/\/tilefly.com\/it\/wp-json\/wp\/v2\/types\/product"}],"replies":[{"embeddable":true,"href":"https:\/\/tilefly.com\/it\/wp-json\/wp\/v2\/comments?post=580636"}],"wp:featuredmedia":[{"embeddable":true,"href":"https:\/\/tilefly.com\/it\/wp-json\/wp\/v2\/media\/551308"}],"wp:attachment":[{"href":"https:\/\/tilefly.com\/it\/wp-json\/wp\/v2\/media?parent=580636"}],"wp:term":[{"taxonomy":"product_brand","embeddable":true,"href":"https:\/\/tilefly.com\/it\/wp-json\/wp\/v2\/product_brand?post=580636"},{"taxonomy":"product_cat","embeddable":true,"href":"https:\/\/tilefly.com\/it\/wp-json\/wp\/v2\/product_cat?post=580636"},{"taxonomy":"product_tag","embeddable":true,"href":"https:\/\/tilefly.com\/it\/wp-json\/wp\/v2\/product_tag?post=580636"}],"curies":[{"name":"wp","href":"https:\/\/api.w.org\/{rel}","templated":true}]}}