{"id":580632,"date":"2025-02-14T12:51:26","date_gmt":"2025-02-14T11:51:26","guid":{"rendered":"https:\/\/tilefly.com\/producto\/flex-20x20\/"},"modified":"2025-10-21T15:58:34","modified_gmt":"2025-10-21T13:58:34","slug":"flex-20x20","status":"publish","type":"product","link":"https:\/\/tilefly.com\/it\/prodotto\/flex-20x20\/","title":{"rendered":"FLEX 20X20"},"content":{"rendered":"<h2><strong>FLEX 20X20<\/strong><\/h2><p>Aggiungi un tocco di calore e naturalezza ai tuoi spazi con il modello FLEX 20X20 della collezione <a href='https:\/\/tilefly.com\/it\/prodotto\/esencia-materia\/'>Esencia Materia<\/a>, un pavimento porcellanato color beige che ti connette con l&#8217;essenza della terra. Il suo formato di 20&#215;20 cm e il suo design versatile si adattano a qualsiasi stile decorativo, apportando luminosit\u00e0 e comfort ai tuoi ambienti. La finitura opaca, morbida e naturale, esalta la bellezza del materiale, mentre la sua propriet\u00e0 antiscivolo garantisce sicurezza e tranquillit\u00e0 nella tua quotidianit\u00e0. FLEX 20X20 \u00e8 la scelta ideale per chi cerca un design versatile e accogliente, che trasmetta calore e armonia.<\/p>","protected":false},"excerpt":{"rendered":"<p>FLEX 20X20Aggiungi un tocco di calore e naturalezza ai tuoi spazi con il modello FLEX 20X20 della collezione Esencia Materia, un pavimento porcellanato color beige che ti connette con l&#8217;essenza della terra. Il suo formato di 20&#215;20 cm e il suo design versatile si adattano a qualsiasi stile decorativo, apportando luminosit\u00e0 e comfort ai tuoi [&hellip;]<\/p>\n","protected":false},"featured_media":551386,"comment_status":"open","ping_status":"closed","template":"","meta":[],"product_brand":[],"product_cat":[847,848,846,827],"product_tag":[],"class_list":{"0":"post-580632","1":"product","2":"type-product","3":"status-publish","4":"has-post-thumbnail","6":"product_cat-bagni","7":"product_cat-cucine","8":"product_cat-piastrelle","9":"product_cat-rivestimento","11":"first","12":"instock","13":"shipping-taxable","14":"purchasable","15":"product-type-simple"},"_links":{"self":[{"href":"https:\/\/tilefly.com\/it\/wp-json\/wp\/v2\/product\/580632","targetHints":{"allow":["GET"]}}],"collection":[{"href":"https:\/\/tilefly.com\/it\/wp-json\/wp\/v2\/product"}],"about":[{"href":"https:\/\/tilefly.com\/it\/wp-json\/wp\/v2\/types\/product"}],"replies":[{"embeddable":true,"href":"https:\/\/tilefly.com\/it\/wp-json\/wp\/v2\/comments?post=580632"}],"wp:featuredmedia":[{"embeddable":true,"href":"https:\/\/tilefly.com\/it\/wp-json\/wp\/v2\/media\/551386"}],"wp:attachment":[{"href":"https:\/\/tilefly.com\/it\/wp-json\/wp\/v2\/media?parent=580632"}],"wp:term":[{"taxonomy":"product_brand","embeddable":true,"href":"https:\/\/tilefly.com\/it\/wp-json\/wp\/v2\/product_brand?post=580632"},{"taxonomy":"product_cat","embeddable":true,"href":"https:\/\/tilefly.com\/it\/wp-json\/wp\/v2\/product_cat?post=580632"},{"taxonomy":"product_tag","embeddable":true,"href":"https:\/\/tilefly.com\/it\/wp-json\/wp\/v2\/product_tag?post=580632"}],"curies":[{"name":"wp","href":"https:\/\/api.w.org\/{rel}","templated":true}]}}