{"id":580630,"date":"2025-02-14T12:51:52","date_gmt":"2025-02-14T11:51:52","guid":{"rendered":"https:\/\/tilefly.com\/producto\/veins-20x20\/"},"modified":"2025-10-21T15:58:23","modified_gmt":"2025-10-21T13:58:23","slug":"veins-20x20","status":"publish","type":"product","link":"https:\/\/tilefly.com\/it\/prodotto\/veins-20x20\/","title":{"rendered":"VEINS 20X20"},"content":{"rendered":"<h2><strong>VEINS 20X20<\/strong><\/h2><p>Il modello VEINS 20X20 della collezione <a href='https:\/\/tilefly.com\/it\/prodotto\/esencia-materia\/'>Esencia Materia<\/a> ti invita a esplorare la purezza e l&#8217;eleganza del colore bianco in un pavimento porcellanato di grande versatilit\u00e0. Il suo formato di 20&#215;20 cm e il suo design atemporale si adattano a qualsiasi stile decorativo, apportando luminosit\u00e0 e ampiezza ai tuoi spazi. La finitura opaca, sobria ed elegante, esalta la bellezza del materiale, mentre la sua propriet\u00e0 antiscivolo garantisce sicurezza e comfort nella tua casa. VEINS 20X20 \u00e8 la scelta ideale per chi cerca un design versatile ed elegante, che trasmetta luminosit\u00e0 e sofisticazione.<\/p>","protected":false},"excerpt":{"rendered":"<p>VEINS 20X20Il modello VEINS 20X20 della collezione Esencia Materia ti invita a esplorare la purezza e l&#8217;eleganza del colore bianco in un pavimento porcellanato di grande versatilit\u00e0. Il suo formato di 20&#215;20 cm e il suo design atemporale si adattano a qualsiasi stile decorativo, apportando luminosit\u00e0 e ampiezza ai tuoi spazi. La finitura opaca, sobria [&hellip;]<\/p>\n","protected":false},"featured_media":551464,"comment_status":"open","ping_status":"closed","template":"","meta":[],"product_brand":[],"product_cat":[847,848,846,827],"product_tag":[],"class_list":{"0":"post-580630","1":"product","2":"type-product","3":"status-publish","4":"has-post-thumbnail","6":"product_cat-bagni","7":"product_cat-cucine","8":"product_cat-piastrelle","9":"product_cat-rivestimento","11":"first","12":"instock","13":"shipping-taxable","14":"purchasable","15":"product-type-simple"},"_links":{"self":[{"href":"https:\/\/tilefly.com\/it\/wp-json\/wp\/v2\/product\/580630","targetHints":{"allow":["GET"]}}],"collection":[{"href":"https:\/\/tilefly.com\/it\/wp-json\/wp\/v2\/product"}],"about":[{"href":"https:\/\/tilefly.com\/it\/wp-json\/wp\/v2\/types\/product"}],"replies":[{"embeddable":true,"href":"https:\/\/tilefly.com\/it\/wp-json\/wp\/v2\/comments?post=580630"}],"wp:featuredmedia":[{"embeddable":true,"href":"https:\/\/tilefly.com\/it\/wp-json\/wp\/v2\/media\/551464"}],"wp:attachment":[{"href":"https:\/\/tilefly.com\/it\/wp-json\/wp\/v2\/media?parent=580630"}],"wp:term":[{"taxonomy":"product_brand","embeddable":true,"href":"https:\/\/tilefly.com\/it\/wp-json\/wp\/v2\/product_brand?post=580630"},{"taxonomy":"product_cat","embeddable":true,"href":"https:\/\/tilefly.com\/it\/wp-json\/wp\/v2\/product_cat?post=580630"},{"taxonomy":"product_tag","embeddable":true,"href":"https:\/\/tilefly.com\/it\/wp-json\/wp\/v2\/product_tag?post=580630"}],"curies":[{"name":"wp","href":"https:\/\/api.w.org\/{rel}","templated":true}]}}