{"id":580614,"date":"2025-02-14T13:51:20","date_gmt":"2025-02-14T12:51:20","guid":{"rendered":"https:\/\/tilefly.com\/producto\/hexa-boho-onyx-slow-139x16\/"},"modified":"2025-10-21T15:44:45","modified_gmt":"2025-10-21T13:44:45","slug":"hexa-boho-onyx-slow-139x16","status":"publish","type":"product","link":"https:\/\/tilefly.com\/it\/prodotto\/hexa-boho-onyx-slow-139x16\/","title":{"rendered":"HEXA BOHO ONYX SLOW 13,9X16"},"content":{"rendered":"<h2><strong>HEXA BOHO ONYX SLOW 13,9X16<\/strong><\/h2><p>HEXA BOHO ONYX SLOW 13,9X16 della serie <a href='https:\/\/tilefly.com\/it\/prodotto\/tonality\/'>TONALITY<\/a> combina l&#8217;eleganza della pietra Onice con un tocco boh\u00e9mien grazie alla sua finitura lucida e dettagli nei toni del grigio. Questa <a href=\"https:\/\/tilefly.com\/it\/piastrelle\/\">piastrella<\/a> in gres porcellanato esagonale di 13,9&#215;16 cm \u00e8 perfetta per creare spazi originali e pieni di personalit\u00e0. Immagina una cucina con un paraschizzi rivestito in questo mosaico, combinando funzionalit\u00e0 e stile, o uno spazio commerciale che attiri tutti gli sguardi con la sua originalit\u00e0 e carattere.<\/p>","protected":false},"excerpt":{"rendered":"<p>HEXA BOHO ONYX SLOW 13,9X16HEXA BOHO ONYX SLOW 13,9X16 della serie TONALITY combina l&#8217;eleganza della pietra Onice con un tocco boh\u00e9mien grazie alla sua finitura lucida e dettagli nei toni del grigio. Questa piastrella in gres porcellanato esagonale di 13,9&#215;16 cm \u00e8 perfetta per creare spazi originali e pieni di personalit\u00e0. Immagina una cucina con [&hellip;]<\/p>\n","protected":false},"featured_media":551843,"comment_status":"open","ping_status":"closed","template":"","meta":[],"product_brand":[],"product_cat":[847,848,846,827],"product_tag":[],"class_list":{"0":"post-580614","1":"product","2":"type-product","3":"status-publish","4":"has-post-thumbnail","6":"product_cat-bagni","7":"product_cat-cucine","8":"product_cat-piastrelle","9":"product_cat-rivestimento","11":"first","12":"instock","13":"shipping-taxable","14":"purchasable","15":"product-type-simple"},"_links":{"self":[{"href":"https:\/\/tilefly.com\/it\/wp-json\/wp\/v2\/product\/580614","targetHints":{"allow":["GET"]}}],"collection":[{"href":"https:\/\/tilefly.com\/it\/wp-json\/wp\/v2\/product"}],"about":[{"href":"https:\/\/tilefly.com\/it\/wp-json\/wp\/v2\/types\/product"}],"replies":[{"embeddable":true,"href":"https:\/\/tilefly.com\/it\/wp-json\/wp\/v2\/comments?post=580614"}],"wp:featuredmedia":[{"embeddable":true,"href":"https:\/\/tilefly.com\/it\/wp-json\/wp\/v2\/media\/551843"}],"wp:attachment":[{"href":"https:\/\/tilefly.com\/it\/wp-json\/wp\/v2\/media?parent=580614"}],"wp:term":[{"taxonomy":"product_brand","embeddable":true,"href":"https:\/\/tilefly.com\/it\/wp-json\/wp\/v2\/product_brand?post=580614"},{"taxonomy":"product_cat","embeddable":true,"href":"https:\/\/tilefly.com\/it\/wp-json\/wp\/v2\/product_cat?post=580614"},{"taxonomy":"product_tag","embeddable":true,"href":"https:\/\/tilefly.com\/it\/wp-json\/wp\/v2\/product_tag?post=580614"}],"curies":[{"name":"wp","href":"https:\/\/api.w.org\/{rel}","templated":true}]}}