{"id":580600,"date":"2025-02-14T15:37:55","date_gmt":"2025-02-14T14:37:55","guid":{"rendered":"https:\/\/tilefly.com\/producto\/anti-slip-casale-ecru-rect-120x120\/"},"modified":"2025-10-21T15:43:27","modified_gmt":"2025-10-21T13:43:27","slug":"anti-slip-casale-ecru-rect-120x120","status":"publish","type":"product","link":"https:\/\/tilefly.com\/it\/prodotto\/anti-slip-casale-ecru-rect-120x120\/","title":{"rendered":"ANTI-SLIP CASALE ECRU RECT 120X120"},"content":{"rendered":"<h2><strong>ANTI-SLIP CASALE ECRU RECT 120X120<\/strong><\/h2><p>L&#8217;ANTI-SLIP CASALE ECRU RECT 120X120, in un elegante tono grigio, dona un tocco di serenit\u00e0 e sofisticazione a qualsiasi spazio. Questa <a href=\"https:\/\/tilefly.com\/it\/piastrelle\/\">piastrella<\/a> rettificata di 120&#215;120 cm, realizzata in gres porcellanato resistente, \u00e8 perfetta per pavimenti che cercano di combinare estetica e funzionalit\u00e0. La sua finitura opaca, insieme alle sue propriet\u00e0 antiscivolo, garantisce sicurezza senza rinunciare al fascino del design italiano. Immergiti nell&#8217;eleganza e nella sicurezza della serie <a href='https:\/\/tilefly.com\/it\/prodotto\/antico-casale\/'>ANTICO CASALE<\/a> con questo pezzo eccezionale.<\/p>","protected":false},"excerpt":{"rendered":"<p>ANTI-SLIP CASALE ECRU RECT 120X120L&#8217;ANTI-SLIP CASALE ECRU RECT 120X120, in un elegante tono grigio, dona un tocco di serenit\u00e0 e sofisticazione a qualsiasi spazio. Questa piastrella rettificata di 120&#215;120 cm, realizzata in gres porcellanato resistente, \u00e8 perfetta per pavimenti che cercano di combinare estetica e funzionalit\u00e0. La sua finitura opaca, insieme alle sue propriet\u00e0 antiscivolo, [&hellip;]<\/p>\n","protected":false},"featured_media":552054,"comment_status":"open","ping_status":"closed","template":"","meta":[],"product_brand":[],"product_cat":[847,848,846,827],"product_tag":[],"class_list":{"0":"post-580600","1":"product","2":"type-product","3":"status-publish","4":"has-post-thumbnail","6":"product_cat-bagni","7":"product_cat-cucine","8":"product_cat-piastrelle","9":"product_cat-rivestimento","11":"first","12":"instock","13":"shipping-taxable","14":"purchasable","15":"product-type-simple"},"_links":{"self":[{"href":"https:\/\/tilefly.com\/it\/wp-json\/wp\/v2\/product\/580600","targetHints":{"allow":["GET"]}}],"collection":[{"href":"https:\/\/tilefly.com\/it\/wp-json\/wp\/v2\/product"}],"about":[{"href":"https:\/\/tilefly.com\/it\/wp-json\/wp\/v2\/types\/product"}],"replies":[{"embeddable":true,"href":"https:\/\/tilefly.com\/it\/wp-json\/wp\/v2\/comments?post=580600"}],"wp:featuredmedia":[{"embeddable":true,"href":"https:\/\/tilefly.com\/it\/wp-json\/wp\/v2\/media\/552054"}],"wp:attachment":[{"href":"https:\/\/tilefly.com\/it\/wp-json\/wp\/v2\/media?parent=580600"}],"wp:term":[{"taxonomy":"product_brand","embeddable":true,"href":"https:\/\/tilefly.com\/it\/wp-json\/wp\/v2\/product_brand?post=580600"},{"taxonomy":"product_cat","embeddable":true,"href":"https:\/\/tilefly.com\/it\/wp-json\/wp\/v2\/product_cat?post=580600"},{"taxonomy":"product_tag","embeddable":true,"href":"https:\/\/tilefly.com\/it\/wp-json\/wp\/v2\/product_tag?post=580600"}],"curies":[{"name":"wp","href":"https:\/\/api.w.org\/{rel}","templated":true}]}}