{"id":580548,"date":"2025-02-20T23:36:32","date_gmt":"2025-02-20T22:36:32","guid":{"rendered":"https:\/\/tilefly.com\/producto\/kinstone-steam-rect-60x120\/"},"modified":"2025-10-21T15:38:21","modified_gmt":"2025-10-21T13:38:21","slug":"kinstone-steam-rect-60x120","status":"publish","type":"product","link":"https:\/\/tilefly.com\/it\/prodotto\/kinstone-steam-rect-60x120\/","title":{"rendered":"KINSTONE STEAM RECT 60X120"},"content":{"rendered":"<h2><strong>KINSTONE STEAM RECT 60X120<\/strong><\/h2><p>Scopri l&#8217;eleganza industriale con la <a href=\"https:\/\/tilefly.com\/it\/piastrelle\/\">piastrella<\/a> <a href='https:\/\/tilefly.com\/it\/prodotto\/kinfolk'>KINSTONE STEAM<\/a>, un pavimento porcellanato che fonde la resistenza del materiale con l&#8217;estetica del cemento e della pietra. La sua tonalit\u00e0 grigia, morbida e contemporanea, dona luminosit\u00e0 e ampiezza a qualsiasi spazio, mentre le sottili variazioni di tono e le inclusioni scure ricreano l&#8217;autenticit\u00e0 del cemento naturale. Il formato 60&#215;120, rettificato per un&#8217;installazione impeccabile, minimizza le fughe e massimizza la sensazione di continuit\u00e0, ideale per progetti moderni e minimalisti. La finitura opaca non solo offre un tatto piacevole, ma riduce anche i riflessi, creando ambienti caldi e accoglienti.<\/p><p>KINSTONE STEAM \u00e8 la scelta perfetta per chi cerca un equilibrio tra design e funzionalit\u00e0. La sua versatilit\u00e0 la rende un&#8217;opzione eccellente sia per pavimenti che per pareti, adattandosi a diversi stili decorativi, da loft urbani a case contemporanee. L&#8217;imitazione pietra aggiunge un tocco di naturalezza, addolcendo la freddezza del cemento e apportando un carattere unico a ogni ambiente.<\/p><p>Trasforma i tuoi spazi con la sofisticazione senza tempo di KINSTONE STEAM, una piastrella che ridefinisce il concetto di eleganza industriale. La sua durata e la facile manutenzione la rendono un investimento intelligente a lungo termine, garantendo bellezza e comfort per anni. Sperimenta l&#8217;armonia tra estetica e praticit\u00e0 con questo pezzo chiave della collezione Kinfolk.<\/p>","protected":false},"excerpt":{"rendered":"<p>KINSTONE STEAM RECT 60X120Scopri l&#8217;eleganza industriale con la piastrella KINSTONE STEAM, un pavimento porcellanato che fonde la resistenza del materiale con l&#8217;estetica del cemento e della pietra. La sua tonalit\u00e0 grigia, morbida e contemporanea, dona luminosit\u00e0 e ampiezza a qualsiasi spazio, mentre le sottili variazioni di tono e le inclusioni scure ricreano l&#8217;autenticit\u00e0 del cemento [&hellip;]<\/p>\n","protected":false},"featured_media":553162,"comment_status":"open","ping_status":"closed","template":"","meta":[],"product_brand":[],"product_cat":[847,848,846,827],"product_tag":[],"class_list":{"0":"post-580548","1":"product","2":"type-product","3":"status-publish","4":"has-post-thumbnail","6":"product_cat-bagni","7":"product_cat-cucine","8":"product_cat-piastrelle","9":"product_cat-rivestimento","11":"first","12":"instock","13":"shipping-taxable","14":"purchasable","15":"product-type-simple"},"_links":{"self":[{"href":"https:\/\/tilefly.com\/it\/wp-json\/wp\/v2\/product\/580548","targetHints":{"allow":["GET"]}}],"collection":[{"href":"https:\/\/tilefly.com\/it\/wp-json\/wp\/v2\/product"}],"about":[{"href":"https:\/\/tilefly.com\/it\/wp-json\/wp\/v2\/types\/product"}],"replies":[{"embeddable":true,"href":"https:\/\/tilefly.com\/it\/wp-json\/wp\/v2\/comments?post=580548"}],"wp:featuredmedia":[{"embeddable":true,"href":"https:\/\/tilefly.com\/it\/wp-json\/wp\/v2\/media\/553162"}],"wp:attachment":[{"href":"https:\/\/tilefly.com\/it\/wp-json\/wp\/v2\/media?parent=580548"}],"wp:term":[{"taxonomy":"product_brand","embeddable":true,"href":"https:\/\/tilefly.com\/it\/wp-json\/wp\/v2\/product_brand?post=580548"},{"taxonomy":"product_cat","embeddable":true,"href":"https:\/\/tilefly.com\/it\/wp-json\/wp\/v2\/product_cat?post=580548"},{"taxonomy":"product_tag","embeddable":true,"href":"https:\/\/tilefly.com\/it\/wp-json\/wp\/v2\/product_tag?post=580548"}],"curies":[{"name":"wp","href":"https:\/\/api.w.org\/{rel}","templated":true}]}}