{"id":580519,"date":"2025-02-21T00:10:42","date_gmt":"2025-02-20T23:10:42","guid":{"rendered":"https:\/\/tilefly.com\/producto\/anti-slip-kinstone-steam-rect-90x90\/"},"modified":"2025-10-21T15:30:17","modified_gmt":"2025-10-21T13:30:17","slug":"anti-slip-kinstone-steam-rect-90x90","status":"publish","type":"product","link":"https:\/\/tilefly.com\/it\/prodotto\/anti-slip-kinstone-steam-rect-90x90\/","title":{"rendered":"ANTI-SLIP KINSTONE STEAM RECT 90X90"},"content":{"rendered":"<h2><strong>ANTI-SLIP KINSTONE STEAM RECT 90X90<\/strong><\/h2><p>Scopri l&#8217;eleganza robusta di ANTI-SLIP KINSTONE STEAM RECT 90X90, una <a href=\"https:\/\/tilefly.com\/it\/piastrelle\/\">piastrella<\/a> in gres porcellanato che ridefinisce gli spazi con la sua estetica industriale e funzionalit\u00e0 superiore. Questo pezzo da 90&#215;90, rettificato per un&#8217;installazione impeccabile e giunzioni minime, cattura l&#8217;essenza del cemento e della pietra in un design armonioso. La sua tonalit\u00e0 grigiastra, con sottili variazioni e una texture che imita il cemento lucidato, aggiunge un tocco di sofisticazione discreta a qualsiasi ambiente. <a href='https:\/\/tilefly.com\/it\/prodotto\/kinfolk'>KINFOLK<\/a> si ispira alla bellezza dei materiali naturali, offrendo un&#8217;alternativa duratura e versatile per pavimenti e pareti.<\/p><p>La finitura opaca di questa piastrella non solo esalta il suo aspetto naturale, ma riduce anche i riflessi, creando un&#8217;atmosfera accogliente e confortevole. Ma ci\u00f2 che distingue realmente KINSTONE STEAM RECT \u00e8 la sua propriet\u00e0 antiscivolo, che la rende un&#8217;opzione sicura per le aree in cui l&#8217;umidit\u00e0 \u00e8 un fattore, come bagni, cucine o spazi esterni. La sua resistenza e la facile manutenzione la rendono ideale sia per progetti residenziali che commerciali, garantendo una bellezza duratura senza compromettere la sicurezza.<\/p><p>Integra l&#8217;estetica industriale e la sicurezza nei tuoi spazi con ANTI-SLIP KINSTONE STEAM RECT 90X90, una scelta intelligente per chi cerca un equilibrio perfetto tra stile e funzionalit\u00e0. Il suo design senza tempo e il suo grande formato consentono di creare ambienti moderni e minimalisti, dove la bellezza risiede nella semplicit\u00e0 e nella qualit\u00e0 dei materiali. Con <a href='https:\/\/tilefly.com\/it\/prodotto\/kinfolk'>KINFOLK<\/a>, trasforma i tuoi spazi in luoghi unici e pieni di personalit\u00e0.<\/p>","protected":false},"excerpt":{"rendered":"<p>ANTI-SLIP KINSTONE STEAM RECT 90X90Scopri l&#8217;eleganza robusta di ANTI-SLIP KINSTONE STEAM RECT 90X90, una piastrella in gres porcellanato che ridefinisce gli spazi con la sua estetica industriale e funzionalit\u00e0 superiore. Questo pezzo da 90&#215;90, rettificato per un&#8217;installazione impeccabile e giunzioni minime, cattura l&#8217;essenza del cemento e della pietra in un design armonioso. La sua tonalit\u00e0 [&hellip;]<\/p>\n","protected":false},"featured_media":553539,"comment_status":"open","ping_status":"closed","template":"","meta":[],"product_brand":[],"product_cat":[847,848,846,827],"product_tag":[],"class_list":{"0":"post-580519","1":"product","2":"type-product","3":"status-publish","4":"has-post-thumbnail","6":"product_cat-bagni","7":"product_cat-cucine","8":"product_cat-piastrelle","9":"product_cat-rivestimento","11":"first","12":"instock","13":"shipping-taxable","14":"purchasable","15":"product-type-simple"},"_links":{"self":[{"href":"https:\/\/tilefly.com\/it\/wp-json\/wp\/v2\/product\/580519","targetHints":{"allow":["GET"]}}],"collection":[{"href":"https:\/\/tilefly.com\/it\/wp-json\/wp\/v2\/product"}],"about":[{"href":"https:\/\/tilefly.com\/it\/wp-json\/wp\/v2\/types\/product"}],"replies":[{"embeddable":true,"href":"https:\/\/tilefly.com\/it\/wp-json\/wp\/v2\/comments?post=580519"}],"wp:featuredmedia":[{"embeddable":true,"href":"https:\/\/tilefly.com\/it\/wp-json\/wp\/v2\/media\/553539"}],"wp:attachment":[{"href":"https:\/\/tilefly.com\/it\/wp-json\/wp\/v2\/media?parent=580519"}],"wp:term":[{"taxonomy":"product_brand","embeddable":true,"href":"https:\/\/tilefly.com\/it\/wp-json\/wp\/v2\/product_brand?post=580519"},{"taxonomy":"product_cat","embeddable":true,"href":"https:\/\/tilefly.com\/it\/wp-json\/wp\/v2\/product_cat?post=580519"},{"taxonomy":"product_tag","embeddable":true,"href":"https:\/\/tilefly.com\/it\/wp-json\/wp\/v2\/product_tag?post=580519"}],"curies":[{"name":"wp","href":"https:\/\/api.w.org\/{rel}","templated":true}]}}