{"id":580511,"date":"2025-02-24T20:03:06","date_gmt":"2025-02-24T19:03:06","guid":{"rendered":"https:\/\/tilefly.com\/producto\/hurl-white-rect-30x90\/"},"modified":"2025-10-21T15:29:26","modified_gmt":"2025-10-21T13:29:26","slug":"hurl-white-rect-30x90","status":"publish","type":"product","link":"https:\/\/tilefly.com\/it\/prodotto\/hurl-white-rect-30x90\/","title":{"rendered":"HURL WHITE RECT 30X90"},"content":{"rendered":"<h2><strong>HURL WHITE RECT 30X90<\/strong><\/h2><p>Scopri l&#8217;eleganza sottile e la versatilit\u00e0 della <a href=\"https:\/\/tilefly.com\/it\/piastrelle\/\">piastrella<\/a> HURL WHITE RECT 30X90, un pezzo che ridefinisce gli spazi con il suo fascino minimalista. Questa piastrella, con la sua morbida tonalit\u00e0 bianca crema o avorio, evoca la purezza e la luminosit\u00e0, creando ambienti sereni e accoglienti. Il suo formato rettangolare di 30&#215;90, rettificato per un&#8217;installazione impeccabile con giunti minimi, permette di creare design continui e fluidi, ampliando visivamente lo spazio.<\/p><p>Realizzato in pasta bianca, questo rivestimento si distingue per la sua leggerezza e facilit\u00e0 di movimentazione, ideale per trasformare pareti in bagni, cucine e altri spazi interni. La sua finitura opaca fornisce una texture morbida al tatto e un&#8217;estetica discreta, evitando riflessi fastidiosi ed evidenziando la bellezza naturale del materiale. La sottile irregolarit\u00e0 nella sua superficie aggiunge un tocco di carattere e autenticit\u00e0, imitando il fascino del cemento armato, ma con la durabilit\u00e0 e la facilit\u00e0 di manutenzione della ceramica.<\/p><p>Ispirato all&#8217;architettura moderna e alla fusione di materiali, HURL WHITE RECT 30X90 fa parte dell&#8217;innovativa serie <a href='https:\/\/tilefly.com\/it\/prodotto\/hoss'>HOSS<\/a>, una collezione che celebra la versatilit\u00e0 del gres porcellanato per creare ambienti unici e personalizzati. Il suo design senza tempo e la sua palette cromatica neutra lo rendono un&#8217;opzione ideale per stili minimalisti, nordici o industriali, adattandosi alle ultime tendenze nel design degli interni. Trasforma i tuoi spazi con l&#8217;eleganza e la qualit\u00e0 di HURL WHITE RECT 30X90 e crea ambienti che riflettano il tuo stile e la tua personalit\u00e0.<\/p>","protected":false},"excerpt":{"rendered":"<p>HURL WHITE RECT 30X90Scopri l&#8217;eleganza sottile e la versatilit\u00e0 della piastrella HURL WHITE RECT 30X90, un pezzo che ridefinisce gli spazi con il suo fascino minimalista. Questa piastrella, con la sua morbida tonalit\u00e0 bianca crema o avorio, evoca la purezza e la luminosit\u00e0, creando ambienti sereni e accoglienti. Il suo formato rettangolare di 30&#215;90, rettificato [&hellip;]<\/p>\n","protected":false},"featured_media":566919,"comment_status":"open","ping_status":"closed","template":"","meta":[],"product_brand":[],"product_cat":[847,848,827],"product_tag":[],"class_list":{"0":"post-580511","1":"product","2":"type-product","3":"status-publish","4":"has-post-thumbnail","6":"product_cat-bagni","7":"product_cat-cucine","8":"product_cat-rivestimento","10":"first","11":"instock","12":"shipping-taxable","13":"purchasable","14":"product-type-simple"},"_links":{"self":[{"href":"https:\/\/tilefly.com\/it\/wp-json\/wp\/v2\/product\/580511","targetHints":{"allow":["GET"]}}],"collection":[{"href":"https:\/\/tilefly.com\/it\/wp-json\/wp\/v2\/product"}],"about":[{"href":"https:\/\/tilefly.com\/it\/wp-json\/wp\/v2\/types\/product"}],"replies":[{"embeddable":true,"href":"https:\/\/tilefly.com\/it\/wp-json\/wp\/v2\/comments?post=580511"}],"wp:featuredmedia":[{"embeddable":true,"href":"https:\/\/tilefly.com\/it\/wp-json\/wp\/v2\/media\/566919"}],"wp:attachment":[{"href":"https:\/\/tilefly.com\/it\/wp-json\/wp\/v2\/media?parent=580511"}],"wp:term":[{"taxonomy":"product_brand","embeddable":true,"href":"https:\/\/tilefly.com\/it\/wp-json\/wp\/v2\/product_brand?post=580511"},{"taxonomy":"product_cat","embeddable":true,"href":"https:\/\/tilefly.com\/it\/wp-json\/wp\/v2\/product_cat?post=580511"},{"taxonomy":"product_tag","embeddable":true,"href":"https:\/\/tilefly.com\/it\/wp-json\/wp\/v2\/product_tag?post=580511"}],"curies":[{"name":"wp","href":"https:\/\/api.w.org\/{rel}","templated":true}]}}