{"id":580509,"date":"2025-02-24T20:03:13","date_gmt":"2025-02-24T19:03:13","guid":{"rendered":"https:\/\/tilefly.com\/producto\/hurl-taupe-rect-30x90\/"},"modified":"2025-10-21T15:29:13","modified_gmt":"2025-10-21T13:29:13","slug":"hurl-taupe-rect-30x90","status":"publish","type":"product","link":"https:\/\/tilefly.com\/it\/prodotto\/hurl-taupe-rect-30x90\/","title":{"rendered":"HURL TAUPE RECT 30X90"},"content":{"rendered":"<h2><strong>HURL TAUPE RECT 30X90<\/strong><\/h2><p>Scopri l&#8217;eleganza sottile e la texture moderna con la <a href=\"https:\/\/tilefly.com\/it\/piastrelle\/\">piastrella<\/a> HURL TAUPE RECT 30X90. Il suo colore marrone chiaro, un beige morbido e accogliente, irradia calore e serenit\u00e0, trasformandola nella base perfetta per spazi pieni di armonia. Il formato rettificato di 30&#215;90 cm di questa piastrella di rivestimento permette un&#8217;installazione precisa e uniforme, minimizzando le fughe e creando superfici visivamente pulite e continue. <a href='https:\/\/tilefly.com\/it\/prodotto\/hoss'>HOSS<\/a><\/p><p>Fabbricata in pasta bianca, questa piastrella non \u00e8 solo esteticamente attraente, ma anche leggera e facile da maneggiare, il che facilita la sua posa sulle pareti. La sua caratteristica speciale di imitazione cemento apporta un tocco industriale e contemporaneo, ideale per design moderni e minimalisti. Il design a listoni orizzontali con bordi arrotondati e una texture leggermente ruvida replica fedelmente l&#8217;aspetto del cemento armato, aggiungendo un elemento tattile e visivamente interessante ai tuoi spazi.<\/p><p>La finitura opaca della piastrella HURL TAUPE RECT 30X90 ammorbidisce la luce ed evita riflessi fastidiosi, creando ambienti confortevoli e rilassanti. La sua tonalit\u00e0 neutra e calda la rende versatile e adattabile a un&#8217;ampia gamma di stili decorativi, dal moderno al rustico. Utilizzala per rivestire pareti in bagni, cucine o saloni, e goditi la bellezza e la durabilit\u00e0 di un materiale di alta qualit\u00e0 che trasformer\u00e0 i tuoi spazi in luoghi unici e pieni di stile. Il suo design dettagliato e l&#8217;attenta selezione dei materiali fanno di questa piastrella una scelta azzeccata per chi cerca un equilibrio perfetto tra estetica e funzionalit\u00e0.<\/p>","protected":false},"excerpt":{"rendered":"<p>HURL TAUPE RECT 30X90Scopri l&#8217;eleganza sottile e la texture moderna con la piastrella HURL TAUPE RECT 30X90. Il suo colore marrone chiaro, un beige morbido e accogliente, irradia calore e serenit\u00e0, trasformandola nella base perfetta per spazi pieni di armonia. Il formato rettificato di 30&#215;90 cm di questa piastrella di rivestimento permette un&#8217;installazione precisa e [&hellip;]<\/p>\n","protected":false},"featured_media":566945,"comment_status":"open","ping_status":"closed","template":"","meta":[],"product_brand":[],"product_cat":[847,848,827],"product_tag":[],"class_list":{"0":"post-580509","1":"product","2":"type-product","3":"status-publish","4":"has-post-thumbnail","6":"product_cat-bagni","7":"product_cat-cucine","8":"product_cat-rivestimento","10":"first","11":"instock","12":"shipping-taxable","13":"purchasable","14":"product-type-simple"},"_links":{"self":[{"href":"https:\/\/tilefly.com\/it\/wp-json\/wp\/v2\/product\/580509","targetHints":{"allow":["GET"]}}],"collection":[{"href":"https:\/\/tilefly.com\/it\/wp-json\/wp\/v2\/product"}],"about":[{"href":"https:\/\/tilefly.com\/it\/wp-json\/wp\/v2\/types\/product"}],"replies":[{"embeddable":true,"href":"https:\/\/tilefly.com\/it\/wp-json\/wp\/v2\/comments?post=580509"}],"wp:featuredmedia":[{"embeddable":true,"href":"https:\/\/tilefly.com\/it\/wp-json\/wp\/v2\/media\/566945"}],"wp:attachment":[{"href":"https:\/\/tilefly.com\/it\/wp-json\/wp\/v2\/media?parent=580509"}],"wp:term":[{"taxonomy":"product_brand","embeddable":true,"href":"https:\/\/tilefly.com\/it\/wp-json\/wp\/v2\/product_brand?post=580509"},{"taxonomy":"product_cat","embeddable":true,"href":"https:\/\/tilefly.com\/it\/wp-json\/wp\/v2\/product_cat?post=580509"},{"taxonomy":"product_tag","embeddable":true,"href":"https:\/\/tilefly.com\/it\/wp-json\/wp\/v2\/product_tag?post=580509"}],"curies":[{"name":"wp","href":"https:\/\/api.w.org\/{rel}","templated":true}]}}