{"id":580493,"date":"2025-02-25T01:07:50","date_gmt":"2025-02-25T00:07:50","guid":{"rendered":"https:\/\/tilefly.com\/producto\/anti-slip-illinois-white-rect-100x100\/"},"modified":"2025-10-21T15:27:34","modified_gmt":"2025-10-21T13:27:34","slug":"anti-slip-illinois-white-rect-100x100","status":"publish","type":"product","link":"https:\/\/tilefly.com\/it\/prodotto\/anti-slip-illinois-white-rect-100x100\/","title":{"rendered":"ANTI-SLIP ILLINOIS WHITE RECT 100X100"},"content":{"rendered":"<h2><strong>ANTI-SLIP ILLINOIS WHITE RECT 100X100<\/strong><\/h2><p>Scopri l&#8217;eleganza e la funzionalit\u00e0 di ANTI-SLIP ILLINOIS WHITE RECT 100X100, una <a href=\"https:\/\/tilefly.com\/it\/piastrelle\/\">piastrella<\/a> in gres porcellanato che ridefinisce gli spazi con la sua estetica ispirata al cemento. La sua tonalit\u00e0 bianca, sottilmente sfumata, evoca purezza e modernit\u00e0, integrandosi perfettamente in ambienti minimalisti e industriali. La finitura opaca di questo pezzo non solo aggiunge un tocco di raffinatezza, ma maschera anche le imperfezioni e facilita la manutenzione, garantendo una superficie impeccabile pi\u00f9 a lungo. Il suo formato di 100&#215;100 cm, rettificato per una maggiore precisione nell&#8217;installazione, permette di creare spazi ampi e continui, dove la bellezza risiede nella semplicit\u00e0. <a href='https:\/\/tilefly.com\/it\/prodotto\/illinois'>ILLINOIS<\/a> offre una soluzione versatile e duratura per pavimenti e pareti, combinando la resistenza del gres porcellanato con un design senza tempo.<\/p><p>Questa piastrella, con il suo caratteristico design che imita il cemento, presenta una superficie omogenea con leggere variazioni di colore, apportando un tocco naturale e leggermente invecchiato. La texture, seppur sottilmente granulata, \u00e8 liscia e uniforme al tatto, il che la rende ideale sia per progetti residenziali che commerciali. Inoltre, la sua propriet\u00e0 antiscivolo la rende un&#8217;opzione sicura e affidabile per le aree in cui l&#8217;umidit\u00e0 \u00e8 una preoccupazione. L&#8217;ANTI-SLIP ILLINOIS WHITE RECT 100X100 non solo abbellisce, ma offre anche tranquillit\u00e0 e comfort ad ogni passo.<\/p><p>Oltre alla sua estetica, questa piastrella si distingue per la sua resistenza e durata, tipiche del gres porcellanato. Il suo grande formato minimizza le fughe, creando una sensazione di continuit\u00e0 visiva che amplia gli spazi e facilita la pulizia. La collezione <a href='https:\/\/tilefly.com\/it\/prodotto\/illinois'>ILLINOIS<\/a> si concentra sulla bellezza senza tempo del cemento, offrendo design impressionanti che si adattano a un&#8217;ampia gamma di stili decorativi. L&#8217;ANTI-SLIP ILLINOIS WHITE RECT 100X100 \u00e8 la scelta perfetta per chi cerca un equilibrio tra estetica, funzionalit\u00e0 e sicurezza.<\/p>","protected":false},"excerpt":{"rendered":"<p>ANTI-SLIP ILLINOIS WHITE RECT 100X100Scopri l&#8217;eleganza e la funzionalit\u00e0 di ANTI-SLIP ILLINOIS WHITE RECT 100X100, una piastrella in gres porcellanato che ridefinisce gli spazi con la sua estetica ispirata al cemento. La sua tonalit\u00e0 bianca, sottilmente sfumata, evoca purezza e modernit\u00e0, integrandosi perfettamente in ambienti minimalisti e industriali. La finitura opaca di questo pezzo non [&hellip;]<\/p>\n","protected":false},"featured_media":567202,"comment_status":"open","ping_status":"closed","template":"","meta":[],"product_brand":[],"product_cat":[847,848,846,827],"product_tag":[],"class_list":{"0":"post-580493","1":"product","2":"type-product","3":"status-publish","4":"has-post-thumbnail","6":"product_cat-bagni","7":"product_cat-cucine","8":"product_cat-piastrelle","9":"product_cat-rivestimento","11":"first","12":"outofstock","13":"shipping-taxable","14":"purchasable","15":"product-type-simple"},"_links":{"self":[{"href":"https:\/\/tilefly.com\/it\/wp-json\/wp\/v2\/product\/580493","targetHints":{"allow":["GET"]}}],"collection":[{"href":"https:\/\/tilefly.com\/it\/wp-json\/wp\/v2\/product"}],"about":[{"href":"https:\/\/tilefly.com\/it\/wp-json\/wp\/v2\/types\/product"}],"replies":[{"embeddable":true,"href":"https:\/\/tilefly.com\/it\/wp-json\/wp\/v2\/comments?post=580493"}],"wp:featuredmedia":[{"embeddable":true,"href":"https:\/\/tilefly.com\/it\/wp-json\/wp\/v2\/media\/567202"}],"wp:attachment":[{"href":"https:\/\/tilefly.com\/it\/wp-json\/wp\/v2\/media?parent=580493"}],"wp:term":[{"taxonomy":"product_brand","embeddable":true,"href":"https:\/\/tilefly.com\/it\/wp-json\/wp\/v2\/product_brand?post=580493"},{"taxonomy":"product_cat","embeddable":true,"href":"https:\/\/tilefly.com\/it\/wp-json\/wp\/v2\/product_cat?post=580493"},{"taxonomy":"product_tag","embeddable":true,"href":"https:\/\/tilefly.com\/it\/wp-json\/wp\/v2\/product_tag?post=580493"}],"curies":[{"name":"wp","href":"https:\/\/api.w.org\/{rel}","templated":true}]}}