{"id":580481,"date":"2025-02-26T23:20:41","date_gmt":"2025-02-26T22:20:41","guid":{"rendered":"https:\/\/tilefly.com\/producto\/domaso-avorio-rect-60x120\/"},"modified":"2025-10-21T15:26:16","modified_gmt":"2025-10-21T13:26:16","slug":"domaso-avorio-rect-60x120","status":"publish","type":"product","link":"https:\/\/tilefly.com\/it\/prodotto\/domaso-avorio-rect-60x120\/","title":{"rendered":"DOMASO AVORIO RECT 60X120"},"content":{"rendered":"<h2><strong>DOMASO AVORIO RECT 60X120<\/strong><\/h2><p>Scopri l&#8217;eleganza senza tempo con DOMASO AVORIO RECT 60X120, un pezzo che ridefinisce il concetto di sofisticazione nei rivestimenti. Il suo delicato color avorio apporta luminosit\u00e0 e calore a qualsiasi spazio, creando ambienti accoglienti e pieni di armonia. Il formato di 60&#215;120 cm di questa <a href=\"https:\/\/tilefly.com\/it\/piastrelle\/\">piastrella<\/a> di <a href='https:\/\/tilefly.com\/it\/prodotto\/bellagio'>BELLAGIO<\/a>, insieme al suo design rettificato, garantisce un&#8217;installazione precisa e una finitura impeccabile, minimizzando le fughe e massimizzando la sensazione di continuit\u00e0 visiva.<\/p><p>Elaborato in pasta bianca di alta qualit\u00e0, questo rivestimento si distingue per la sua durabilit\u00e0 e resistenza, ideale per trasformare le tue pareti con un tocco di distinzione. La sua finitura opaca esalta la bellezza del design damasco, un modello classico di motivi ornamentali in tonalit\u00e0 beige e bianco crema che evoca l&#8217;eleganza tradizionale. Ogni dettaglio di DOMASO AVORIO \u00e8 stato attentamente progettato per offrirti un&#8217;esperienza unica, dove l&#8217;estetica si fonde con la funzionalit\u00e0.<\/p><p>Osa creare spazi tridimensionali combinando questo pezzo con altri della collezione BELLAGIO e lasciati catturare dalla sua versatilit\u00e0. Dai piccoli ai grandi formati, rilievi e decori, questa serie ti offre un&#8217;infinit\u00e0 di possibilit\u00e0 per esprimere il tuo stile personale e progettare ambienti che perdurano nel tempo. DOMASO AVORIO \u00e8 molto pi\u00f9 di un rivestimento, \u00e8 una dichiarazione di intenti che riflette la tua passione per il design e la ricerca dell&#8217;eccellenza in ogni dettaglio.<\/p>","protected":false},"excerpt":{"rendered":"<p>DOMASO AVORIO RECT 60X120Scopri l&#8217;eleganza senza tempo con DOMASO AVORIO RECT 60X120, un pezzo che ridefinisce il concetto di sofisticazione nei rivestimenti. Il suo delicato color avorio apporta luminosit\u00e0 e calore a qualsiasi spazio, creando ambienti accoglienti e pieni di armonia. Il formato di 60&#215;120 cm di questa piastrella di BELLAGIO, insieme al suo design [&hellip;]<\/p>\n","protected":false},"featured_media":567477,"comment_status":"open","ping_status":"closed","template":"","meta":[],"product_brand":[],"product_cat":[847,848,827],"product_tag":[],"class_list":{"0":"post-580481","1":"product","2":"type-product","3":"status-publish","4":"has-post-thumbnail","6":"product_cat-bagni","7":"product_cat-cucine","8":"product_cat-rivestimento","10":"first","11":"instock","12":"shipping-taxable","13":"purchasable","14":"product-type-simple"},"_links":{"self":[{"href":"https:\/\/tilefly.com\/it\/wp-json\/wp\/v2\/product\/580481","targetHints":{"allow":["GET"]}}],"collection":[{"href":"https:\/\/tilefly.com\/it\/wp-json\/wp\/v2\/product"}],"about":[{"href":"https:\/\/tilefly.com\/it\/wp-json\/wp\/v2\/types\/product"}],"replies":[{"embeddable":true,"href":"https:\/\/tilefly.com\/it\/wp-json\/wp\/v2\/comments?post=580481"}],"wp:featuredmedia":[{"embeddable":true,"href":"https:\/\/tilefly.com\/it\/wp-json\/wp\/v2\/media\/567477"}],"wp:attachment":[{"href":"https:\/\/tilefly.com\/it\/wp-json\/wp\/v2\/media?parent=580481"}],"wp:term":[{"taxonomy":"product_brand","embeddable":true,"href":"https:\/\/tilefly.com\/it\/wp-json\/wp\/v2\/product_brand?post=580481"},{"taxonomy":"product_cat","embeddable":true,"href":"https:\/\/tilefly.com\/it\/wp-json\/wp\/v2\/product_cat?post=580481"},{"taxonomy":"product_tag","embeddable":true,"href":"https:\/\/tilefly.com\/it\/wp-json\/wp\/v2\/product_tag?post=580481"}],"curies":[{"name":"wp","href":"https:\/\/api.w.org\/{rel}","templated":true}]}}