{"id":580470,"date":"2025-02-26T23:21:32","date_gmt":"2025-02-26T22:21:32","guid":{"rendered":"https:\/\/tilefly.com\/producto\/mandorla-rect-60x120\/"},"modified":"2025-10-21T15:25:05","modified_gmt":"2025-10-21T13:25:05","slug":"mandorla-rect-60x120","status":"publish","type":"product","link":"https:\/\/tilefly.com\/it\/prodotto\/mandorla-rect-60x120\/","title":{"rendered":"MANDORLA RECT 60X120"},"content":{"rendered":"<h2><strong>MANDORLA RECT 60X120<\/strong><\/h2><p>La <a href=\"https:\/\/tilefly.com\/it\/piastrelle\/\">piastrella<\/a> MANDORLA RECT 60X120, appartenente alla serie <a href='https:\/\/tilefly.com\/it\/prodotto\/bellagio'>BELLAGIO<\/a>, irradia una serenit\u00e0 senza tempo con la sua delicata tonalit\u00e0 beige. Questo colore neutro e caldo apporta luminosit\u00e0 e ampiezza a qualsiasi spazio, adattandosi con facilit\u00e0 a diversi stili decorativi, dai pi\u00f9 minimalisti ai pi\u00f9 rustici. Il suo formato di 60&#215;120 cm, combinato con il suo design rettificato, permette un&#8217;installazione precisa e uniforme, minimizzando le fughe e creando superfici visivamente continue ed eleganti.<\/p><p>Realizzata in pasta bianca, questa piastrella di rivestimento si distingue per la sua leggerezza e facilit\u00e0 di manipolazione, il che semplifica la sua posa sulle pareti. La sua finitura opaca conferisce una texture morbida e naturale al tatto, riducendo al contempo i riflessi di luce, creando ambienti pi\u00f9 accoglienti e confortevoli. La sottile venatura o texture che simula il cemento o la pietra naturale aggiunge un tocco di sofisticazione e realismo, elevando il livello estetico di qualsiasi progetto.<\/p><p>Il design decorato di questa piastrella la rende un&#8217;opzione versatile per creare pareti uniche e personalizzate. La sua superficie liscia e uniforme, senza motivi complessi, permette di combinarla con altri materiali ed elementi decorativi, come ceramiche con rilievo, piastrelle stampate o persino carta da parati. La piastrella MANDORLA RECT 60X120 \u00e8 una scelta sicura per chi cerca un rivestimento di alta qualit\u00e0, duraturo e con un design senza tempo che non passa mai di moda.<\/p>","protected":false},"excerpt":{"rendered":"<p>MANDORLA RECT 60X120La piastrella MANDORLA RECT 60X120, appartenente alla serie BELLAGIO, irradia una serenit\u00e0 senza tempo con la sua delicata tonalit\u00e0 beige. Questo colore neutro e caldo apporta luminosit\u00e0 e ampiezza a qualsiasi spazio, adattandosi con facilit\u00e0 a diversi stili decorativi, dai pi\u00f9 minimalisti ai pi\u00f9 rustici. Il suo formato di 60&#215;120 cm, combinato con [&hellip;]<\/p>\n","protected":false},"featured_media":567633,"comment_status":"open","ping_status":"closed","template":"","meta":[],"product_brand":[],"product_cat":[847,848,827],"product_tag":[],"class_list":{"0":"post-580470","1":"product","2":"type-product","3":"status-publish","4":"has-post-thumbnail","6":"product_cat-bagni","7":"product_cat-cucine","8":"product_cat-rivestimento","10":"first","11":"instock","12":"shipping-taxable","13":"purchasable","14":"product-type-simple"},"_links":{"self":[{"href":"https:\/\/tilefly.com\/it\/wp-json\/wp\/v2\/product\/580470","targetHints":{"allow":["GET"]}}],"collection":[{"href":"https:\/\/tilefly.com\/it\/wp-json\/wp\/v2\/product"}],"about":[{"href":"https:\/\/tilefly.com\/it\/wp-json\/wp\/v2\/types\/product"}],"replies":[{"embeddable":true,"href":"https:\/\/tilefly.com\/it\/wp-json\/wp\/v2\/comments?post=580470"}],"wp:featuredmedia":[{"embeddable":true,"href":"https:\/\/tilefly.com\/it\/wp-json\/wp\/v2\/media\/567633"}],"wp:attachment":[{"href":"https:\/\/tilefly.com\/it\/wp-json\/wp\/v2\/media?parent=580470"}],"wp:term":[{"taxonomy":"product_brand","embeddable":true,"href":"https:\/\/tilefly.com\/it\/wp-json\/wp\/v2\/product_brand?post=580470"},{"taxonomy":"product_cat","embeddable":true,"href":"https:\/\/tilefly.com\/it\/wp-json\/wp\/v2\/product_cat?post=580470"},{"taxonomy":"product_tag","embeddable":true,"href":"https:\/\/tilefly.com\/it\/wp-json\/wp\/v2\/product_tag?post=580470"}],"curies":[{"name":"wp","href":"https:\/\/api.w.org\/{rel}","templated":true}]}}