{"id":580423,"date":"2025-02-27T00:28:50","date_gmt":"2025-02-26T23:28:50","guid":{"rendered":"https:\/\/tilefly.com\/producto\/habitat-cappuccino-rect-30x60\/"},"modified":"2025-10-21T15:18:31","modified_gmt":"2025-10-21T13:18:31","slug":"habitat-cappuccino-rect-30x60","status":"publish","type":"product","link":"https:\/\/tilefly.com\/it\/prodotto\/habitat-cappuccino-rect-30x60\/","title":{"rendered":"HABITAT CAPPUCCINO RECT 30X60"},"content":{"rendered":"<h2><strong>HABITAT CAPPUCCINO RECT 30X60<\/strong><\/h2><p>Scopri l&#8217;eleganza sottile e il calore accogliente di HABITAT CAPPUCCINO RECT 30X60. Questa <a href=\"https:\/\/tilefly.com\/it\/piastrelle\/\">piastrella<\/a> in porcellana, con la sua finitura opaca e il design tessile intrecciato in tonalit\u00e0 grigie e beige, evoca la sensazione di un tessuto morbido e naturale. Le linee orizzontali e verticali si incrociano per creare una griglia fine che apporta profondit\u00e0 e un tocco rustico e moderno. Il colore neutro ne facilita l&#8217;integrazione in diversi stili decorativi, dai pi\u00f9 minimalisti ai pi\u00f9 classici.<\/p><p>Con un formato di 30&#215;60 e bordi rettificati, questa piastrella offre un&#8217;installazione precisa e uniforme, minimizzando le fughe e creando una superficie continua e visivamente attraente. La sua natura antiscivolo la rende ideale per aree dove la sicurezza \u00e8 fondamentale, come bagni e cucine. HABITAT CAPPUCCINO RECT 30X60 non solo abbellisce la tua casa, ma ti offre anche la tranquillit\u00e0 di un prodotto durevole e funzionale.<\/p><p>Immagina il calore di una casa in inverno, il comfort di un camino acceso e la morbidezza di un tessuto al tatto. La collezione <a href='https:\/\/tilefly.com\/it\/prodotto\/habitat'>HABITAT<\/a> cattura questa essenza, offrendoti una ceramica per viverla, per sentirla a piedi nudi e per godere della sua ampia gamma cromatica che ti permette un&#8217;infinit\u00e0 di combinazioni. Scegli HABITAT CAPPUCCINO RECT 30X60 e trasforma i tuoi spazi in rifugi di comfort e stile.<\/p>","protected":false},"excerpt":{"rendered":"<p>HABITAT CAPPUCCINO RECT 30X60Scopri l&#8217;eleganza sottile e il calore accogliente di HABITAT CAPPUCCINO RECT 30X60. Questa piastrella in porcellana, con la sua finitura opaca e il design tessile intrecciato in tonalit\u00e0 grigie e beige, evoca la sensazione di un tessuto morbido e naturale. Le linee orizzontali e verticali si incrociano per creare una griglia fine [&hellip;]<\/p>\n","protected":false},"featured_media":568484,"comment_status":"open","ping_status":"closed","template":"","meta":[],"product_brand":[],"product_cat":[847,848,846,827],"product_tag":[],"class_list":{"0":"post-580423","1":"product","2":"type-product","3":"status-publish","4":"has-post-thumbnail","6":"product_cat-bagni","7":"product_cat-cucine","8":"product_cat-piastrelle","9":"product_cat-rivestimento","11":"first","12":"instock","13":"shipping-taxable","14":"purchasable","15":"product-type-simple"},"_links":{"self":[{"href":"https:\/\/tilefly.com\/it\/wp-json\/wp\/v2\/product\/580423","targetHints":{"allow":["GET"]}}],"collection":[{"href":"https:\/\/tilefly.com\/it\/wp-json\/wp\/v2\/product"}],"about":[{"href":"https:\/\/tilefly.com\/it\/wp-json\/wp\/v2\/types\/product"}],"replies":[{"embeddable":true,"href":"https:\/\/tilefly.com\/it\/wp-json\/wp\/v2\/comments?post=580423"}],"wp:featuredmedia":[{"embeddable":true,"href":"https:\/\/tilefly.com\/it\/wp-json\/wp\/v2\/media\/568484"}],"wp:attachment":[{"href":"https:\/\/tilefly.com\/it\/wp-json\/wp\/v2\/media?parent=580423"}],"wp:term":[{"taxonomy":"product_brand","embeddable":true,"href":"https:\/\/tilefly.com\/it\/wp-json\/wp\/v2\/product_brand?post=580423"},{"taxonomy":"product_cat","embeddable":true,"href":"https:\/\/tilefly.com\/it\/wp-json\/wp\/v2\/product_cat?post=580423"},{"taxonomy":"product_tag","embeddable":true,"href":"https:\/\/tilefly.com\/it\/wp-json\/wp\/v2\/product_tag?post=580423"}],"curies":[{"name":"wp","href":"https:\/\/api.w.org\/{rel}","templated":true}]}}