{"id":580419,"date":"2025-02-27T00:37:53","date_gmt":"2025-02-26T23:37:53","guid":{"rendered":"https:\/\/tilefly.com\/producto\/loop-terracota-63x25\/"},"modified":"2025-10-21T15:18:01","modified_gmt":"2025-10-21T13:18:01","slug":"loop-terracota-63x25","status":"publish","type":"product","link":"https:\/\/tilefly.com\/it\/prodotto\/loop-terracota-63x25\/","title":{"rendered":"LOOP TERRACOTA 6,3X25"},"content":{"rendered":"<h2><strong>LOOP TERRACOTA 6,3X25<\/strong><\/h2><p>Scopri l&#8217;eleganza terrosa con la <a href=\"https:\/\/tilefly.com\/it\/piastrelle\/\">piastrella<\/a> LOOP TERRACOTA 6,3X25. Questo pezzo, ispirato all&#8217;innovazione architettonica e alla tecnologia 3D della serie <a href='https:\/\/tilefly.com\/it\/prodotto\/loop'>LOOP<\/a>, ridefinisce il concetto tradizionale della ceramica per rivestimenti. Il suo colore terra, un morbido marrone chiaro o beige rosato, evoca il calore naturale e la serenit\u00e0, creando ambienti accoglienti e sofisticati.<\/p><p>Con un formato rettangolare di 6,3X25 cm e una finitura opaca, questa piastrella in pasta bianca offre una superficie sottilmente texturizzata che gioca con la luce e le ombre. Il suo design, sebbene prevalentemente liscio e uniforme, presenta un rilievo delicato che aggiunge profondit\u00e0 visiva e un tocco moderno a qualsiasi spazio. Non essendo rettificata, mantiene un carattere artigianale che ne risalta la bellezza unica.<\/p><p>Ideale per rivestire pareti, la piastrella LOOP TERRACOTA si adatta a una variet\u00e0 di stili di design d&#8217;interni, dal minimalista al rustico moderno. La sua versatilit\u00e0 risiede nella sua capacit\u00e0 di complementare sia schemi di colore neutri che palette pi\u00f9 audaci, apportando sempre un tocco di eleganza discreta. Inoltre, essendo parte della serie Loop, questa piastrella condivide la gamma di colori della serie Four Seasons di APE, il che permette di creare combinazioni armoniose e personalizzate. La sua qualit\u00e0 decorata ne esalta il valore estetico, trasformandola in una scelta perfetta per coloro che cercano un rivestimento con carattere e distinzione. La sottile variazione tonale sulla sua superficie aggiunge un tocco di autenticit\u00e0 e naturalezza a qualsiasi progetto di design.<\/p>","protected":false},"excerpt":{"rendered":"<p>LOOP TERRACOTA 6,3X25Scopri l&#8217;eleganza terrosa con la piastrella LOOP TERRACOTA 6,3X25. Questo pezzo, ispirato all&#8217;innovazione architettonica e alla tecnologia 3D della serie LOOP, ridefinisce il concetto tradizionale della ceramica per rivestimenti. Il suo colore terra, un morbido marrone chiaro o beige rosato, evoca il calore naturale e la serenit\u00e0, creando ambienti accoglienti e sofisticati.Con un [&hellip;]<\/p>\n","protected":false},"featured_media":568537,"comment_status":"open","ping_status":"closed","template":"","meta":[],"product_brand":[],"product_cat":[847,848,827],"product_tag":[],"class_list":{"0":"post-580419","1":"product","2":"type-product","3":"status-publish","4":"has-post-thumbnail","6":"product_cat-bagni","7":"product_cat-cucine","8":"product_cat-rivestimento","10":"first","11":"instock","12":"shipping-taxable","13":"purchasable","14":"product-type-simple"},"_links":{"self":[{"href":"https:\/\/tilefly.com\/it\/wp-json\/wp\/v2\/product\/580419","targetHints":{"allow":["GET"]}}],"collection":[{"href":"https:\/\/tilefly.com\/it\/wp-json\/wp\/v2\/product"}],"about":[{"href":"https:\/\/tilefly.com\/it\/wp-json\/wp\/v2\/types\/product"}],"replies":[{"embeddable":true,"href":"https:\/\/tilefly.com\/it\/wp-json\/wp\/v2\/comments?post=580419"}],"wp:featuredmedia":[{"embeddable":true,"href":"https:\/\/tilefly.com\/it\/wp-json\/wp\/v2\/media\/568537"}],"wp:attachment":[{"href":"https:\/\/tilefly.com\/it\/wp-json\/wp\/v2\/media?parent=580419"}],"wp:term":[{"taxonomy":"product_brand","embeddable":true,"href":"https:\/\/tilefly.com\/it\/wp-json\/wp\/v2\/product_brand?post=580419"},{"taxonomy":"product_cat","embeddable":true,"href":"https:\/\/tilefly.com\/it\/wp-json\/wp\/v2\/product_cat?post=580419"},{"taxonomy":"product_tag","embeddable":true,"href":"https:\/\/tilefly.com\/it\/wp-json\/wp\/v2\/product_tag?post=580419"}],"curies":[{"name":"wp","href":"https:\/\/api.w.org\/{rel}","templated":true}]}}