{"id":580300,"date":"2025-04-02T16:09:09","date_gmt":"2025-04-02T14:09:09","guid":{"rendered":"https:\/\/tilefly.com\/producto\/pursue-pearl-light-mt-333x90-rect-2\/"},"modified":"2025-10-21T14:56:11","modified_gmt":"2025-10-21T12:56:11","slug":"pursue-pearl-light-mt-333x90-rect-2","status":"publish","type":"product","link":"https:\/\/tilefly.com\/it\/prodotto\/pursue-pearl-light-mt-333x90-rect-2\/","title":{"rendered":"PURSUE PEARL LIGHT MT 33,3X90 RECT"},"content":{"rendered":"<h2>PURSUE PEARL LIGHT MT 33,3X90 RECT<\/h2><p>La <a href=\"https:\/\/tilefly.com\/it\/piastrelle\/\">piastrella<\/a> <b>PURSUE PEARL LIGHT MT 33,3X90 RECT<\/b> in colore perla offre l&#8217;eleganza sottile del cemento levigato in un formato pratico per rivestimenti. La sua finitura opaca e l&#8217;imitazione del cemento con leggere variazioni di tono e piccoli punti scuri le conferiscono un aspetto naturale e versatile, ideale per diversi stili decorativi. Essendo rettificata, permette giunti pi\u00f9 sottili per un aspetto pi\u00f9 continuo e moderno. Questa piastrella in pasta bianca \u00e8 perfetta per creare ambienti luminosi e sofisticati in pareti interne.<a href='https:\/\/tilefly.com\/it\/prodotto\/pursue'>PURSUE<\/a><\/p>","protected":false},"excerpt":{"rendered":"<p>PURSUE PEARL LIGHT MT 33,3X90 RECTLa piastrella PURSUE PEARL LIGHT MT 33,3X90 RECT in colore perla offre l&#8217;eleganza sottile del cemento levigato in un formato pratico per rivestimenti. La sua finitura opaca e l&#8217;imitazione del cemento con leggere variazioni di tono e piccoli punti scuri le conferiscono un aspetto naturale e versatile, ideale per diversi [&hellip;]<\/p>\n","protected":false},"featured_media":570862,"comment_status":"open","ping_status":"closed","template":"","meta":[],"product_brand":[],"product_cat":[847,848,827],"product_tag":[],"class_list":{"0":"post-580300","1":"product","2":"type-product","3":"status-publish","4":"has-post-thumbnail","6":"product_cat-bagni","7":"product_cat-cucine","8":"product_cat-rivestimento","10":"first","11":"instock","12":"shipping-taxable","13":"purchasable","14":"product-type-simple"},"_links":{"self":[{"href":"https:\/\/tilefly.com\/it\/wp-json\/wp\/v2\/product\/580300","targetHints":{"allow":["GET"]}}],"collection":[{"href":"https:\/\/tilefly.com\/it\/wp-json\/wp\/v2\/product"}],"about":[{"href":"https:\/\/tilefly.com\/it\/wp-json\/wp\/v2\/types\/product"}],"replies":[{"embeddable":true,"href":"https:\/\/tilefly.com\/it\/wp-json\/wp\/v2\/comments?post=580300"}],"wp:featuredmedia":[{"embeddable":true,"href":"https:\/\/tilefly.com\/it\/wp-json\/wp\/v2\/media\/570862"}],"wp:attachment":[{"href":"https:\/\/tilefly.com\/it\/wp-json\/wp\/v2\/media?parent=580300"}],"wp:term":[{"taxonomy":"product_brand","embeddable":true,"href":"https:\/\/tilefly.com\/it\/wp-json\/wp\/v2\/product_brand?post=580300"},{"taxonomy":"product_cat","embeddable":true,"href":"https:\/\/tilefly.com\/it\/wp-json\/wp\/v2\/product_cat?post=580300"},{"taxonomy":"product_tag","embeddable":true,"href":"https:\/\/tilefly.com\/it\/wp-json\/wp\/v2\/product_tag?post=580300"}],"curies":[{"name":"wp","href":"https:\/\/api.w.org\/{rel}","templated":true}]}}