{"id":580261,"date":"2025-04-02T16:27:59","date_gmt":"2025-04-02T14:27:59","guid":{"rendered":"https:\/\/tilefly.com\/producto\/pursue-pearl-mt-45x45-2\/"},"modified":"2025-10-21T14:51:34","modified_gmt":"2025-10-21T12:51:34","slug":"pursue-pearl-mt-45x45-2","status":"publish","type":"product","link":"https:\/\/tilefly.com\/it\/prodotto\/pursue-pearl-mt-45x45-2\/","title":{"rendered":"PURSUE PEARL MT 45X45"},"content":{"rendered":"<h2>PURSUE PEARL MT 45X45<\/h2><p>Scopri l&#8217;eleganza discreta della <a href=\"https:\/\/tilefly.com\/it\/piastrelle\/\">piastrella<\/a> <b>PURSUE PEARL MT 45X45<\/b>. Con un delicato color perla, questa piastrella di <a href='https:\/\/tilefly.com\/it\/prodotto\/pursue'>PURSUE<\/a> dona luminosit\u00e0 e serenit\u00e0 a qualsiasi spazio. Il suo formato di 45&#215;45 cm, non rettificato, facilita un&#8217;installazione tradizionale con fughe visibili, ideale per chi cerca un tocco autentico. Realizzata in gres porcellanato smaltato opaco, questa piastrella offre durabilit\u00e0 e resistenza sia per pavimenti che per pareti, rendendola un&#8217;opzione versatile per tutta la casa.<\/p><p>L&#8217;imitazione cemento di questa piastrella cattura l&#8217;essenza del design industriale con una morbidezza ineguagliabile. La sua finitura opaca non solo fornisce una superficie antiscivolo, ma esalta anche la sottigliezza della sua texture granulata, creando un ambiente accogliente e moderno. L&#8217;assenza di disegni o motivi marcati favorisce la sua integrazione in diversi stili decorativi, dai pi\u00f9 minimalisti ai pi\u00f9 eclettici. La sua tonalit\u00e0 neutra, tra bianco osso e beige chiaro, permette di combinarla facilmente con altri materiali e colori, offrendo infinite possibilit\u00e0 creative.<\/p><p>La serie <a href='https:\/\/tilefly.com\/it\/prodotto\/pursue'>PURSUE<\/a> offre una soluzione completa per il tuo progetto di interior design, e questo modello in particolare si distingue per il suo equilibrio tra estetica e funzionalit\u00e0. Che sia per rivestire un bagno, un soggiorno o una cucina, la piastrella PURSUE PEARL MT 45X45 trasformer\u00e0 il tuo spazio in un rifugio di calma e stile. La sua facile manutenzione e la sua resistenza all&#8217;usura garantiscono un investimento duraturo, che ti permetter\u00e0 di godere della sua bellezza per molti anni.<\/p>","protected":false},"excerpt":{"rendered":"<p>PURSUE PEARL MT 45X45Scopri l&#8217;eleganza discreta della piastrella PURSUE PEARL MT 45X45. Con un delicato color perla, questa piastrella di PURSUE dona luminosit\u00e0 e serenit\u00e0 a qualsiasi spazio. Il suo formato di 45&#215;45 cm, non rettificato, facilita un&#8217;installazione tradizionale con fughe visibili, ideale per chi cerca un tocco autentico. Realizzata in gres porcellanato smaltato opaco, [&hellip;]<\/p>\n","protected":false},"featured_media":571315,"comment_status":"open","ping_status":"closed","template":"","meta":[],"product_brand":[],"product_cat":[847,848,846,827],"product_tag":[],"class_list":{"0":"post-580261","1":"product","2":"type-product","3":"status-publish","4":"has-post-thumbnail","6":"product_cat-bagni","7":"product_cat-cucine","8":"product_cat-piastrelle","9":"product_cat-rivestimento","11":"first","12":"instock","13":"shipping-taxable","14":"purchasable","15":"product-type-simple"},"_links":{"self":[{"href":"https:\/\/tilefly.com\/it\/wp-json\/wp\/v2\/product\/580261","targetHints":{"allow":["GET"]}}],"collection":[{"href":"https:\/\/tilefly.com\/it\/wp-json\/wp\/v2\/product"}],"about":[{"href":"https:\/\/tilefly.com\/it\/wp-json\/wp\/v2\/types\/product"}],"replies":[{"embeddable":true,"href":"https:\/\/tilefly.com\/it\/wp-json\/wp\/v2\/comments?post=580261"}],"wp:featuredmedia":[{"embeddable":true,"href":"https:\/\/tilefly.com\/it\/wp-json\/wp\/v2\/media\/571315"}],"wp:attachment":[{"href":"https:\/\/tilefly.com\/it\/wp-json\/wp\/v2\/media?parent=580261"}],"wp:term":[{"taxonomy":"product_brand","embeddable":true,"href":"https:\/\/tilefly.com\/it\/wp-json\/wp\/v2\/product_brand?post=580261"},{"taxonomy":"product_cat","embeddable":true,"href":"https:\/\/tilefly.com\/it\/wp-json\/wp\/v2\/product_cat?post=580261"},{"taxonomy":"product_tag","embeddable":true,"href":"https:\/\/tilefly.com\/it\/wp-json\/wp\/v2\/product_tag?post=580261"}],"curies":[{"name":"wp","href":"https:\/\/api.w.org\/{rel}","templated":true}]}}