{"id":580139,"date":"2025-04-11T18:33:46","date_gmt":"2025-04-11T16:33:46","guid":{"rendered":"https:\/\/tilefly.com\/producto\/savannah-grey-10x10\/"},"modified":"2025-10-21T14:29:03","modified_gmt":"2025-10-21T12:29:03","slug":"savannah-grey-10x10","status":"publish","type":"product","link":"https:\/\/tilefly.com\/it\/prodotto\/savannah-grey-10x10\/","title":{"rendered":"SAVANNAH GREY 10X10"},"content":{"rendered":"<h2><strong>SAVANNAH GREY 10X10<\/strong><\/h2><p>Scopri l&#8217;eleganza sottile e senza tempo con la <a href=\"https:\/\/tilefly.com\/it\/piastrelle\/\">piastrella<\/a> SAVANNAH GREY 10X10. Questo pezzo, ispirato alla bellezza del sud di Savannah, cattura l&#8217;essenza delle sue strade acciottolate e la tavolozza di colori unica della citt\u00e0. Il colore grigio tenue, con le sue variazioni tonali, evoca la serenit\u00e0 dei suoi paesaggi urbani, mentre la sua finitura lucida aggiunge un tocco di sofisticazione a qualsiasi spazio. Questa piastrella in pasta bianca, ideale per rivestire le pareti, offre un&#8217;estetica di cemento lucidato che si abbina perfettamente a stili moderni, industriali o rustici. Il suo formato di 10&#215;10 la rende un&#8217;opzione versatile per creare motivi e design personalizzati. <\/p><p>La <a href='https:\/\/tilefly.com\/it\/prodotto\/savannah'>SAVANNAH<\/a> GREY 10X10 non \u00e8 rettificata, il che le conferisce un fascino artigianale e un carattere distintivo. Ogni piastrella racconta una storia, con i suoi bordi leggermente irregolari e la sua texture sottilmente granulata. Queste caratteristiche uniche contribuiscono a creare un ambiente accogliente e pieno di personalit\u00e0 in ogni stanza. Immagina di trasformare la tua cucina, bagno o soggiorno con questo rivestimento che evoca la bellezza naturale e la storia di Savannah. <\/p><p>Se cerchi un rivestimento che combini stile, qualit\u00e0 e durata, la SAVANNAH GREY 10X10 \u00e8 la scelta perfetta. La sua imitazione di cemento, realizzata con cura, apporta un tocco di modernit\u00e0 e sofisticazione senza rinunciare al calore e al fascino dei materiali naturali. Osa creare spazi unici e pieni di personalit\u00e0 con questa piastrella che ti trasporter\u00e0 nella magica citt\u00e0 di Savannah.<\/p>","protected":false},"excerpt":{"rendered":"<p>SAVANNAH GREY 10X10Scopri l&#8217;eleganza sottile e senza tempo con la piastrella SAVANNAH GREY 10X10. Questo pezzo, ispirato alla bellezza del sud di Savannah, cattura l&#8217;essenza delle sue strade acciottolate e la tavolozza di colori unica della citt\u00e0. Il colore grigio tenue, con le sue variazioni tonali, evoca la serenit\u00e0 dei suoi paesaggi urbani, mentre la [&hellip;]<\/p>\n","protected":false},"featured_media":572206,"comment_status":"open","ping_status":"closed","template":"","meta":[],"product_brand":[],"product_cat":[847,848,827],"product_tag":[],"class_list":{"0":"post-580139","1":"product","2":"type-product","3":"status-publish","4":"has-post-thumbnail","6":"product_cat-bagni","7":"product_cat-cucine","8":"product_cat-rivestimento","10":"first","11":"instock","12":"shipping-taxable","13":"purchasable","14":"product-type-simple"},"_links":{"self":[{"href":"https:\/\/tilefly.com\/it\/wp-json\/wp\/v2\/product\/580139","targetHints":{"allow":["GET"]}}],"collection":[{"href":"https:\/\/tilefly.com\/it\/wp-json\/wp\/v2\/product"}],"about":[{"href":"https:\/\/tilefly.com\/it\/wp-json\/wp\/v2\/types\/product"}],"replies":[{"embeddable":true,"href":"https:\/\/tilefly.com\/it\/wp-json\/wp\/v2\/comments?post=580139"}],"wp:featuredmedia":[{"embeddable":true,"href":"https:\/\/tilefly.com\/it\/wp-json\/wp\/v2\/media\/572206"}],"wp:attachment":[{"href":"https:\/\/tilefly.com\/it\/wp-json\/wp\/v2\/media?parent=580139"}],"wp:term":[{"taxonomy":"product_brand","embeddable":true,"href":"https:\/\/tilefly.com\/it\/wp-json\/wp\/v2\/product_brand?post=580139"},{"taxonomy":"product_cat","embeddable":true,"href":"https:\/\/tilefly.com\/it\/wp-json\/wp\/v2\/product_cat?post=580139"},{"taxonomy":"product_tag","embeddable":true,"href":"https:\/\/tilefly.com\/it\/wp-json\/wp\/v2\/product_tag?post=580139"}],"curies":[{"name":"wp","href":"https:\/\/api.w.org\/{rel}","templated":true}]}}