{"id":580131,"date":"2025-05-07T18:31:39","date_gmt":"2025-05-07T16:31:39","guid":{"rendered":"https:\/\/tilefly.com\/producto\/triunfo-natural-mt-30x60-inout\/"},"modified":"2025-10-21T14:28:20","modified_gmt":"2025-10-21T12:28:20","slug":"triunfo-natural-mt-30x60-inout","status":"publish","type":"product","link":"https:\/\/tilefly.com\/it\/prodotto\/triunfo-natural-mt-30x60-inout\/","title":{"rendered":"TRIUNFO NATURAL MT 30X60 INOUT"},"content":{"rendered":"<h2><strong>TRIUNFO NATURAL MT 30X60 INOUT<\/strong><\/h2><p>La <a href=\"https:\/\/tilefly.com\/it\/piastrelle\/\">piastrella<\/a> TRIUNFO NATURAL nel formato 30&#215;60 \u00e8 un elegante rivestimento in gres porcellanato color Beige, che presenta una finitura Opaca. Questo prodotto non \u00e8 rettificato, il che gli conferisce un carattere pi\u00f9 naturale e autentico. Perfetto per interni ed esterni, il suo design versatile si adatta a qualsiasi stile decorativo, donando calore e sofisticazione ai tuoi spazi.<\/p>","protected":false},"excerpt":{"rendered":"<p>TRIUNFO NATURAL MT 30X60 INOUTLa piastrella TRIUNFO NATURAL nel formato 30&#215;60 \u00e8 un elegante rivestimento in gres porcellanato color Beige, che presenta una finitura Opaca. Questo prodotto non \u00e8 rettificato, il che gli conferisce un carattere pi\u00f9 naturale e autentico. Perfetto per interni ed esterni, il suo design versatile si adatta a qualsiasi stile decorativo, [&hellip;]<\/p>\n","protected":false},"featured_media":572833,"comment_status":"open","ping_status":"closed","template":"","meta":[],"product_brand":[],"product_cat":[847,848,846,827],"product_tag":[],"class_list":{"0":"post-580131","1":"product","2":"type-product","3":"status-publish","4":"has-post-thumbnail","6":"product_cat-bagni","7":"product_cat-cucine","8":"product_cat-piastrelle","9":"product_cat-rivestimento","11":"first","12":"instock","13":"shipping-taxable","14":"purchasable","15":"product-type-simple"},"_links":{"self":[{"href":"https:\/\/tilefly.com\/it\/wp-json\/wp\/v2\/product\/580131","targetHints":{"allow":["GET"]}}],"collection":[{"href":"https:\/\/tilefly.com\/it\/wp-json\/wp\/v2\/product"}],"about":[{"href":"https:\/\/tilefly.com\/it\/wp-json\/wp\/v2\/types\/product"}],"replies":[{"embeddable":true,"href":"https:\/\/tilefly.com\/it\/wp-json\/wp\/v2\/comments?post=580131"}],"wp:featuredmedia":[{"embeddable":true,"href":"https:\/\/tilefly.com\/it\/wp-json\/wp\/v2\/media\/572833"}],"wp:attachment":[{"href":"https:\/\/tilefly.com\/it\/wp-json\/wp\/v2\/media?parent=580131"}],"wp:term":[{"taxonomy":"product_brand","embeddable":true,"href":"https:\/\/tilefly.com\/it\/wp-json\/wp\/v2\/product_brand?post=580131"},{"taxonomy":"product_cat","embeddable":true,"href":"https:\/\/tilefly.com\/it\/wp-json\/wp\/v2\/product_cat?post=580131"},{"taxonomy":"product_tag","embeddable":true,"href":"https:\/\/tilefly.com\/it\/wp-json\/wp\/v2\/product_tag?post=580131"}],"curies":[{"name":"wp","href":"https:\/\/api.w.org\/{rel}","templated":true}]}}