{"id":580104,"date":"2025-05-19T19:39:17","date_gmt":"2025-05-19T17:39:17","guid":{"rendered":"https:\/\/tilefly.com\/producto\/3db-telma-ash-mt-23x120-rect\/"},"modified":"2025-10-21T14:25:28","modified_gmt":"2025-10-21T12:25:28","slug":"3db-telma-ash-mt-23x120-rect","status":"publish","type":"product","link":"https:\/\/tilefly.com\/it\/prodotto\/3db-telma-ash-mt-23x120-rect\/","title":{"rendered":"3DB TELMA ASH MT 23X120 RECT"},"content":{"rendered":"<h2>Piastrella in Gr\u00e8s Porcellanato Opaco 3DB TELMA ASH MT 23X120 RETT<\/h2><p>Scopri l&#8217;eleganza naturale con la <a href=\"https:\/\/tilefly.com\/it\/piastrelle\/\">piastrella<\/a> 3DB TELMA ASH MT 23X120 RETT, un elemento che ridefinisce la bellezza degli spazi. Questa piastrella in gr\u00e8s porcellanato, con la sua finitura opaca e il design effetto legno, cattura l&#8217;essenza del rovere italiano in una tonalit\u00e0 cenere tenue e sofisticata. Il formato di 23&#215;120 cm, combinato con la sua rettifica precisa, consente un&#8217;installazione impeccabile con fughe minime, creando una superficie continua e visivamente attraente. <a href='https:\/\/tilefly.com\/it\/prodotto\/telma'>TELMA<\/a><\/p><p>Il colore cenere, un beige chiaro con sottili variazioni di tonalit\u00e0, evoca il calore e la serenit\u00e0 del legno naturale, mentre il design meticoloso riproduce le venature e i nodi caratteristici del rovere con un realismo sorprendente. La sua texture opaca, morbida al tatto, aggiunge un tocco di autenticit\u00e0, rendendo ogni piastrella un&#8217;esperienza sensoriale unica. Questa piastrella \u00e8 ideale per chi cerca il calore del legno senza rinunciare alla durata e alla facilit\u00e0 di manutenzione del gres porcellanato.<\/p><p>Perfetta per pavimenti e pareti, la 3DB TELMA ASH MT trasforma qualsiasi ambiente in un rifugio di stile e comfort. Che sia in salotti, camere da letto o spazi commerciali, la sua versatilit\u00e0 si adatta a qualsiasi stile di arredamento, dal pi\u00f9 moderno al pi\u00f9 rustico. La sua resistenza all&#8217;usura e alle macchie garantisce una bellezza duratura, mentre la sua facile pulizia semplifica la manutenzione quotidiana. Scegli la piastrella 3DB TELMA ASH MT per creare spazi che riflettano il tuo buon gusto e la passione per i dettagli.<\/p>","protected":false},"excerpt":{"rendered":"<p>Piastrella in Gr\u00e8s Porcellanato Opaco 3DB TELMA ASH MT 23X120 RETTScopri l&#8217;eleganza naturale con la piastrella 3DB TELMA ASH MT 23X120 RETT, un elemento che ridefinisce la bellezza degli spazi. Questa piastrella in gr\u00e8s porcellanato, con la sua finitura opaca e il design effetto legno, cattura l&#8217;essenza del rovere italiano in una tonalit\u00e0 cenere tenue [&hellip;]<\/p>\n","protected":false},"featured_media":573372,"comment_status":"open","ping_status":"closed","template":"","meta":[],"product_brand":[],"product_cat":[847,848,846,827],"product_tag":[],"class_list":{"0":"post-580104","1":"product","2":"type-product","3":"status-publish","4":"has-post-thumbnail","6":"product_cat-bagni","7":"product_cat-cucine","8":"product_cat-piastrelle","9":"product_cat-rivestimento","11":"first","12":"instock","13":"shipping-taxable","14":"purchasable","15":"product-type-simple"},"_links":{"self":[{"href":"https:\/\/tilefly.com\/it\/wp-json\/wp\/v2\/product\/580104","targetHints":{"allow":["GET"]}}],"collection":[{"href":"https:\/\/tilefly.com\/it\/wp-json\/wp\/v2\/product"}],"about":[{"href":"https:\/\/tilefly.com\/it\/wp-json\/wp\/v2\/types\/product"}],"replies":[{"embeddable":true,"href":"https:\/\/tilefly.com\/it\/wp-json\/wp\/v2\/comments?post=580104"}],"wp:featuredmedia":[{"embeddable":true,"href":"https:\/\/tilefly.com\/it\/wp-json\/wp\/v2\/media\/573372"}],"wp:attachment":[{"href":"https:\/\/tilefly.com\/it\/wp-json\/wp\/v2\/media?parent=580104"}],"wp:term":[{"taxonomy":"product_brand","embeddable":true,"href":"https:\/\/tilefly.com\/it\/wp-json\/wp\/v2\/product_brand?post=580104"},{"taxonomy":"product_cat","embeddable":true,"href":"https:\/\/tilefly.com\/it\/wp-json\/wp\/v2\/product_cat?post=580104"},{"taxonomy":"product_tag","embeddable":true,"href":"https:\/\/tilefly.com\/it\/wp-json\/wp\/v2\/product_tag?post=580104"}],"curies":[{"name":"wp","href":"https:\/\/api.w.org\/{rel}","templated":true}]}}